{"id":8730,"date":"2025-07-03T10:36:57","date_gmt":"2025-07-03T09:36:57","guid":{"rendered":"https:\/\/mybrazil.co.uk\/?post_type=product&#038;p=8730"},"modified":"2026-03-24T12:49:52","modified_gmt":"2026-03-24T12:49:52","slug":"cevada-soluvel-200g","status":"publish","type":"product","link":"https:\/\/mybrazil.co.uk\/en\/shop\/cevada-soluvel-200g\/","title":{"rendered":"Cevada Soluvel 200g Pensal"},"content":{"rendered":"<p>Bebida sol\u00favel de cereais \u00e0 base de 100 % cevada natural \u2014 <span class=\"entity-underline hover:entity-accent inline cursor-pointer align-baseline\"><span class=\"whitespace-normal\">Cevada Sol\u00favel Pensal\u202f200\u202fg<\/span><\/span>. Uma alternativa suave ao caf\u00e9, sem cafe\u00edna, que pode ser preparada com \u00e1gua ou leite. Rico em fibra, <strong data-start=\"426\" data-end=\"454\">sem gorduras adicionadas<\/strong> e <strong data-start=\"457\" data-end=\"485\">sem a\u00e7\u00facares adicionados<\/strong> (apenas os naturalmente presentes no cereal). Ideal para qualquer momento do dia \u2014 experimente antes de dormir para uma noite mais reconfortante.<\/p>\n<p>Ingredientes \/ Ingredients: CEVADA, CEVADA malteada.<\/p>","protected":false},"excerpt":{"rendered":"<p>Bebida sol\u00favel de cereais \u00e0 base de 100 % cevada natural \u2014 Cevada Sol\u00favel Pensal\u202f200\u202fg. Uma alternativa suave ao caf\u00e9, sem cafe\u00edna, que pode ser preparada com \u00e1gua ou leite. Rico em fibra, sem gorduras adicionadas e sem a\u00e7\u00facares adicionados (apenas os naturalmente presentes no cereal). Ideal para qualquer momento do dia \u2014 experimente antes [&hellip;]<\/p>","protected":false},"featured_media":8731,"comment_status":"open","ping_status":"closed","template":"","meta":{"_acf_changed":false,"_glsr_average":0,"_glsr_ranking":0,"_glsr_reviews":0},"product_brand":[],"product_cat":[107,43],"product_tag":[],"class_list":{"0":"post-8730","1":"product","2":"type-product","3":"status-publish","4":"has-post-thumbnail","6":"product_cat-cafes","7":"product_cat-grocery","9":"first","10":"instock","11":"taxable","12":"shipping-taxable","13":"purchasable","14":"product-type-simple"},"acf":[],"_links":{"self":[{"href":"https:\/\/mybrazil.co.uk\/en\/wp-json\/wp\/v2\/product\/8730","targetHints":{"allow":["GET"]}}],"collection":[{"href":"https:\/\/mybrazil.co.uk\/en\/wp-json\/wp\/v2\/product"}],"about":[{"href":"https:\/\/mybrazil.co.uk\/en\/wp-json\/wp\/v2\/types\/product"}],"replies":[{"embeddable":true,"href":"https:\/\/mybrazil.co.uk\/en\/wp-json\/wp\/v2\/comments?post=8730"}],"wp:featuredmedia":[{"embeddable":true,"href":"https:\/\/mybrazil.co.uk\/en\/wp-json\/wp\/v2\/media\/8731"}],"wp:attachment":[{"href":"https:\/\/mybrazil.co.uk\/en\/wp-json\/wp\/v2\/media?parent=8730"}],"wp:term":[{"taxonomy":"product_brand","embeddable":true,"href":"https:\/\/mybrazil.co.uk\/en\/wp-json\/wp\/v2\/product_brand?post=8730"},{"taxonomy":"product_cat","embeddable":true,"href":"https:\/\/mybrazil.co.uk\/en\/wp-json\/wp\/v2\/product_cat?post=8730"},{"taxonomy":"product_tag","embeddable":true,"href":"https:\/\/mybrazil.co.uk\/en\/wp-json\/wp\/v2\/product_tag?post=8730"}],"curies":[{"name":"wp","href":"https:\/\/api.w.org\/{rel}","templated":true}]}}