{"id":8657,"date":"2025-06-18T18:18:12","date_gmt":"2025-06-18T17:18:12","guid":{"rendered":"https:\/\/mybrazil.co.uk\/?post_type=product&#038;p=8657"},"modified":"2026-04-21T18:54:09","modified_gmt":"2026-04-21T17:54:09","slug":"carne-seca-450g-600g","status":"publish","type":"product","link":"https:\/\/mybrazil.co.uk\/en\/shop\/carne-seca-450g-600g\/","title":{"rendered":"Carne Seca (360g-470g)"},"content":{"rendered":"<p>A Carne Seca, \u00e9 uma especialidade tradicional brasileira feita de carne bovina salgada e desidratada. Com sabor intenso e textura \u00fanica, \u00e9 perfeita para preparar pratos cl\u00e1ssicos como feijoada, escondidinho e outras receitas aut\u00eanticas.<\/p>","protected":false},"excerpt":{"rendered":"<p>A Carne Seca, \u00e9 uma especialidade tradicional brasileira feita de carne bovina salgada e desidratada. Com sabor intenso e textura \u00fanica, \u00e9 perfeita para preparar pratos cl\u00e1ssicos como feijoada, escondidinho e outras receitas aut\u00eanticas.<\/p>","protected":false},"featured_media":8660,"comment_status":"open","ping_status":"closed","template":"","meta":{"_acf_changed":false,"_glsr_average":0,"_glsr_ranking":0,"_glsr_reviews":0},"product_brand":[],"product_cat":[44,84,43],"product_tag":[],"class_list":{"0":"post-8657","1":"product","2":"type-product","3":"status-publish","4":"has-post-thumbnail","6":"product_cat-meat","7":"product_cat-meat-2","8":"product_cat-grocery","10":"first","11":"instock","12":"taxable","13":"shipping-taxable","14":"purchasable","15":"product-type-simple"},"acf":[],"_links":{"self":[{"href":"https:\/\/mybrazil.co.uk\/en\/wp-json\/wp\/v2\/product\/8657","targetHints":{"allow":["GET"]}}],"collection":[{"href":"https:\/\/mybrazil.co.uk\/en\/wp-json\/wp\/v2\/product"}],"about":[{"href":"https:\/\/mybrazil.co.uk\/en\/wp-json\/wp\/v2\/types\/product"}],"replies":[{"embeddable":true,"href":"https:\/\/mybrazil.co.uk\/en\/wp-json\/wp\/v2\/comments?post=8657"}],"wp:featuredmedia":[{"embeddable":true,"href":"https:\/\/mybrazil.co.uk\/en\/wp-json\/wp\/v2\/media\/8660"}],"wp:attachment":[{"href":"https:\/\/mybrazil.co.uk\/en\/wp-json\/wp\/v2\/media?parent=8657"}],"wp:term":[{"taxonomy":"product_brand","embeddable":true,"href":"https:\/\/mybrazil.co.uk\/en\/wp-json\/wp\/v2\/product_brand?post=8657"},{"taxonomy":"product_cat","embeddable":true,"href":"https:\/\/mybrazil.co.uk\/en\/wp-json\/wp\/v2\/product_cat?post=8657"},{"taxonomy":"product_tag","embeddable":true,"href":"https:\/\/mybrazil.co.uk\/en\/wp-json\/wp\/v2\/product_tag?post=8657"}],"curies":[{"name":"wp","href":"https:\/\/api.w.org\/{rel}","templated":true}]}}