{"id":8571,"date":"2025-06-13T12:38:13","date_gmt":"2025-06-13T11:38:13","guid":{"rendered":"https:\/\/mybrazil.co.uk\/?post_type=product&#038;p=8571"},"modified":"2026-04-08T15:21:59","modified_gmt":"2026-04-08T14:21:59","slug":"sardinha-em-azeite-84g-bom-petisco","status":"publish","type":"product","link":"https:\/\/mybrazil.co.uk\/en\/shop\/sardinha-em-azeite-84g-bom-petisco\/","title":{"rendered":"Sardinha em Azeite 120g Bom Petisco"},"content":{"rendered":"<p>\u2077onserva premium de sardinha-pilchardus capturada em \u00e1guas atl\u00e2nticas, cuidadosamente seleccionada e conservada em azeite e sal. Este produto oferece 120 g de conte\u00fado bruto (peso escorrido cerca de 84 g). Rico em prote\u00edna (aproximadamente 20 g por 100 g) e em gorduras saud\u00e1veis, \u00e9 uma op\u00e7\u00e3o pr\u00e1tica, saborosa e nutritiva para petiscar, acompanhar tostas, saladas ou fazer pratos r\u00e1pidos. Segundo o fabricante, as sardinhas embaladas pela Bom Petisco privilegiam &#8220;teor de gordura elevado&#8221; para real\u00e7ar sabor e textura semelhantes \u00e0s sardinhas frescas.<\/p>","protected":false},"excerpt":{"rendered":"<p>\u2077onserva premium de sardinha-pilchardus capturada em \u00e1guas atl\u00e2nticas, cuidadosamente seleccionada e conservada em azeite e sal. Este produto oferece 120 g de conte\u00fado bruto (peso escorrido cerca de 84 g). Rico em prote\u00edna (aproximadamente 20 g por 100 g) e em gorduras saud\u00e1veis, \u00e9 uma op\u00e7\u00e3o pr\u00e1tica, saborosa e nutritiva para petiscar, acompanhar tostas, saladas [&hellip;]<\/p>","protected":false},"featured_media":8572,"comment_status":"open","ping_status":"closed","template":"","meta":{"_acf_changed":false,"_glsr_average":0,"_glsr_ranking":0,"_glsr_reviews":0},"product_brand":[],"product_cat":[105],"product_tag":[],"class_list":{"0":"post-8571","1":"product","2":"type-product","3":"status-publish","4":"has-post-thumbnail","6":"product_cat-peixes","8":"first","9":"instock","10":"taxable","11":"shipping-taxable","12":"purchasable","13":"product-type-simple"},"acf":[],"_links":{"self":[{"href":"https:\/\/mybrazil.co.uk\/en\/wp-json\/wp\/v2\/product\/8571","targetHints":{"allow":["GET"]}}],"collection":[{"href":"https:\/\/mybrazil.co.uk\/en\/wp-json\/wp\/v2\/product"}],"about":[{"href":"https:\/\/mybrazil.co.uk\/en\/wp-json\/wp\/v2\/types\/product"}],"replies":[{"embeddable":true,"href":"https:\/\/mybrazil.co.uk\/en\/wp-json\/wp\/v2\/comments?post=8571"}],"wp:featuredmedia":[{"embeddable":true,"href":"https:\/\/mybrazil.co.uk\/en\/wp-json\/wp\/v2\/media\/8572"}],"wp:attachment":[{"href":"https:\/\/mybrazil.co.uk\/en\/wp-json\/wp\/v2\/media?parent=8571"}],"wp:term":[{"taxonomy":"product_brand","embeddable":true,"href":"https:\/\/mybrazil.co.uk\/en\/wp-json\/wp\/v2\/product_brand?post=8571"},{"taxonomy":"product_cat","embeddable":true,"href":"https:\/\/mybrazil.co.uk\/en\/wp-json\/wp\/v2\/product_cat?post=8571"},{"taxonomy":"product_tag","embeddable":true,"href":"https:\/\/mybrazil.co.uk\/en\/wp-json\/wp\/v2\/product_tag?post=8571"}],"curies":[{"name":"wp","href":"https:\/\/api.w.org\/{rel}","templated":true}]}}