{"id":8568,"date":"2025-06-13T12:19:51","date_gmt":"2025-06-13T11:19:51","guid":{"rendered":"https:\/\/mybrazil.co.uk\/?post_type=product&#038;p=8568"},"modified":"2026-04-19T11:13:17","modified_gmt":"2026-04-19T10:13:17","slug":"azeitona-verde-850g-avei","status":"publish","type":"product","link":"https:\/\/mybrazil.co.uk\/en\/shop\/azeitona-verde-850g-avei\/","title":{"rendered":"Azeitona Verde 850g Macarico"},"content":{"rendered":"<p>Um cl\u00e1ssico em conserva de azeitonas de sabor mediterr\u00e2nico, perfeitas para servir como aperitivo, em saladas, t\u00e1buas de frios, pizzas e receitas diversas. Conservadas em salmoura tradicional, oferecem textura firme com sabor levemente salgado e arom\u00e1tico, real\u00e7ado por toques naturais de azeite e especiarias. Esse formato em frasco de grande capacidade \u00e9 ideal para uso familiar ou em ocasi\u00f5es especiais, garantindo versatilidade e praticidade na sua cozinha.<\/p>\n<h2 data-start=\"1266\" data-end=\"1297\">Ingredientes \/ Ingredients<\/h2>\n<p data-start=\"1298\" data-end=\"1552\">Azeitonas (olives), \u00e1gua (water), sal (salt), reguladores de acidez (lactic acid, calcium lactate, citric acid) e antioxidante (ascorbic acid). <em data-start=\"1442\" data-end=\"1514\">(Informa\u00e7\u00e3o t\u00edpica de azeitonas verdes em conserva da marca Ma\u00e7arico.)<\/em><\/p>","protected":false},"excerpt":{"rendered":"<p>Um cl\u00e1ssico em conserva de azeitonas de sabor mediterr\u00e2nico, perfeitas para servir como aperitivo, em saladas, t\u00e1buas de frios, pizzas e receitas diversas. Conservadas em salmoura tradicional, oferecem textura firme com sabor levemente salgado e arom\u00e1tico, real\u00e7ado por toques naturais de azeite e especiarias. Esse formato em frasco de grande capacidade \u00e9 ideal para uso [&hellip;]<\/p>","protected":false},"featured_media":10244,"comment_status":"open","ping_status":"closed","template":"","meta":{"_acf_changed":false,"_glsr_average":0,"_glsr_ranking":0,"_glsr_reviews":0},"product_brand":[],"product_cat":[109,43],"product_tag":[],"class_list":{"0":"post-8568","1":"product","2":"type-product","3":"status-publish","4":"has-post-thumbnail","6":"product_cat-conservas","7":"product_cat-grocery","9":"first","10":"instock","11":"taxable","12":"shipping-taxable","13":"purchasable","14":"product-type-simple"},"acf":[],"_links":{"self":[{"href":"https:\/\/mybrazil.co.uk\/en\/wp-json\/wp\/v2\/product\/8568","targetHints":{"allow":["GET"]}}],"collection":[{"href":"https:\/\/mybrazil.co.uk\/en\/wp-json\/wp\/v2\/product"}],"about":[{"href":"https:\/\/mybrazil.co.uk\/en\/wp-json\/wp\/v2\/types\/product"}],"replies":[{"embeddable":true,"href":"https:\/\/mybrazil.co.uk\/en\/wp-json\/wp\/v2\/comments?post=8568"}],"wp:featuredmedia":[{"embeddable":true,"href":"https:\/\/mybrazil.co.uk\/en\/wp-json\/wp\/v2\/media\/10244"}],"wp:attachment":[{"href":"https:\/\/mybrazil.co.uk\/en\/wp-json\/wp\/v2\/media?parent=8568"}],"wp:term":[{"taxonomy":"product_brand","embeddable":true,"href":"https:\/\/mybrazil.co.uk\/en\/wp-json\/wp\/v2\/product_brand?post=8568"},{"taxonomy":"product_cat","embeddable":true,"href":"https:\/\/mybrazil.co.uk\/en\/wp-json\/wp\/v2\/product_cat?post=8568"},{"taxonomy":"product_tag","embeddable":true,"href":"https:\/\/mybrazil.co.uk\/en\/wp-json\/wp\/v2\/product_tag?post=8568"}],"curies":[{"name":"wp","href":"https:\/\/api.w.org\/{rel}","templated":true}]}}