{"id":8556,"date":"2025-06-12T13:46:04","date_gmt":"2025-06-12T12:46:04","guid":{"rendered":"https:\/\/mybrazil.co.uk\/?post_type=product&#038;p=8556"},"modified":"2026-04-21T18:51:05","modified_gmt":"2026-04-21T17:51:05","slug":"linguica-toscana-950g-1050g","status":"publish","type":"product","link":"https:\/\/mybrazil.co.uk\/en\/shop\/linguica-toscana-950g-1050g\/","title":{"rendered":"Linguica Toscana (950g &#8211; 1050g)"},"content":{"rendered":"<p>mbutido de carne su\u00edna com temperos cl\u00e1ssicos que evocam o churrasco e a culin\u00e1ria tradicional. Suave e suculenta, apresenta cortes generosos e equil\u00edbrio perfeito entre sabor e textura. Ideal para grelhar, cozinhar ou usar como ingrediente em feijoadas, caldos e pratos encorpados. Uma escolha saborosa e vers\u00e1til para refei\u00e7\u00f5es com toque aut\u00eantico.<\/p>","protected":false},"excerpt":{"rendered":"<p>mbutido de carne su\u00edna com temperos cl\u00e1ssicos que evocam o churrasco e a culin\u00e1ria tradicional. Suave e suculenta, apresenta cortes generosos e equil\u00edbrio perfeito entre sabor e textura. Ideal para grelhar, cozinhar ou usar como ingrediente em feijoadas, caldos e pratos encorpados. Uma escolha saborosa e vers\u00e1til para refei\u00e7\u00f5es com toque aut\u00eantico.<\/p>","protected":false},"featured_media":6078,"comment_status":"open","ping_status":"closed","template":"","meta":{"_acf_changed":false,"_glsr_average":0,"_glsr_ranking":0,"_glsr_reviews":0},"product_brand":[],"product_cat":[44,104],"product_tag":[],"class_list":{"0":"post-8556","1":"product","2":"type-product","3":"status-publish","4":"has-post-thumbnail","6":"product_cat-meat","7":"product_cat-linguicas-salsichas-derivados","9":"first","10":"instock","11":"taxable","12":"shipping-taxable","13":"purchasable","14":"product-type-simple"},"acf":[],"_links":{"self":[{"href":"https:\/\/mybrazil.co.uk\/en\/wp-json\/wp\/v2\/product\/8556","targetHints":{"allow":["GET"]}}],"collection":[{"href":"https:\/\/mybrazil.co.uk\/en\/wp-json\/wp\/v2\/product"}],"about":[{"href":"https:\/\/mybrazil.co.uk\/en\/wp-json\/wp\/v2\/types\/product"}],"replies":[{"embeddable":true,"href":"https:\/\/mybrazil.co.uk\/en\/wp-json\/wp\/v2\/comments?post=8556"}],"wp:featuredmedia":[{"embeddable":true,"href":"https:\/\/mybrazil.co.uk\/en\/wp-json\/wp\/v2\/media\/6078"}],"wp:attachment":[{"href":"https:\/\/mybrazil.co.uk\/en\/wp-json\/wp\/v2\/media?parent=8556"}],"wp:term":[{"taxonomy":"product_brand","embeddable":true,"href":"https:\/\/mybrazil.co.uk\/en\/wp-json\/wp\/v2\/product_brand?post=8556"},{"taxonomy":"product_cat","embeddable":true,"href":"https:\/\/mybrazil.co.uk\/en\/wp-json\/wp\/v2\/product_cat?post=8556"},{"taxonomy":"product_tag","embeddable":true,"href":"https:\/\/mybrazil.co.uk\/en\/wp-json\/wp\/v2\/product_tag?post=8556"}],"curies":[{"name":"wp","href":"https:\/\/api.w.org\/{rel}","templated":true}]}}