{"id":8509,"date":"2025-06-11T10:58:33","date_gmt":"2025-06-11T09:58:33","guid":{"rendered":"https:\/\/mybrazil.co.uk\/?post_type=product&#038;p=8509"},"modified":"2025-10-21T02:11:04","modified_gmt":"2025-10-21T01:11:04","slug":"malbec-eau-de-toilette-icon100ml","status":"publish","type":"product","link":"https:\/\/mybrazil.co.uk\/en\/shop\/malbec-eau-de-toilette-icon100ml\/","title":{"rendered":"Malbec Eau de toilette ICON100ml"},"content":{"rendered":"<p>Uma reinterpreta\u00e7\u00e3o moderna da fragr\u00e2ncia Malbec cl\u00e1ssica, combinando car\u00e1ter amadeirado com toques c\u00edtricos frescos. A fragr\u00e2ncia abre com <strong data-start=\"453\" data-end=\"509\">bergamota, lim\u00e3o, tomilho, pimenta-preta e cardamomo<\/strong>, evolui com <strong data-start=\"522\" data-end=\"563\">lavanda, folha de cedro e noz-moscada<\/strong> no corpo e completa em uma base de <strong data-start=\"599\" data-end=\"644\">patchouli, \u00e2mbar, vetiver, cedro e b\u00e9tula<\/strong>. A proposta \u00e9 entregar eleg\u00e2ncia vers\u00e1til, presen\u00e7a marcante e um ar contempor\u00e2neo para o homem que busca se destacar com sofistica\u00e7\u00e3o.<\/p>\n<p><strong data-start=\"1503\" data-end=\"1534\">Ingredientes \/ Ingredients:<\/strong><br data-start=\"1534\" data-end=\"1537\" \/>Denatured Alcohol; Parfum (Fragrance); Aqua (Water); Ethylhexyl Salicylate; Butyl Methoxydibenzoylmethane; CI 60730 (Violet); CI 19140 (Yellow); Benzyl Benzoate; Benzyl Salicylate; Cinnamal; Citral; Citronellol; Coumarin; Eugenol; Geraniol; Isoeugenol; Limonene; Linalool; Farnesol.<\/p>","protected":false},"excerpt":{"rendered":"<p>Uma reinterpreta\u00e7\u00e3o moderna da fragr\u00e2ncia Malbec cl\u00e1ssica, combinando car\u00e1ter amadeirado com toques c\u00edtricos frescos. A fragr\u00e2ncia abre com bergamota, lim\u00e3o, tomilho, pimenta-preta e cardamomo, evolui com lavanda, folha de cedro e noz-moscada no corpo e completa em uma base de patchouli, \u00e2mbar, vetiver, cedro e b\u00e9tula. A proposta \u00e9 entregar eleg\u00e2ncia vers\u00e1til, presen\u00e7a marcante e [&hellip;]<\/p>","protected":false},"featured_media":8526,"comment_status":"open","ping_status":"closed","template":"","meta":{"_acf_changed":false,"_glsr_average":0,"_glsr_ranking":0,"_glsr_reviews":0},"product_brand":[],"product_cat":[40],"product_tag":[],"class_list":{"0":"post-8509","1":"product","2":"type-product","3":"status-publish","4":"has-post-thumbnail","6":"product_cat-beauty","8":"first","9":"instock","10":"taxable","11":"shipping-taxable","12":"purchasable","13":"product-type-simple"},"acf":[],"_links":{"self":[{"href":"https:\/\/mybrazil.co.uk\/en\/wp-json\/wp\/v2\/product\/8509","targetHints":{"allow":["GET"]}}],"collection":[{"href":"https:\/\/mybrazil.co.uk\/en\/wp-json\/wp\/v2\/product"}],"about":[{"href":"https:\/\/mybrazil.co.uk\/en\/wp-json\/wp\/v2\/types\/product"}],"replies":[{"embeddable":true,"href":"https:\/\/mybrazil.co.uk\/en\/wp-json\/wp\/v2\/comments?post=8509"}],"wp:featuredmedia":[{"embeddable":true,"href":"https:\/\/mybrazil.co.uk\/en\/wp-json\/wp\/v2\/media\/8526"}],"wp:attachment":[{"href":"https:\/\/mybrazil.co.uk\/en\/wp-json\/wp\/v2\/media?parent=8509"}],"wp:term":[{"taxonomy":"product_brand","embeddable":true,"href":"https:\/\/mybrazil.co.uk\/en\/wp-json\/wp\/v2\/product_brand?post=8509"},{"taxonomy":"product_cat","embeddable":true,"href":"https:\/\/mybrazil.co.uk\/en\/wp-json\/wp\/v2\/product_cat?post=8509"},{"taxonomy":"product_tag","embeddable":true,"href":"https:\/\/mybrazil.co.uk\/en\/wp-json\/wp\/v2\/product_tag?post=8509"}],"curies":[{"name":"wp","href":"https:\/\/api.w.org\/{rel}","templated":true}]}}