{"id":8441,"date":"2025-06-05T13:50:36","date_gmt":"2025-06-05T12:50:36","guid":{"rendered":"https:\/\/mybrazil.co.uk\/?post_type=product&#038;p=8441"},"modified":"2026-04-21T11:19:08","modified_gmt":"2026-04-21T10:19:08","slug":"linguica-calabresa-sausage-430g-450g","status":"publish","type":"product","link":"https:\/\/mybrazil.co.uk\/en\/shop\/linguica-calabresa-sausage-430g-450g\/","title":{"rendered":"Linguica Calabresa 410g  SOKO\u0141\u00d3W"},"content":{"rendered":"<p>Lingui\u00e7a calabresa defumada da marca SOKO\u0141\u00d3W (pacote aproximadamente 400- 450 g), perfeita para churrasco, feijoada ou aquele toque especial em sandu\u00edches e pizzas. Produzida com carnes selecionadas, embalada a v\u00e1cuo para preservar sabor e aroma. A defuma\u00e7\u00e3o garante personalidade marcante e textura firme. Ideal para compartilhar com amigos ou como ingrediente vers\u00e1til na cozinha brasileira.<\/p>","protected":false},"excerpt":{"rendered":"<p>Lingui\u00e7a calabresa defumada da marca SOKO\u0141\u00d3W (pacote aproximadamente 400- 450 g), perfeita para churrasco, feijoada ou aquele toque especial em sandu\u00edches e pizzas. Produzida com carnes selecionadas, embalada a v\u00e1cuo para preservar sabor e aroma. A defuma\u00e7\u00e3o garante personalidade marcante e textura firme. Ideal para compartilhar com amigos ou como ingrediente vers\u00e1til na cozinha brasileira.<\/p>","protected":false},"featured_media":8596,"comment_status":"open","ping_status":"closed","template":"","meta":{"_acf_changed":false,"_glsr_average":0,"_glsr_ranking":0,"_glsr_reviews":0},"product_brand":[],"product_cat":[44,104],"product_tag":[],"class_list":{"0":"post-8441","1":"product","2":"type-product","3":"status-publish","4":"has-post-thumbnail","6":"product_cat-meat","7":"product_cat-linguicas-salsichas-derivados","9":"first","10":"outofstock","11":"taxable","12":"shipping-taxable","13":"purchasable","14":"product-type-simple"},"acf":[],"_links":{"self":[{"href":"https:\/\/mybrazil.co.uk\/en\/wp-json\/wp\/v2\/product\/8441","targetHints":{"allow":["GET"]}}],"collection":[{"href":"https:\/\/mybrazil.co.uk\/en\/wp-json\/wp\/v2\/product"}],"about":[{"href":"https:\/\/mybrazil.co.uk\/en\/wp-json\/wp\/v2\/types\/product"}],"replies":[{"embeddable":true,"href":"https:\/\/mybrazil.co.uk\/en\/wp-json\/wp\/v2\/comments?post=8441"}],"wp:featuredmedia":[{"embeddable":true,"href":"https:\/\/mybrazil.co.uk\/en\/wp-json\/wp\/v2\/media\/8596"}],"wp:attachment":[{"href":"https:\/\/mybrazil.co.uk\/en\/wp-json\/wp\/v2\/media?parent=8441"}],"wp:term":[{"taxonomy":"product_brand","embeddable":true,"href":"https:\/\/mybrazil.co.uk\/en\/wp-json\/wp\/v2\/product_brand?post=8441"},{"taxonomy":"product_cat","embeddable":true,"href":"https:\/\/mybrazil.co.uk\/en\/wp-json\/wp\/v2\/product_cat?post=8441"},{"taxonomy":"product_tag","embeddable":true,"href":"https:\/\/mybrazil.co.uk\/en\/wp-json\/wp\/v2\/product_tag?post=8441"}],"curies":[{"name":"wp","href":"https:\/\/api.w.org\/{rel}","templated":true}]}}