{"id":8399,"date":"2025-06-04T18:42:56","date_gmt":"2025-06-04T17:42:56","guid":{"rendered":"https:\/\/mybrazil.co.uk\/?post_type=product&#038;p=8399"},"modified":"2026-02-12T11:06:28","modified_gmt":"2026-02-12T11:06:28","slug":"egeo-dolce-hidratante-corporal-250g","status":"publish","type":"product","link":"https:\/\/mybrazil.co.uk\/en\/shop\/egeo-dolce-hidratante-corporal-250g\/","title":{"rendered":"Dolce Hidratante Corporal 250G EGEO"},"content":{"rendered":"<p>textura leve tipo mousse que absorve rapidamente, sem deixar sensa\u00e7\u00e3o pegajosa ou oleosa. Oferece hidrata\u00e7\u00e3o de at\u00e9 <strong data-start=\"446\" data-end=\"458\">48 horas<\/strong>, deixando a pele macia e perfumada ao longo do todo o dia. Fragr\u00e2ncia gourmand inspirada em doces delicados, ideal para quem ama aromas aconchegantes e sofisticados.<\/p>\n<p><strong data-start=\"1043\" data-end=\"1074\">Ingredientes \/ Ingredients:<\/strong><br data-start=\"1074\" data-end=\"1077\" \/>\u00c1gua; Palmitato de Isopropila; \u00c1lcool Cetoestear\u00edlico; Glicerol; Perfume; Dimeticona; Polissorbato 60; Estearato de Sorbitana; Fenoxietanol; Goma Gellana; Caprililglicol; Cumarin<\/p>","protected":false},"excerpt":{"rendered":"<p>textura leve tipo mousse que absorve rapidamente, sem deixar sensa\u00e7\u00e3o pegajosa ou oleosa. Oferece hidrata\u00e7\u00e3o de at\u00e9 48 horas, deixando a pele macia e perfumada ao longo do todo o dia. Fragr\u00e2ncia gourmand inspirada em doces delicados, ideal para quem ama aromas aconchegantes e sofisticados. Ingredientes \/ Ingredients:\u00c1gua; Palmitato de Isopropila; \u00c1lcool Cetoestear\u00edlico; Glicerol; Perfume; [&hellip;]<\/p>","protected":false},"featured_media":8498,"comment_status":"open","ping_status":"closed","template":"","meta":{"_acf_changed":false,"_glsr_average":0,"_glsr_ranking":0,"_glsr_reviews":0},"product_brand":[],"product_cat":[40],"product_tag":[],"class_list":{"0":"post-8399","1":"product","2":"type-product","3":"status-publish","4":"has-post-thumbnail","6":"product_cat-beauty","8":"first","9":"instock","10":"taxable","11":"shipping-taxable","12":"purchasable","13":"product-type-simple"},"acf":[],"_links":{"self":[{"href":"https:\/\/mybrazil.co.uk\/en\/wp-json\/wp\/v2\/product\/8399","targetHints":{"allow":["GET"]}}],"collection":[{"href":"https:\/\/mybrazil.co.uk\/en\/wp-json\/wp\/v2\/product"}],"about":[{"href":"https:\/\/mybrazil.co.uk\/en\/wp-json\/wp\/v2\/types\/product"}],"replies":[{"embeddable":true,"href":"https:\/\/mybrazil.co.uk\/en\/wp-json\/wp\/v2\/comments?post=8399"}],"wp:featuredmedia":[{"embeddable":true,"href":"https:\/\/mybrazil.co.uk\/en\/wp-json\/wp\/v2\/media\/8498"}],"wp:attachment":[{"href":"https:\/\/mybrazil.co.uk\/en\/wp-json\/wp\/v2\/media?parent=8399"}],"wp:term":[{"taxonomy":"product_brand","embeddable":true,"href":"https:\/\/mybrazil.co.uk\/en\/wp-json\/wp\/v2\/product_brand?post=8399"},{"taxonomy":"product_cat","embeddable":true,"href":"https:\/\/mybrazil.co.uk\/en\/wp-json\/wp\/v2\/product_cat?post=8399"},{"taxonomy":"product_tag","embeddable":true,"href":"https:\/\/mybrazil.co.uk\/en\/wp-json\/wp\/v2\/product_tag?post=8399"}],"curies":[{"name":"wp","href":"https:\/\/api.w.org\/{rel}","templated":true}]}}