{"id":8364,"date":"2025-06-04T15:44:09","date_gmt":"2025-06-04T14:44:09","guid":{"rendered":"https:\/\/mybrazil.co.uk\/?post_type=product&#038;p=8364"},"modified":"2026-04-11T11:57:05","modified_gmt":"2026-04-11T10:57:05","slug":"nativaspa-ameixa-negra-oleo-corporal-200-ml","status":"publish","type":"product","link":"https:\/\/mybrazil.co.uk\/en\/shop\/nativaspa-ameixa-negra-oleo-corporal-200-ml\/","title":{"rendered":"Ameixa negra oleo corporal 200 ml nativaSPA"},"content":{"rendered":"<p>F\u00f3rmula leve e de r\u00e1pida absor\u00e7\u00e3o que nutre profundamente, proporciona toque sedoso e real\u00e7a o brilho natural da pele. Enriquecido com <strong data-start=\"452\" data-end=\"483\">gotas purificadas de quinoa<\/strong> e extrato de ameixa negra, ajuda a estimular a produ\u00e7\u00e3o de colag\u00e9nio e prevenir a perda de elasticidade. Textura n\u00e3o oleosa, perfeita para uso di\u00e1rio durante ou ap\u00f3s o banho (pode ser enxaguado ou deixado na pele). Vegan e dermatologicamente testado.<\/p>\n<p><strong data-start=\"1204\" data-end=\"1235\">Ingredientes \/ Ingredients:<\/strong><br data-start=\"1235\" data-end=\"1238\" \/>Helianthus Annuus Seed Oil (\u00f3leo de girassol); Ethylhexyl Stearate; Parfum (Fragrance); Laureth-2; Tocopheryl Acetate; Benzyl Alcohol; Phenoxyethanol; Chenopodium Quinoa Seed Oil Ethyl Esters; Propylene Glycol; Glycerin; Aqua (Water); Prunus Domestica Fruit Extract (extrato de ameixa negra); Potassium Sorbate; Tetrasodium EDTA; Sodium Benzoate; Alpha-Isomethyl Ionone; Benzyl Salicylate; Citronellol; Coumarin; Limonene; Linalool<\/p>","protected":false},"excerpt":{"rendered":"<p>F\u00f3rmula leve e de r\u00e1pida absor\u00e7\u00e3o que nutre profundamente, proporciona toque sedoso e real\u00e7a o brilho natural da pele. Enriquecido com gotas purificadas de quinoa e extrato de ameixa negra, ajuda a estimular a produ\u00e7\u00e3o de colag\u00e9nio e prevenir a perda de elasticidade. Textura n\u00e3o oleosa, perfeita para uso di\u00e1rio durante ou ap\u00f3s o banho [&hellip;]<\/p>","protected":false},"featured_media":8402,"comment_status":"open","ping_status":"closed","template":"","meta":{"_acf_changed":false,"_glsr_average":0,"_glsr_ranking":0,"_glsr_reviews":0},"product_brand":[],"product_cat":[40],"product_tag":[],"class_list":{"0":"post-8364","1":"product","2":"type-product","3":"status-publish","4":"has-post-thumbnail","6":"product_cat-beauty","8":"first","9":"instock","10":"taxable","11":"shipping-taxable","12":"purchasable","13":"product-type-simple"},"acf":[],"_links":{"self":[{"href":"https:\/\/mybrazil.co.uk\/en\/wp-json\/wp\/v2\/product\/8364","targetHints":{"allow":["GET"]}}],"collection":[{"href":"https:\/\/mybrazil.co.uk\/en\/wp-json\/wp\/v2\/product"}],"about":[{"href":"https:\/\/mybrazil.co.uk\/en\/wp-json\/wp\/v2\/types\/product"}],"replies":[{"embeddable":true,"href":"https:\/\/mybrazil.co.uk\/en\/wp-json\/wp\/v2\/comments?post=8364"}],"wp:featuredmedia":[{"embeddable":true,"href":"https:\/\/mybrazil.co.uk\/en\/wp-json\/wp\/v2\/media\/8402"}],"wp:attachment":[{"href":"https:\/\/mybrazil.co.uk\/en\/wp-json\/wp\/v2\/media?parent=8364"}],"wp:term":[{"taxonomy":"product_brand","embeddable":true,"href":"https:\/\/mybrazil.co.uk\/en\/wp-json\/wp\/v2\/product_brand?post=8364"},{"taxonomy":"product_cat","embeddable":true,"href":"https:\/\/mybrazil.co.uk\/en\/wp-json\/wp\/v2\/product_cat?post=8364"},{"taxonomy":"product_tag","embeddable":true,"href":"https:\/\/mybrazil.co.uk\/en\/wp-json\/wp\/v2\/product_tag?post=8364"}],"curies":[{"name":"wp","href":"https:\/\/api.w.org\/{rel}","templated":true}]}}