{"id":8360,"date":"2025-06-04T15:06:43","date_gmt":"2025-06-04T14:06:43","guid":{"rendered":"https:\/\/mybrazil.co.uk\/?post_type=product&#038;p=8360"},"modified":"2026-03-27T11:22:39","modified_gmt":"2026-03-27T11:22:39","slug":"nativa-spa-strawberry-locao-400ml","status":"publish","type":"product","link":"https:\/\/mybrazil.co.uk\/en\/shop\/nativa-spa-strawberry-locao-400ml\/","title":{"rendered":"Nativa SPA Strawberry locao 400ml"},"content":{"rendered":"<p>Hidrata intensamente, recupera a luminosidade da pele e ajuda a prevenir o envelhecimento precoce. Enriquecida com <strong data-start=\"421\" data-end=\"439\">\u00f3leo de quinoa<\/strong> e <strong data-start=\"442\" data-end=\"456\">vitamina C<\/strong>, estimula o colag\u00e9nio natural e oferece aroma suave e envolvente de morango. Textura leve e de r\u00e1pida absor\u00e7\u00e3o, indicada para uso di\u00e1rio. Conta com 96% de ingredientes naturais e embalagem feita com pl\u00e1stico 100% reciclado.<\/p>\n<p><strong data-start=\"1237\" data-end=\"1268\">Ingredientes \/ Ingredients:<\/strong><br data-start=\"1268\" data-end=\"1271\" \/>Aqua (Water); Glycerin; Helianthus Annuus Seed Oil (Sunflower Seed Oil); Isopropyl Palmitate; Cetearyl Alcohol; Glyceryl Stearate; Parfum (Fragrance); Polysorbate 60; Phenoxyethanol; Sodium Ascorbyl Phosphate; Benzyl Alcohol; Sodium Metabisulfite; Acrylates\/C10-30 Alkyl Acrylate Crosspolymer; Triethanolamine; Sodium Gluconate; Sodium Sulfite; Chenopodium Quinoa Seed Oil Ethyl Esters\u00b9; Fragaria Vesca Fruit Extract; Sodium Thiosulfate; Sodium Sulfate; Potassium Sorbate; Sodium Benzoate; Tetrasodium EDTA; Benzyl Salicylate; Citral; Coumarin; Eugenol; Limonene; Linalool<\/p>","protected":false},"excerpt":{"rendered":"<p>Hidrata intensamente, recupera a luminosidade da pele e ajuda a prevenir o envelhecimento precoce. Enriquecida com \u00f3leo de quinoa e vitamina C, estimula o colag\u00e9nio natural e oferece aroma suave e envolvente de morango. Textura leve e de r\u00e1pida absor\u00e7\u00e3o, indicada para uso di\u00e1rio. Conta com 96% de ingredientes naturais e embalagem feita com pl\u00e1stico [&hellip;]<\/p>","protected":false},"featured_media":8393,"comment_status":"open","ping_status":"closed","template":"","meta":{"_acf_changed":false,"_glsr_average":0,"_glsr_ranking":0,"_glsr_reviews":0},"product_brand":[],"product_cat":[40],"product_tag":[],"class_list":{"0":"post-8360","1":"product","2":"type-product","3":"status-publish","4":"has-post-thumbnail","6":"product_cat-beauty","8":"first","9":"outofstock","10":"taxable","11":"shipping-taxable","12":"purchasable","13":"product-type-simple"},"acf":[],"_links":{"self":[{"href":"https:\/\/mybrazil.co.uk\/en\/wp-json\/wp\/v2\/product\/8360","targetHints":{"allow":["GET"]}}],"collection":[{"href":"https:\/\/mybrazil.co.uk\/en\/wp-json\/wp\/v2\/product"}],"about":[{"href":"https:\/\/mybrazil.co.uk\/en\/wp-json\/wp\/v2\/types\/product"}],"replies":[{"embeddable":true,"href":"https:\/\/mybrazil.co.uk\/en\/wp-json\/wp\/v2\/comments?post=8360"}],"wp:featuredmedia":[{"embeddable":true,"href":"https:\/\/mybrazil.co.uk\/en\/wp-json\/wp\/v2\/media\/8393"}],"wp:attachment":[{"href":"https:\/\/mybrazil.co.uk\/en\/wp-json\/wp\/v2\/media?parent=8360"}],"wp:term":[{"taxonomy":"product_brand","embeddable":true,"href":"https:\/\/mybrazil.co.uk\/en\/wp-json\/wp\/v2\/product_brand?post=8360"},{"taxonomy":"product_cat","embeddable":true,"href":"https:\/\/mybrazil.co.uk\/en\/wp-json\/wp\/v2\/product_cat?post=8360"},{"taxonomy":"product_tag","embeddable":true,"href":"https:\/\/mybrazil.co.uk\/en\/wp-json\/wp\/v2\/product_tag?post=8360"}],"curies":[{"name":"wp","href":"https:\/\/api.w.org\/{rel}","templated":true}]}}