{"id":8312,"date":"2025-06-03T13:12:59","date_gmt":"2025-06-03T12:12:59","guid":{"rendered":"https:\/\/mybrazil.co.uk\/?post_type=product&#038;p=8312"},"modified":"2026-04-20T14:34:10","modified_gmt":"2026-04-20T13:34:10","slug":"pe-de-frango-copy","status":"publish","type":"product","link":"https:\/\/mybrazil.co.uk\/en\/shop\/pe-de-frango-copy\/","title":{"rendered":"Pe de frango (300g-400g)"},"content":{"rendered":"<p data-start=\"191\" data-end=\"681\">Pacote \u00e0 v\u00e1cuo de p\u00e9s de frango \u2014 p\u00e9s de frango limpos, prontos para cozinhar ou preparar conforme a sua receita preferida. Ideal para guisados, caldos, pratos tradicionais ou at\u00e9 receitas mais criativas. Embalagem selada a v\u00e1cuo para conservar a frescura e suportar congela\u00e7\u00e3o. Excelente fonte de prote\u00edna e opcional para quem gosta de aproveitar partes nobres do frango.<br data-start=\"592\" data-end=\"595\" \/>Armazenar refrigerado ou congelado conforme indica\u00e7\u00e3o e preparar bem antes do consumo.<\/p>","protected":false},"excerpt":{"rendered":"<p>Pacote \u00e0 v\u00e1cuo de p\u00e9s de frango \u2014 p\u00e9s de frango limpos, prontos para cozinhar ou preparar conforme a sua receita preferida. Ideal para guisados, caldos, pratos tradicionais ou at\u00e9 receitas mais criativas. Embalagem selada a v\u00e1cuo para conservar a frescura e suportar congela\u00e7\u00e3o. Excelente fonte de prote\u00edna e opcional para quem gosta de aproveitar [&hellip;]<\/p>","protected":false},"featured_media":8310,"comment_status":"open","ping_status":"closed","template":"","meta":{"_acf_changed":false,"_glsr_average":0,"_glsr_ranking":0,"_glsr_reviews":0},"product_brand":[],"product_cat":[44,98],"product_tag":[],"class_list":{"0":"post-8312","1":"product","2":"type-product","3":"status-publish","4":"has-post-thumbnail","6":"product_cat-meat","7":"product_cat-frangos","9":"first","10":"outofstock","11":"taxable","12":"shipping-taxable","13":"purchasable","14":"product-type-simple"},"acf":[],"_links":{"self":[{"href":"https:\/\/mybrazil.co.uk\/en\/wp-json\/wp\/v2\/product\/8312","targetHints":{"allow":["GET"]}}],"collection":[{"href":"https:\/\/mybrazil.co.uk\/en\/wp-json\/wp\/v2\/product"}],"about":[{"href":"https:\/\/mybrazil.co.uk\/en\/wp-json\/wp\/v2\/types\/product"}],"replies":[{"embeddable":true,"href":"https:\/\/mybrazil.co.uk\/en\/wp-json\/wp\/v2\/comments?post=8312"}],"wp:featuredmedia":[{"embeddable":true,"href":"https:\/\/mybrazil.co.uk\/en\/wp-json\/wp\/v2\/media\/8310"}],"wp:attachment":[{"href":"https:\/\/mybrazil.co.uk\/en\/wp-json\/wp\/v2\/media?parent=8312"}],"wp:term":[{"taxonomy":"product_brand","embeddable":true,"href":"https:\/\/mybrazil.co.uk\/en\/wp-json\/wp\/v2\/product_brand?post=8312"},{"taxonomy":"product_cat","embeddable":true,"href":"https:\/\/mybrazil.co.uk\/en\/wp-json\/wp\/v2\/product_cat?post=8312"},{"taxonomy":"product_tag","embeddable":true,"href":"https:\/\/mybrazil.co.uk\/en\/wp-json\/wp\/v2\/product_tag?post=8312"}],"curies":[{"name":"wp","href":"https:\/\/api.w.org\/{rel}","templated":true}]}}