{"id":8269,"date":"2025-05-28T18:55:53","date_gmt":"2025-05-28T17:55:53","guid":{"rendered":"https:\/\/mybrazil.co.uk\/?post_type=product&#038;p=8269"},"modified":"2026-04-17T13:04:38","modified_gmt":"2026-04-17T12:04:38","slug":"pao-ralado-ri-alto-1kg","status":"publish","type":"product","link":"https:\/\/mybrazil.co.uk\/en\/shop\/pao-ralado-ri-alto-1kg\/","title":{"rendered":"Pao Ralado Rialto 1KG"},"content":{"rendered":"<p><strong data-start=\"318\" data-end=\"344\">P\u00e3o Ralado Rialto 1 kg<\/strong> \u2014 migalhas de p\u00e3o de trigo cuidadosamente produzidas pela Rialto, ideais para empanar carnes, peixes e legumes, adicionar textura a gratinados ou usar como ingrediente em alm\u00f4ndegas e bolinhos. Feito a partir de p\u00e3o fresco, com sabor neutro e crocante, \u00e9 perfeito tanto para uso dom\u00e9stico quanto profissional.<\/p>","protected":false},"excerpt":{"rendered":"<p>P\u00e3o Ralado Rialto 1 kg \u2014 migalhas de p\u00e3o de trigo cuidadosamente produzidas pela Rialto, ideais para empanar carnes, peixes e legumes, adicionar textura a gratinados ou usar como ingrediente em alm\u00f4ndegas e bolinhos. Feito a partir de p\u00e3o fresco, com sabor neutro e crocante, \u00e9 perfeito tanto para uso dom\u00e9stico quanto profissional.<\/p>","protected":false},"featured_media":6034,"comment_status":"open","ping_status":"closed","template":"","meta":{"_acf_changed":false,"_glsr_average":0,"_glsr_ranking":0,"_glsr_reviews":0},"product_brand":[],"product_cat":[94],"product_tag":[],"class_list":{"0":"post-8269","1":"product","2":"type-product","3":"status-publish","4":"has-post-thumbnail","6":"product_cat-graos-farinhacos","8":"first","9":"instock","10":"purchasable","11":"product-type-simple"},"acf":[],"_links":{"self":[{"href":"https:\/\/mybrazil.co.uk\/en\/wp-json\/wp\/v2\/product\/8269","targetHints":{"allow":["GET"]}}],"collection":[{"href":"https:\/\/mybrazil.co.uk\/en\/wp-json\/wp\/v2\/product"}],"about":[{"href":"https:\/\/mybrazil.co.uk\/en\/wp-json\/wp\/v2\/types\/product"}],"replies":[{"embeddable":true,"href":"https:\/\/mybrazil.co.uk\/en\/wp-json\/wp\/v2\/comments?post=8269"}],"wp:featuredmedia":[{"embeddable":true,"href":"https:\/\/mybrazil.co.uk\/en\/wp-json\/wp\/v2\/media\/6034"}],"wp:attachment":[{"href":"https:\/\/mybrazil.co.uk\/en\/wp-json\/wp\/v2\/media?parent=8269"}],"wp:term":[{"taxonomy":"product_brand","embeddable":true,"href":"https:\/\/mybrazil.co.uk\/en\/wp-json\/wp\/v2\/product_brand?post=8269"},{"taxonomy":"product_cat","embeddable":true,"href":"https:\/\/mybrazil.co.uk\/en\/wp-json\/wp\/v2\/product_cat?post=8269"},{"taxonomy":"product_tag","embeddable":true,"href":"https:\/\/mybrazil.co.uk\/en\/wp-json\/wp\/v2\/product_tag?post=8269"}],"curies":[{"name":"wp","href":"https:\/\/api.w.org\/{rel}","templated":true}]}}