{"id":8229,"date":"2025-05-26T20:06:54","date_gmt":"2025-05-26T19:06:54","guid":{"rendered":"https:\/\/mybrazil.co.uk\/?post_type=product&#038;p=8229"},"modified":"2026-04-22T10:17:37","modified_gmt":"2026-04-22T09:17:37","slug":"tulipa-de-frango-temperada-650g-750g","status":"publish","type":"product","link":"https:\/\/mybrazil.co.uk\/en\/shop\/tulipa-de-frango-temperada-650g-750g\/","title":{"rendered":"Tulipa de Frango Temperada (650g \u2013 750g)"},"content":{"rendered":"<p data-start=\"359\" data-end=\"657\">Tulipa, \u00e9 um corte suculento e cheio de sabor da asa de frango. Ideal para churrascos, grelhados ou frituras, fica macia por dentro e crocante por fora quando preparada. Uma escolha perfeita para petiscos, entradas ou refei\u00e7\u00f5es em fam\u00edlia.<\/p>","protected":false},"excerpt":{"rendered":"<p>Tulipa, \u00e9 um corte suculento e cheio de sabor da asa de frango. Ideal para churrascos, grelhados ou frituras, fica macia por dentro e crocante por fora quando preparada. Uma escolha perfeita para petiscos, entradas ou refei\u00e7\u00f5es em fam\u00edlia.<\/p>","protected":false},"featured_media":7289,"comment_status":"open","ping_status":"closed","template":"","meta":{"_acf_changed":false,"_glsr_average":0,"_glsr_ranking":0,"_glsr_reviews":0},"product_brand":[],"product_cat":[44,98],"product_tag":[],"class_list":{"0":"post-8229","1":"product","2":"type-product","3":"status-publish","4":"has-post-thumbnail","6":"product_cat-meat","7":"product_cat-frangos","9":"first","10":"instock","11":"taxable","12":"shipping-taxable","13":"purchasable","14":"product-type-simple"},"acf":[],"_links":{"self":[{"href":"https:\/\/mybrazil.co.uk\/en\/wp-json\/wp\/v2\/product\/8229","targetHints":{"allow":["GET"]}}],"collection":[{"href":"https:\/\/mybrazil.co.uk\/en\/wp-json\/wp\/v2\/product"}],"about":[{"href":"https:\/\/mybrazil.co.uk\/en\/wp-json\/wp\/v2\/types\/product"}],"replies":[{"embeddable":true,"href":"https:\/\/mybrazil.co.uk\/en\/wp-json\/wp\/v2\/comments?post=8229"}],"wp:featuredmedia":[{"embeddable":true,"href":"https:\/\/mybrazil.co.uk\/en\/wp-json\/wp\/v2\/media\/7289"}],"wp:attachment":[{"href":"https:\/\/mybrazil.co.uk\/en\/wp-json\/wp\/v2\/media?parent=8229"}],"wp:term":[{"taxonomy":"product_brand","embeddable":true,"href":"https:\/\/mybrazil.co.uk\/en\/wp-json\/wp\/v2\/product_brand?post=8229"},{"taxonomy":"product_cat","embeddable":true,"href":"https:\/\/mybrazil.co.uk\/en\/wp-json\/wp\/v2\/product_cat?post=8229"},{"taxonomy":"product_tag","embeddable":true,"href":"https:\/\/mybrazil.co.uk\/en\/wp-json\/wp\/v2\/product_tag?post=8229"}],"curies":[{"name":"wp","href":"https:\/\/api.w.org\/{rel}","templated":true}]}}