{"id":8228,"date":"2025-05-26T14:55:29","date_gmt":"2025-05-26T13:55:29","guid":{"rendered":"https:\/\/mybrazil.co.uk\/?post_type=product&#038;p=8228"},"modified":"2026-04-22T10:57:14","modified_gmt":"2026-04-22T09:57:14","slug":"figado-liver-uk-650g-750g","status":"publish","type":"product","link":"https:\/\/mybrazil.co.uk\/en\/shop\/figado-liver-uk-650g-750g\/","title":{"rendered":"Figado &#8211; UK (550g &#8211; 650g)"},"content":{"rendered":"<p>F\u00edgado bovino fresco (550 g \u2013 650 g) \u00e9 um corte de mi\u00fado rico em sabor e nutrientes essenciais, perfeito para uma alimenta\u00e7\u00e3o nutritiva e vers\u00e1til na cozinha. Naturalmente rico em ferro e vitaminas do complexo B, este f\u00edgado pode ser preparado de diversas formas \u2014 grelhado, refogado com cebolas ou transformado em pat\u00eas e pratos tradicionais. \u00c9 uma excelente escolha para quem busca pratos saborosos e ricos em prote\u00edna.<\/p>","protected":false},"excerpt":{"rendered":"<p>F\u00edgado bovino fresco (550 g \u2013 650 g) \u00e9 um corte de mi\u00fado rico em sabor e nutrientes essenciais, perfeito para uma alimenta\u00e7\u00e3o nutritiva e vers\u00e1til na cozinha. Naturalmente rico em ferro e vitaminas do complexo B, este f\u00edgado pode ser preparado de diversas formas \u2014 grelhado, refogado com cebolas ou transformado em pat\u00eas e [&hellip;]<\/p>","protected":false},"featured_media":6011,"comment_status":"open","ping_status":"closed","template":"","meta":{"_acf_changed":false,"_glsr_average":0,"_glsr_ranking":0,"_glsr_reviews":0},"product_brand":[],"product_cat":[96,44],"product_tag":[],"class_list":{"0":"post-8228","1":"product","2":"type-product","3":"status-publish","4":"has-post-thumbnail","6":"product_cat-bovinos","7":"product_cat-meat","9":"first","10":"instock","11":"taxable","12":"shipping-taxable","13":"purchasable","14":"product-type-simple"},"acf":[],"_links":{"self":[{"href":"https:\/\/mybrazil.co.uk\/en\/wp-json\/wp\/v2\/product\/8228","targetHints":{"allow":["GET"]}}],"collection":[{"href":"https:\/\/mybrazil.co.uk\/en\/wp-json\/wp\/v2\/product"}],"about":[{"href":"https:\/\/mybrazil.co.uk\/en\/wp-json\/wp\/v2\/types\/product"}],"replies":[{"embeddable":true,"href":"https:\/\/mybrazil.co.uk\/en\/wp-json\/wp\/v2\/comments?post=8228"}],"wp:featuredmedia":[{"embeddable":true,"href":"https:\/\/mybrazil.co.uk\/en\/wp-json\/wp\/v2\/media\/6011"}],"wp:attachment":[{"href":"https:\/\/mybrazil.co.uk\/en\/wp-json\/wp\/v2\/media?parent=8228"}],"wp:term":[{"taxonomy":"product_brand","embeddable":true,"href":"https:\/\/mybrazil.co.uk\/en\/wp-json\/wp\/v2\/product_brand?post=8228"},{"taxonomy":"product_cat","embeddable":true,"href":"https:\/\/mybrazil.co.uk\/en\/wp-json\/wp\/v2\/product_cat?post=8228"},{"taxonomy":"product_tag","embeddable":true,"href":"https:\/\/mybrazil.co.uk\/en\/wp-json\/wp\/v2\/product_tag?post=8228"}],"curies":[{"name":"wp","href":"https:\/\/api.w.org\/{rel}","templated":true}]}}