{"id":7893,"date":"2025-03-29T15:32:43","date_gmt":"2025-03-29T15:32:43","guid":{"rendered":"https:\/\/mybrazil.co.uk\/?post_type=product&#038;p=7893"},"modified":"2026-03-06T14:02:43","modified_gmt":"2026-03-06T14:02:43","slug":"coador-de-cafe-de-pano-grande-michelon","status":"publish","type":"product","link":"https:\/\/mybrazil.co.uk\/en\/shop\/coador-de-cafe-de-pano-grande-michelon\/","title":{"rendered":"Coador de Caf\u00e9 de Pano Medio Michelon"},"content":{"rendered":"<p><strong data-start=\"349\" data-end=\"390\">Coador de Caf\u00e9 de Pano M\u00e9dio Michelon<\/strong> \u2014 tradicional e funcional, este coador \u00e9 confeccionado com pano 100 % algod\u00e3o, aro e cabo de pl\u00e1stico resistentes. Seu tamanho m\u00e9dio equilibra praticidade e capacidade, ideal para preparar caf\u00e9 com sabor encorpado e autenticidade artesanal. Reutiliz\u00e1vel, sustent\u00e1vel e f\u00e1cil de limpar, \u00e9 perfeito para quem aprecia m\u00e9todos cl\u00e1ssicos de preparo e deseja uma bebida rica em aroma e textura.<\/p>","protected":false},"excerpt":{"rendered":"<p>Coador de Caf\u00e9 de Pano M\u00e9dio Michelon \u2014 tradicional e funcional, este coador \u00e9 confeccionado com pano 100 % algod\u00e3o, aro e cabo de pl\u00e1stico resistentes. Seu tamanho m\u00e9dio equilibra praticidade e capacidade, ideal para preparar caf\u00e9 com sabor encorpado e autenticidade artesanal. Reutiliz\u00e1vel, sustent\u00e1vel e f\u00e1cil de limpar, \u00e9 perfeito para quem aprecia m\u00e9todos [&hellip;]<\/p>","protected":false},"featured_media":9150,"comment_status":"open","ping_status":"closed","template":"","meta":{"_acf_changed":false,"_glsr_average":0,"_glsr_ranking":0,"_glsr_reviews":0},"product_brand":[],"product_cat":[107,45],"product_tag":[],"class_list":{"0":"post-7893","1":"product","2":"type-product","3":"status-publish","4":"has-post-thumbnail","6":"product_cat-cafes","7":"product_cat-others","9":"first","10":"instock","11":"taxable","12":"shipping-taxable","13":"purchasable","14":"product-type-simple"},"acf":[],"_links":{"self":[{"href":"https:\/\/mybrazil.co.uk\/en\/wp-json\/wp\/v2\/product\/7893","targetHints":{"allow":["GET"]}}],"collection":[{"href":"https:\/\/mybrazil.co.uk\/en\/wp-json\/wp\/v2\/product"}],"about":[{"href":"https:\/\/mybrazil.co.uk\/en\/wp-json\/wp\/v2\/types\/product"}],"replies":[{"embeddable":true,"href":"https:\/\/mybrazil.co.uk\/en\/wp-json\/wp\/v2\/comments?post=7893"}],"wp:featuredmedia":[{"embeddable":true,"href":"https:\/\/mybrazil.co.uk\/en\/wp-json\/wp\/v2\/media\/9150"}],"wp:attachment":[{"href":"https:\/\/mybrazil.co.uk\/en\/wp-json\/wp\/v2\/media?parent=7893"}],"wp:term":[{"taxonomy":"product_brand","embeddable":true,"href":"https:\/\/mybrazil.co.uk\/en\/wp-json\/wp\/v2\/product_brand?post=7893"},{"taxonomy":"product_cat","embeddable":true,"href":"https:\/\/mybrazil.co.uk\/en\/wp-json\/wp\/v2\/product_cat?post=7893"},{"taxonomy":"product_tag","embeddable":true,"href":"https:\/\/mybrazil.co.uk\/en\/wp-json\/wp\/v2\/product_tag?post=7893"}],"curies":[{"name":"wp","href":"https:\/\/api.w.org\/{rel}","templated":true}]}}