{"id":7693,"date":"2025-02-28T13:25:26","date_gmt":"2025-02-28T13:25:26","guid":{"rendered":"https:\/\/mybrazil.co.uk\/?post_type=product&#038;p=7693"},"modified":"2026-04-18T13:08:34","modified_gmt":"2026-04-18T12:08:34","slug":"queijo-coalho-retangular-ipanema-350g","status":"publish","type":"product","link":"https:\/\/mybrazil.co.uk\/en\/shop\/queijo-coalho-retangular-ipanema-350g\/","title":{"rendered":"Queijo coalho Retangular Ipanema 350g"},"content":{"rendered":"<p><strong data-start=\"304\" data-end=\"335\">Queijo Coalho Ipanema 350 g<\/strong> \u2014 queijo tradicional brasileiro de textura firme, levemente salgado e sabor caracter\u00edstico. Ideal para grelhar, assar ou fritar, pois mant\u00e9m sua forma sem derreter facilmente, formando uma casquinha dourada por fora e macia por dentro. Muito utilizado em churrascos, petiscos, caf\u00e9s da manh\u00e3 ou acompanhado de mel, carnes e pratos t\u00edpicos brasileiros.<\/p>","protected":false},"excerpt":{"rendered":"<p>Queijo Coalho Ipanema 350 g \u2014 queijo tradicional brasileiro de textura firme, levemente salgado e sabor caracter\u00edstico. Ideal para grelhar, assar ou fritar, pois mant\u00e9m sua forma sem derreter facilmente, formando uma casquinha dourada por fora e macia por dentro. Muito utilizado em churrascos, petiscos, caf\u00e9s da manh\u00e3 ou acompanhado de mel, carnes e pratos [&hellip;]<\/p>","protected":false},"featured_media":7694,"comment_status":"open","ping_status":"closed","template":"","meta":{"_acf_changed":false,"_glsr_average":0,"_glsr_ranking":0,"_glsr_reviews":0},"product_brand":[],"product_cat":[43,106],"product_tag":[],"class_list":{"0":"post-7693","1":"product","2":"type-product","3":"status-publish","4":"has-post-thumbnail","6":"product_cat-grocery","7":"product_cat-queijos-e-laticinios","9":"first","10":"instock","11":"taxable","12":"shipping-taxable","13":"purchasable","14":"product-type-simple"},"acf":[],"_links":{"self":[{"href":"https:\/\/mybrazil.co.uk\/en\/wp-json\/wp\/v2\/product\/7693","targetHints":{"allow":["GET"]}}],"collection":[{"href":"https:\/\/mybrazil.co.uk\/en\/wp-json\/wp\/v2\/product"}],"about":[{"href":"https:\/\/mybrazil.co.uk\/en\/wp-json\/wp\/v2\/types\/product"}],"replies":[{"embeddable":true,"href":"https:\/\/mybrazil.co.uk\/en\/wp-json\/wp\/v2\/comments?post=7693"}],"wp:featuredmedia":[{"embeddable":true,"href":"https:\/\/mybrazil.co.uk\/en\/wp-json\/wp\/v2\/media\/7694"}],"wp:attachment":[{"href":"https:\/\/mybrazil.co.uk\/en\/wp-json\/wp\/v2\/media?parent=7693"}],"wp:term":[{"taxonomy":"product_brand","embeddable":true,"href":"https:\/\/mybrazil.co.uk\/en\/wp-json\/wp\/v2\/product_brand?post=7693"},{"taxonomy":"product_cat","embeddable":true,"href":"https:\/\/mybrazil.co.uk\/en\/wp-json\/wp\/v2\/product_cat?post=7693"},{"taxonomy":"product_tag","embeddable":true,"href":"https:\/\/mybrazil.co.uk\/en\/wp-json\/wp\/v2\/product_tag?post=7693"}],"curies":[{"name":"wp","href":"https:\/\/api.w.org\/{rel}","templated":true}]}}