{"id":7504,"date":"2025-02-10T17:03:43","date_gmt":"2025-02-10T17:03:43","guid":{"rendered":"https:\/\/mybrazil.co.uk\/?post_type=product&#038;p=7504"},"modified":"2026-04-14T16:45:26","modified_gmt":"2026-04-14T15:45:26","slug":"maria-mole-unitaria","status":"publish","type":"product","link":"https:\/\/mybrazil.co.uk\/en\/shop\/maria-mole-unitaria\/","title":{"rendered":"Maria Mole 2 unidades"},"content":{"rendered":"<p><strong data-start=\"138\" data-end=\"183\">Maria Mole (2 unidades \u2013 branco e marrom)<\/strong> \u00e9 um doce tradicional brasileiro de textura leve e aerada, semelhante a um marshmallow macio, coberto com coco ralado. Nesta vers\u00e3o, inclui duas unidades com sabores cl\u00e1ssicos: branca (baunilha) e marrom (chocolate), oferecendo variedade e sabor em um s\u00f3 produto. Ideal para sobremesas, festas ou consumo direto, proporciona uma experi\u00eancia doce, suave e nost\u00e1lgica, t\u00edpica da culin\u00e1ria brasileira.<\/p>","protected":false},"excerpt":{"rendered":"<p>Maria Mole (2 unidades \u2013 branco e marrom) \u00e9 um doce tradicional brasileiro de textura leve e aerada, semelhante a um marshmallow macio, coberto com coco ralado. Nesta vers\u00e3o, inclui duas unidades com sabores cl\u00e1ssicos: branca (baunilha) e marrom (chocolate), oferecendo variedade e sabor em um s\u00f3 produto. Ideal para sobremesas, festas ou consumo direto, [&hellip;]<\/p>","protected":false},"featured_media":7505,"comment_status":"open","ping_status":"closed","template":"","meta":{"_acf_changed":false,"_glsr_average":0,"_glsr_ranking":0,"_glsr_reviews":0},"product_brand":[],"product_cat":[46],"product_tag":[],"class_list":{"0":"post-7504","1":"product","2":"type-product","3":"status-publish","4":"has-post-thumbnail","6":"product_cat-sweets","8":"first","9":"instock","10":"taxable","11":"shipping-taxable","12":"purchasable","13":"product-type-simple"},"acf":[],"_links":{"self":[{"href":"https:\/\/mybrazil.co.uk\/en\/wp-json\/wp\/v2\/product\/7504","targetHints":{"allow":["GET"]}}],"collection":[{"href":"https:\/\/mybrazil.co.uk\/en\/wp-json\/wp\/v2\/product"}],"about":[{"href":"https:\/\/mybrazil.co.uk\/en\/wp-json\/wp\/v2\/types\/product"}],"replies":[{"embeddable":true,"href":"https:\/\/mybrazil.co.uk\/en\/wp-json\/wp\/v2\/comments?post=7504"}],"wp:featuredmedia":[{"embeddable":true,"href":"https:\/\/mybrazil.co.uk\/en\/wp-json\/wp\/v2\/media\/7505"}],"wp:attachment":[{"href":"https:\/\/mybrazil.co.uk\/en\/wp-json\/wp\/v2\/media?parent=7504"}],"wp:term":[{"taxonomy":"product_brand","embeddable":true,"href":"https:\/\/mybrazil.co.uk\/en\/wp-json\/wp\/v2\/product_brand?post=7504"},{"taxonomy":"product_cat","embeddable":true,"href":"https:\/\/mybrazil.co.uk\/en\/wp-json\/wp\/v2\/product_cat?post=7504"},{"taxonomy":"product_tag","embeddable":true,"href":"https:\/\/mybrazil.co.uk\/en\/wp-json\/wp\/v2\/product_tag?post=7504"}],"curies":[{"name":"wp","href":"https:\/\/api.w.org\/{rel}","templated":true}]}}