{"id":7485,"date":"2025-02-10T16:19:16","date_gmt":"2025-02-10T16:19:16","guid":{"rendered":"https:\/\/mybrazil.co.uk\/?post_type=product&#038;p=7485"},"modified":"2026-04-20T14:19:58","modified_gmt":"2026-04-20T13:19:58","slug":"pinho-sol-original-500ml","status":"publish","type":"product","link":"https:\/\/mybrazil.co.uk\/en\/shop\/pinho-sol-original-500ml\/","title":{"rendered":"Pinho Sol Original 500ml"},"content":{"rendered":"<p>Desinfetante l\u00edquido de uso geral, projetado para limpar, perfumar e desinfetar ambientes dom\u00e9sticos e profissionais. Sua f\u00f3rmula elimina <strong data-start=\"298\" data-end=\"338\">99,9% das bact\u00e9rias, germes e fungos<\/strong>, enquanto a fragr\u00e2ncia cl\u00e1ssica de pinho deixa o ambiente com sensa\u00e7\u00e3o de limpeza e frescor. O produto possui excelente rendimento: com 500 ml \u00e9 poss\u00edvel diluir e preparar at\u00e9 25 litros de solu\u00e7\u00e3o de limpeza. Ideal para pisos, azulejos, sanit\u00e1rios, pias, ralos e outros espa\u00e7os que exigem higiene eficiente e perfumada.<\/p>","protected":false},"excerpt":{"rendered":"<p>Desinfetante l\u00edquido de uso geral, projetado para limpar, perfumar e desinfetar ambientes dom\u00e9sticos e profissionais. Sua f\u00f3rmula elimina 99,9% das bact\u00e9rias, germes e fungos, enquanto a fragr\u00e2ncia cl\u00e1ssica de pinho deixa o ambiente com sensa\u00e7\u00e3o de limpeza e frescor. O produto possui excelente rendimento: com 500 ml \u00e9 poss\u00edvel diluir e preparar at\u00e9 25 litros [&hellip;]<\/p>","protected":false},"featured_media":7486,"comment_status":"open","ping_status":"closed","template":"","meta":{"_acf_changed":false,"_glsr_average":0,"_glsr_ranking":0,"_glsr_reviews":0},"product_brand":[],"product_cat":[39],"product_tag":[],"class_list":{"0":"post-7485","1":"product","2":"type-product","3":"status-publish","4":"has-post-thumbnail","6":"product_cat-appliance","8":"first","9":"instock","10":"taxable","11":"shipping-taxable","12":"purchasable","13":"product-type-simple"},"acf":[],"_links":{"self":[{"href":"https:\/\/mybrazil.co.uk\/en\/wp-json\/wp\/v2\/product\/7485","targetHints":{"allow":["GET"]}}],"collection":[{"href":"https:\/\/mybrazil.co.uk\/en\/wp-json\/wp\/v2\/product"}],"about":[{"href":"https:\/\/mybrazil.co.uk\/en\/wp-json\/wp\/v2\/types\/product"}],"replies":[{"embeddable":true,"href":"https:\/\/mybrazil.co.uk\/en\/wp-json\/wp\/v2\/comments?post=7485"}],"wp:featuredmedia":[{"embeddable":true,"href":"https:\/\/mybrazil.co.uk\/en\/wp-json\/wp\/v2\/media\/7486"}],"wp:attachment":[{"href":"https:\/\/mybrazil.co.uk\/en\/wp-json\/wp\/v2\/media?parent=7485"}],"wp:term":[{"taxonomy":"product_brand","embeddable":true,"href":"https:\/\/mybrazil.co.uk\/en\/wp-json\/wp\/v2\/product_brand?post=7485"},{"taxonomy":"product_cat","embeddable":true,"href":"https:\/\/mybrazil.co.uk\/en\/wp-json\/wp\/v2\/product_cat?post=7485"},{"taxonomy":"product_tag","embeddable":true,"href":"https:\/\/mybrazil.co.uk\/en\/wp-json\/wp\/v2\/product_tag?post=7485"}],"curies":[{"name":"wp","href":"https:\/\/api.w.org\/{rel}","templated":true}]}}