{"id":6436,"date":"2025-01-07T13:58:39","date_gmt":"2025-01-07T13:58:39","guid":{"rendered":"https:\/\/mybrazil.co.uk\/?post_type=product&#038;p=6436"},"modified":"2026-04-10T16:59:36","modified_gmt":"2026-04-10T15:59:36","slug":"cravinho-grao-22g","status":"publish","type":"product","link":"https:\/\/mybrazil.co.uk\/en\/shop\/cravinho-grao-22g\/","title":{"rendered":"Cravinho Grao 22g Margao"},"content":{"rendered":"<p>Cravinho em gr\u00e3o Marg\u00e3o (22g) \u00e9 uma especiaria arom\u00e1tica de sabor intenso e ligeiramente picante, ideal para dar profundidade e fragr\u00e2ncia \u00e0s suas receitas. Rico em \u00f3leos essenciais, \u00e9 amplamente utilizado tanto em pratos doces como salgados, incluindo carnes, aves, marinadas, sobremesas e bebidas quentes. A sua versatilidade torna-o indispens\u00e1vel na cozinha, proporcionando um toque quente e ex\u00f3tico a cada prepara\u00e7\u00e3o.<\/p>","protected":false},"excerpt":{"rendered":"<p>Cravinho em gr\u00e3o Marg\u00e3o (22g) \u00e9 uma especiaria arom\u00e1tica de sabor intenso e ligeiramente picante, ideal para dar profundidade e fragr\u00e2ncia \u00e0s suas receitas. Rico em \u00f3leos essenciais, \u00e9 amplamente utilizado tanto em pratos doces como salgados, incluindo carnes, aves, marinadas, sobremesas e bebidas quentes. A sua versatilidade torna-o indispens\u00e1vel na cozinha, proporcionando um toque [&hellip;]<\/p>","protected":false},"featured_media":10617,"comment_status":"open","ping_status":"closed","template":"","meta":{"_acf_changed":false,"_glsr_average":0,"_glsr_ranking":0,"_glsr_reviews":0},"product_brand":[],"product_cat":[86,41],"product_tag":[],"class_list":{"0":"post-6436","1":"product","2":"type-product","3":"status-publish","4":"has-post-thumbnail","6":"product_cat-condiment-2","7":"product_cat-condiments-and-sauce","9":"first","10":"instock","11":"taxable","12":"shipping-taxable","13":"purchasable","14":"product-type-simple"},"acf":[],"_links":{"self":[{"href":"https:\/\/mybrazil.co.uk\/en\/wp-json\/wp\/v2\/product\/6436","targetHints":{"allow":["GET"]}}],"collection":[{"href":"https:\/\/mybrazil.co.uk\/en\/wp-json\/wp\/v2\/product"}],"about":[{"href":"https:\/\/mybrazil.co.uk\/en\/wp-json\/wp\/v2\/types\/product"}],"replies":[{"embeddable":true,"href":"https:\/\/mybrazil.co.uk\/en\/wp-json\/wp\/v2\/comments?post=6436"}],"wp:featuredmedia":[{"embeddable":true,"href":"https:\/\/mybrazil.co.uk\/en\/wp-json\/wp\/v2\/media\/10617"}],"wp:attachment":[{"href":"https:\/\/mybrazil.co.uk\/en\/wp-json\/wp\/v2\/media?parent=6436"}],"wp:term":[{"taxonomy":"product_brand","embeddable":true,"href":"https:\/\/mybrazil.co.uk\/en\/wp-json\/wp\/v2\/product_brand?post=6436"},{"taxonomy":"product_cat","embeddable":true,"href":"https:\/\/mybrazil.co.uk\/en\/wp-json\/wp\/v2\/product_cat?post=6436"},{"taxonomy":"product_tag","embeddable":true,"href":"https:\/\/mybrazil.co.uk\/en\/wp-json\/wp\/v2\/product_tag?post=6436"}],"curies":[{"name":"wp","href":"https:\/\/api.w.org\/{rel}","templated":true}]}}