{"id":6318,"date":"2024-12-17T20:43:51","date_gmt":"2024-12-17T20:43:51","guid":{"rendered":"https:\/\/mybrazil.co.uk\/?post_type=product&#038;p=6318"},"modified":"2026-04-16T11:00:46","modified_gmt":"2026-04-16T10:00:46","slug":"caldo-de-frango-knorr-24-cubos","status":"publish","type":"product","link":"https:\/\/mybrazil.co.uk\/en\/shop\/caldo-de-frango-knorr-24-cubos\/","title":{"rendered":"Caldo de legumes 8 cubos 80g Knorr"},"content":{"rendered":"<p>Uma solu\u00e7\u00e3o pr\u00e1tica e saborosa para real\u00e7ar o gosto natural dos seus pratos. Elaborado com uma combina\u00e7\u00e3o equilibrada de legumes, ervas e especiarias, cada cubo dissolve-se facilmente em \u00e1gua quente, criando um caldo rico e arom\u00e1tico. Ideal para sopas, arroz, massas, molhos e refogados, \u00e9 um aliado indispens\u00e1vel para cozinhar de forma r\u00e1pida sem comprometer o sabor.<\/p>","protected":false},"excerpt":{"rendered":"<p>Uma solu\u00e7\u00e3o pr\u00e1tica e saborosa para real\u00e7ar o gosto natural dos seus pratos. Elaborado com uma combina\u00e7\u00e3o equilibrada de legumes, ervas e especiarias, cada cubo dissolve-se facilmente em \u00e1gua quente, criando um caldo rico e arom\u00e1tico. Ideal para sopas, arroz, massas, molhos e refogados, \u00e9 um aliado indispens\u00e1vel para cozinhar de forma r\u00e1pida sem comprometer [&hellip;]<\/p>","protected":false},"featured_media":10619,"comment_status":"open","ping_status":"closed","template":"","meta":{"_acf_changed":false,"_glsr_average":0,"_glsr_ranking":0,"_glsr_reviews":0},"product_brand":[],"product_cat":[43,41],"product_tag":[],"class_list":{"0":"post-6318","1":"product","2":"type-product","3":"status-publish","4":"has-post-thumbnail","6":"product_cat-grocery","7":"product_cat-condiments-and-sauce","9":"first","10":"instock","11":"taxable","12":"shipping-taxable","13":"purchasable","14":"product-type-simple"},"acf":[],"_links":{"self":[{"href":"https:\/\/mybrazil.co.uk\/en\/wp-json\/wp\/v2\/product\/6318","targetHints":{"allow":["GET"]}}],"collection":[{"href":"https:\/\/mybrazil.co.uk\/en\/wp-json\/wp\/v2\/product"}],"about":[{"href":"https:\/\/mybrazil.co.uk\/en\/wp-json\/wp\/v2\/types\/product"}],"replies":[{"embeddable":true,"href":"https:\/\/mybrazil.co.uk\/en\/wp-json\/wp\/v2\/comments?post=6318"}],"wp:featuredmedia":[{"embeddable":true,"href":"https:\/\/mybrazil.co.uk\/en\/wp-json\/wp\/v2\/media\/10619"}],"wp:attachment":[{"href":"https:\/\/mybrazil.co.uk\/en\/wp-json\/wp\/v2\/media?parent=6318"}],"wp:term":[{"taxonomy":"product_brand","embeddable":true,"href":"https:\/\/mybrazil.co.uk\/en\/wp-json\/wp\/v2\/product_brand?post=6318"},{"taxonomy":"product_cat","embeddable":true,"href":"https:\/\/mybrazil.co.uk\/en\/wp-json\/wp\/v2\/product_cat?post=6318"},{"taxonomy":"product_tag","embeddable":true,"href":"https:\/\/mybrazil.co.uk\/en\/wp-json\/wp\/v2\/product_tag?post=6318"}],"curies":[{"name":"wp","href":"https:\/\/api.w.org\/{rel}","templated":true}]}}