{"id":6316,"date":"2024-12-17T20:41:27","date_gmt":"2024-12-17T20:41:27","guid":{"rendered":"https:\/\/mybrazil.co.uk\/?post_type=product&#038;p=6316"},"modified":"2026-03-30T10:11:24","modified_gmt":"2026-03-30T09:11:24","slug":"caldo-de-carne-knorr-24-cubos","status":"publish","type":"product","link":"https:\/\/mybrazil.co.uk\/en\/shop\/caldo-de-carne-knorr-24-cubos\/","title":{"rendered":"Caldo de Marisco 8 cubos Knorr"},"content":{"rendered":"<p>O <strong data-start=\"77\" data-end=\"111\">Caldo de Marisco Knorr 8 Cubos<\/strong> \u00e9 um tempero desidratado em cubos que traz todo o sabor e aroma dos frutos-do-mar na sua culin\u00e1ria. Perfeito para enriquecer arroz de marisco, sopas, caldeiradas, paellas, molhos e pratos com peixe e marisco, basta dissolver um cubo em \u00e1gua quente para obter um caldo saboroso, pr\u00e1tico e vers\u00e1til. Sua f\u00f3rmula concentrada assegura sabor intenso e rendimento econ\u00f4mico, ideal tanto para uso dom\u00e9stico quanto profissional.<\/p>\n<h2 data-start=\"1058\" data-end=\"1094\"><strong data-start=\"1061\" data-end=\"1092\">Ingredientes \/ Ingredients:<\/strong><\/h2>\n<p data-start=\"1095\" data-end=\"1484\">Sal, gordura de palma e gordura de palma totalmente hidrogenada, intensificadores de sabor (glutamato monoss\u00f3dico, guanilato e inosinato diss\u00f3dicos), piment\u00e3o\/paprica, pur\u00e9 de tomate, <strong data-start=\"1279\" data-end=\"1290\">camar\u00e3o<\/strong>, cebola, amido, extrato de camar\u00e3o, extrato de lagosta, pimenta, aromas, extrato de levedura e raiz de salsa. Pode conter tra\u00e7os de aipo, peixe e moluscos.<\/p>","protected":false},"excerpt":{"rendered":"<p>O Caldo de Marisco Knorr 8 Cubos \u00e9 um tempero desidratado em cubos que traz todo o sabor e aroma dos frutos-do-mar na sua culin\u00e1ria. Perfeito para enriquecer arroz de marisco, sopas, caldeiradas, paellas, molhos e pratos com peixe e marisco, basta dissolver um cubo em \u00e1gua quente para obter um caldo saboroso, pr\u00e1tico e [&hellip;]<\/p>","protected":false},"featured_media":10332,"comment_status":"open","ping_status":"closed","template":"","meta":{"_acf_changed":false,"_glsr_average":0,"_glsr_ranking":0,"_glsr_reviews":0},"product_brand":[],"product_cat":[43,41],"product_tag":[],"class_list":{"0":"post-6316","1":"product","2":"type-product","3":"status-publish","4":"has-post-thumbnail","6":"product_cat-grocery","7":"product_cat-condiments-and-sauce","9":"first","10":"instock","11":"taxable","12":"shipping-taxable","13":"purchasable","14":"product-type-simple"},"acf":[],"_links":{"self":[{"href":"https:\/\/mybrazil.co.uk\/en\/wp-json\/wp\/v2\/product\/6316","targetHints":{"allow":["GET"]}}],"collection":[{"href":"https:\/\/mybrazil.co.uk\/en\/wp-json\/wp\/v2\/product"}],"about":[{"href":"https:\/\/mybrazil.co.uk\/en\/wp-json\/wp\/v2\/types\/product"}],"replies":[{"embeddable":true,"href":"https:\/\/mybrazil.co.uk\/en\/wp-json\/wp\/v2\/comments?post=6316"}],"wp:featuredmedia":[{"embeddable":true,"href":"https:\/\/mybrazil.co.uk\/en\/wp-json\/wp\/v2\/media\/10332"}],"wp:attachment":[{"href":"https:\/\/mybrazil.co.uk\/en\/wp-json\/wp\/v2\/media?parent=6316"}],"wp:term":[{"taxonomy":"product_brand","embeddable":true,"href":"https:\/\/mybrazil.co.uk\/en\/wp-json\/wp\/v2\/product_brand?post=6316"},{"taxonomy":"product_cat","embeddable":true,"href":"https:\/\/mybrazil.co.uk\/en\/wp-json\/wp\/v2\/product_cat?post=6316"},{"taxonomy":"product_tag","embeddable":true,"href":"https:\/\/mybrazil.co.uk\/en\/wp-json\/wp\/v2\/product_tag?post=6316"}],"curies":[{"name":"wp","href":"https:\/\/api.w.org\/{rel}","templated":true}]}}