{"id":6028,"date":"2024-11-22T12:40:53","date_gmt":"2024-11-22T12:40:53","guid":{"rendered":"https:\/\/mybrazil.co.uk\/?post_type=product&#038;p=6028"},"modified":"2026-04-04T14:39:55","modified_gmt":"2026-04-04T13:39:55","slug":"soro-fisiologico-aga-100ml","status":"publish","type":"product","link":"https:\/\/mybrazil.co.uk\/en\/shop\/soro-fisiologico-aga-100ml\/","title":{"rendered":"Soro Fisiologico AGA 100ml"},"content":{"rendered":"<p>Solu\u00e7\u00e3o salina est\u00e9ril 0,9% para uso t\u00f3pico, indicada para higiene nasal, lavagem de fossas nasais e aux\u00edlio na fluidifica\u00e7\u00e3o das secre\u00e7\u00f5es, tornando-se ideal em casos de congest\u00e3o, rinite ou para uso em ambientes secos. Packaging de 100 ml: f\u00e1cil de transportar, uso pr\u00e1tico no dia-a-dia.<\/p>","protected":false},"excerpt":{"rendered":"<p>Solu\u00e7\u00e3o salina est\u00e9ril 0,9% para uso t\u00f3pico, indicada para higiene nasal, lavagem de fossas nasais e aux\u00edlio na fluidifica\u00e7\u00e3o das secre\u00e7\u00f5es, tornando-se ideal em casos de congest\u00e3o, rinite ou para uso em ambientes secos. Packaging de 100 ml: f\u00e1cil de transportar, uso pr\u00e1tico no dia-a-dia.<\/p>","protected":false},"featured_media":6029,"comment_status":"open","ping_status":"closed","template":"","meta":{"_acf_changed":false,"_glsr_average":0,"_glsr_ranking":0,"_glsr_reviews":0},"product_brand":[],"product_cat":[39],"product_tag":[],"class_list":{"0":"post-6028","1":"product","2":"type-product","3":"status-publish","4":"has-post-thumbnail","6":"product_cat-appliance","8":"first","9":"outofstock","10":"purchasable","11":"product-type-simple"},"acf":[],"_links":{"self":[{"href":"https:\/\/mybrazil.co.uk\/en\/wp-json\/wp\/v2\/product\/6028","targetHints":{"allow":["GET"]}}],"collection":[{"href":"https:\/\/mybrazil.co.uk\/en\/wp-json\/wp\/v2\/product"}],"about":[{"href":"https:\/\/mybrazil.co.uk\/en\/wp-json\/wp\/v2\/types\/product"}],"replies":[{"embeddable":true,"href":"https:\/\/mybrazil.co.uk\/en\/wp-json\/wp\/v2\/comments?post=6028"}],"wp:featuredmedia":[{"embeddable":true,"href":"https:\/\/mybrazil.co.uk\/en\/wp-json\/wp\/v2\/media\/6029"}],"wp:attachment":[{"href":"https:\/\/mybrazil.co.uk\/en\/wp-json\/wp\/v2\/media?parent=6028"}],"wp:term":[{"taxonomy":"product_brand","embeddable":true,"href":"https:\/\/mybrazil.co.uk\/en\/wp-json\/wp\/v2\/product_brand?post=6028"},{"taxonomy":"product_cat","embeddable":true,"href":"https:\/\/mybrazil.co.uk\/en\/wp-json\/wp\/v2\/product_cat?post=6028"},{"taxonomy":"product_tag","embeddable":true,"href":"https:\/\/mybrazil.co.uk\/en\/wp-json\/wp\/v2\/product_tag?post=6028"}],"curies":[{"name":"wp","href":"https:\/\/api.w.org\/{rel}","templated":true}]}}