{"id":5932,"date":"2024-10-18T14:38:31","date_gmt":"2024-10-18T13:38:31","guid":{"rendered":"https:\/\/mybrazil.co.uk\/?post_type=product&#038;p=5932"},"modified":"2026-04-15T10:17:51","modified_gmt":"2026-04-15T09:17:51","slug":"bacalhau-desfiado-shredded-500g","status":"publish","type":"product","link":"https:\/\/mybrazil.co.uk\/en\/shop\/bacalhau-desfiado-shredded-500g\/","title":{"rendered":"Bacalhau do Pacifico Desfiado  500g Sr. Bacalhau"},"content":{"rendered":"<p><strong data-start=\"245\" data-end=\"299\">Bacalhau do Pac\u00edfico Desfiado 500 g \u2013 Sr. Bacalhau<\/strong> \u00e9 um bacalhau pr\u00e9-preparado e desfiado, ideal para agilizar o preparo de receitas cl\u00e1ssicas ou modernas. Produzido a partir de bacalhau do Oceano Pac\u00edfico e sal, j\u00e1 vem pronto para descongelar e usar em pratos como bacalhoadas, bolinhos de bacalhau, tortas, saladas e cozidos. Com textura firme e sabor delicado t\u00edpico do bacalhau, este produto \u00e9 vers\u00e1til e pr\u00e1tico para o dia a dia ou ocasi\u00f5es especiais na cozinha.<\/p>\n<h4 data-start=\"1274\" data-end=\"1305\">Ingredientes \/ Ingredients<\/h4>\n<ul data-start=\"1306\" data-end=\"1400\">\n<li data-start=\"1306\" data-end=\"1356\">\n<p data-start=\"1308\" data-end=\"1356\"><strong data-start=\"1308\" data-end=\"1354\">Bacalhau do Pac\u00edfico (Gadus macrocephalus)<\/strong><\/p>\n<\/li>\n<li data-start=\"1357\" data-end=\"1400\">\n<p data-start=\"1359\" data-end=\"1400\">Sal<\/p>\n<\/li>\n<\/ul>\n<p>&nbsp;<\/p>","protected":false},"excerpt":{"rendered":"<p>Bacalhau do Pac\u00edfico Desfiado 500 g \u2013 Sr. Bacalhau \u00e9 um bacalhau pr\u00e9-preparado e desfiado, ideal para agilizar o preparo de receitas cl\u00e1ssicas ou modernas. Produzido a partir de bacalhau do Oceano Pac\u00edfico e sal, j\u00e1 vem pronto para descongelar e usar em pratos como bacalhoadas, bolinhos de bacalhau, tortas, saladas e cozidos. Com textura [&hellip;]<\/p>","protected":false},"featured_media":9585,"comment_status":"open","ping_status":"closed","template":"","meta":{"_acf_changed":false,"_glsr_average":0,"_glsr_ranking":0,"_glsr_reviews":0},"product_brand":[],"product_cat":[80,105],"product_tag":[],"class_list":{"0":"post-5932","1":"product","2":"type-product","3":"status-publish","4":"has-post-thumbnail","6":"product_cat-congelados","7":"product_cat-peixes","9":"first","10":"instock","11":"shipping-taxable","12":"purchasable","13":"product-type-simple"},"acf":[],"_links":{"self":[{"href":"https:\/\/mybrazil.co.uk\/en\/wp-json\/wp\/v2\/product\/5932","targetHints":{"allow":["GET"]}}],"collection":[{"href":"https:\/\/mybrazil.co.uk\/en\/wp-json\/wp\/v2\/product"}],"about":[{"href":"https:\/\/mybrazil.co.uk\/en\/wp-json\/wp\/v2\/types\/product"}],"replies":[{"embeddable":true,"href":"https:\/\/mybrazil.co.uk\/en\/wp-json\/wp\/v2\/comments?post=5932"}],"wp:featuredmedia":[{"embeddable":true,"href":"https:\/\/mybrazil.co.uk\/en\/wp-json\/wp\/v2\/media\/9585"}],"wp:attachment":[{"href":"https:\/\/mybrazil.co.uk\/en\/wp-json\/wp\/v2\/media?parent=5932"}],"wp:term":[{"taxonomy":"product_brand","embeddable":true,"href":"https:\/\/mybrazil.co.uk\/en\/wp-json\/wp\/v2\/product_brand?post=5932"},{"taxonomy":"product_cat","embeddable":true,"href":"https:\/\/mybrazil.co.uk\/en\/wp-json\/wp\/v2\/product_cat?post=5932"},{"taxonomy":"product_tag","embeddable":true,"href":"https:\/\/mybrazil.co.uk\/en\/wp-json\/wp\/v2\/product_tag?post=5932"}],"curies":[{"name":"wp","href":"https:\/\/api.w.org\/{rel}","templated":true}]}}