{"id":5899,"date":"2024-10-09T04:31:45","date_gmt":"2024-10-09T03:31:45","guid":{"rendered":"https:\/\/mybrazil.co.uk\/produto\/nativa-spa-lilac-400ml\/"},"modified":"2025-12-05T13:27:33","modified_gmt":"2025-12-05T13:27:33","slug":"nativa-spa-lilac-400ml","status":"publish","type":"product","link":"https:\/\/mybrazil.co.uk\/en\/shop\/nativa-spa-lilac-400ml\/","title":{"rendered":"Locao Hidratante Lilac 400ml NativaSPA"},"content":{"rendered":"<p>F\u00f3rmula desenvolvida com <strong data-start=\"333\" data-end=\"351\">\u00f3leo de quinoa<\/strong> e <strong data-start=\"354\" data-end=\"368\">bioretinol<\/strong>, que ajuda a renovar a pele e refor\u00e7ar sua barreira natural por at\u00e9 <strong data-start=\"437\" data-end=\"449\">48 horas<\/strong>. Sua textura cremosa de r\u00e1pida absor\u00e7\u00e3o deixa a pele macia e delicadamente perfumada com uma fragr\u00e2ncia floral elegante, inspirada na uni\u00e3o de <strong data-start=\"593\" data-end=\"627\">lavanda, \u00edris, violeta e lil\u00e1s<\/strong>. Com 97 % de ingredientes de origem natural e f\u00f3rmula vegana.<\/p>\n<p><strong data-start=\"1238\" data-end=\"1269\">Ingredientes \/ Ingredients:<\/strong><br data-start=\"1269\" data-end=\"1272\" \/>Aqua (Water); Glycerin; Cetearyl Alcohol; Glyceryl Stearate; Butyrospermum Parkii Butter (Shea Butter); Caprylic\/Capric Triglyceride; Parfum (Fragrance); Polysorbate 60; Sorbitan Stearate; Phenoxyethanol; PEG-100 Stearate; Hydroxyacetophenone; PEG-120 Distearate; Sodium Gluconate; Acrylates\/C10-30 Alkyl Acrylate Crosspolymer; Maltodextrin; Sodium Hydroxide; Nephelium Lappaceum Leaf Extract; Chenopodium Quinoa Seed Oil Ethyl Esters; Stearic Acid; Alpha-Isomethyl Ionone; Benzyl Benzoate; Citronellol; Coumarin; Geraniol; Hexyl Cinnamal; Hydroxycitronellal; Limonene; Linalool.<\/p>","protected":false},"excerpt":{"rendered":"<p>F\u00f3rmula desenvolvida com \u00f3leo de quinoa e bioretinol, que ajuda a renovar a pele e refor\u00e7ar sua barreira natural por at\u00e9 48 horas. Sua textura cremosa de r\u00e1pida absor\u00e7\u00e3o deixa a pele macia e delicadamente perfumada com uma fragr\u00e2ncia floral elegante, inspirada na uni\u00e3o de lavanda, \u00edris, violeta e lil\u00e1s. Com 97 % de ingredientes [&hellip;]<\/p>","protected":false},"featured_media":7685,"comment_status":"open","ping_status":"closed","template":"","meta":{"_acf_changed":false,"_glsr_average":0,"_glsr_ranking":0,"_glsr_reviews":0},"product_brand":[],"product_cat":[40],"product_tag":[],"class_list":{"0":"post-5899","1":"product","2":"type-product","3":"status-publish","4":"has-post-thumbnail","6":"product_cat-beauty","8":"first","9":"instock","10":"taxable","11":"shipping-taxable","12":"purchasable","13":"product-type-simple"},"acf":[],"_links":{"self":[{"href":"https:\/\/mybrazil.co.uk\/en\/wp-json\/wp\/v2\/product\/5899","targetHints":{"allow":["GET"]}}],"collection":[{"href":"https:\/\/mybrazil.co.uk\/en\/wp-json\/wp\/v2\/product"}],"about":[{"href":"https:\/\/mybrazil.co.uk\/en\/wp-json\/wp\/v2\/types\/product"}],"replies":[{"embeddable":true,"href":"https:\/\/mybrazil.co.uk\/en\/wp-json\/wp\/v2\/comments?post=5899"}],"wp:featuredmedia":[{"embeddable":true,"href":"https:\/\/mybrazil.co.uk\/en\/wp-json\/wp\/v2\/media\/7685"}],"wp:attachment":[{"href":"https:\/\/mybrazil.co.uk\/en\/wp-json\/wp\/v2\/media?parent=5899"}],"wp:term":[{"taxonomy":"product_brand","embeddable":true,"href":"https:\/\/mybrazil.co.uk\/en\/wp-json\/wp\/v2\/product_brand?post=5899"},{"taxonomy":"product_cat","embeddable":true,"href":"https:\/\/mybrazil.co.uk\/en\/wp-json\/wp\/v2\/product_cat?post=5899"},{"taxonomy":"product_tag","embeddable":true,"href":"https:\/\/mybrazil.co.uk\/en\/wp-json\/wp\/v2\/product_tag?post=5899"}],"curies":[{"name":"wp","href":"https:\/\/api.w.org\/{rel}","templated":true}]}}