{"id":5897,"date":"2024-10-09T04:31:44","date_gmt":"2024-10-09T03:31:44","guid":{"rendered":"https:\/\/mybrazil.co.uk\/produto\/locao-hid-cuide-se-bem-400ml\/"},"modified":"2026-03-27T11:30:40","modified_gmt":"2026-03-27T11:30:40","slug":"locao-hid-cuide-se-bem-400ml","status":"publish","type":"product","link":"https:\/\/mybrazil.co.uk\/en\/shop\/locao-hid-cuide-se-bem-400ml\/","title":{"rendered":"Locao Hidratante Nuvem 400ml Cuide-se Bem"},"content":{"rendered":"<p>Uma lo\u00e7\u00e3o leve e de r\u00e1pida absor\u00e7\u00e3o que hidrata profundamente sua pele por at\u00e9 <strong data-start=\"368\" data-end=\"380\">48 horas<\/strong>. F\u00f3rmula enriquecida com <strong data-start=\"406\" data-end=\"428\">manteiga de karit\u00e9<\/strong> e <strong data-start=\"431\" data-end=\"443\">glicerol<\/strong>, proporciona sensa\u00e7\u00e3o macia, toque sedoso e fragr\u00e2ncia fresca e delicada com toque floral-verde. Com 96,3 % de ingredientes naturais*, ideal para o uso di\u00e1rio.<\/p>\n<p><strong data-start=\"1148\" data-end=\"1179\">Ingredientes \/ Ingredients:<\/strong><br data-start=\"1179\" data-end=\"1182\" \/>Aqua (Water); Glycerin; Cetearyl Alcohol; Caprylic\/Capric Triglyceride; Butyrospermum Parkii (Shea) Butter; Glyceryl Stearate; Parfum (Fragrance); Isopropyl Palmitate; Polysorbate 60; Phenoxyethanol; Sorbitan Stearate; Polybutene; Hydroxyacetophenone; Sodium Gluconate; Xanthan Gum; Acrylates\/C10-30 Alkyl Acrylate Crosspolymer; Triethanolamine; Polysorbate 80; Gossypium Herbaceum Seed Oil (Cotton Seed Oil); Decylene Glycol; 1,2-Hexanediol; Tocopherol; Citric Acid; Citral; Hydroxycitronellal; Limonene; Linalool.<\/p>","protected":false},"excerpt":{"rendered":"<p>Uma lo\u00e7\u00e3o leve e de r\u00e1pida absor\u00e7\u00e3o que hidrata profundamente sua pele por at\u00e9 48 horas. F\u00f3rmula enriquecida com manteiga de karit\u00e9 e glicerol, proporciona sensa\u00e7\u00e3o macia, toque sedoso e fragr\u00e2ncia fresca e delicada com toque floral-verde. Com 96,3 % de ingredientes naturais*, ideal para o uso di\u00e1rio. Ingredientes \/ Ingredients:Aqua (Water); Glycerin; Cetearyl Alcohol; [&hellip;]<\/p>","protected":false},"featured_media":8414,"comment_status":"open","ping_status":"closed","template":"","meta":{"_acf_changed":false,"_glsr_average":0,"_glsr_ranking":0,"_glsr_reviews":0},"product_brand":[],"product_cat":[40],"product_tag":[],"class_list":{"0":"post-5897","1":"product","2":"type-product","3":"status-publish","4":"has-post-thumbnail","6":"product_cat-beauty","8":"first","9":"outofstock","10":"taxable","11":"shipping-taxable","12":"purchasable","13":"product-type-simple"},"acf":[],"_links":{"self":[{"href":"https:\/\/mybrazil.co.uk\/en\/wp-json\/wp\/v2\/product\/5897","targetHints":{"allow":["GET"]}}],"collection":[{"href":"https:\/\/mybrazil.co.uk\/en\/wp-json\/wp\/v2\/product"}],"about":[{"href":"https:\/\/mybrazil.co.uk\/en\/wp-json\/wp\/v2\/types\/product"}],"replies":[{"embeddable":true,"href":"https:\/\/mybrazil.co.uk\/en\/wp-json\/wp\/v2\/comments?post=5897"}],"wp:featuredmedia":[{"embeddable":true,"href":"https:\/\/mybrazil.co.uk\/en\/wp-json\/wp\/v2\/media\/8414"}],"wp:attachment":[{"href":"https:\/\/mybrazil.co.uk\/en\/wp-json\/wp\/v2\/media?parent=5897"}],"wp:term":[{"taxonomy":"product_brand","embeddable":true,"href":"https:\/\/mybrazil.co.uk\/en\/wp-json\/wp\/v2\/product_brand?post=5897"},{"taxonomy":"product_cat","embeddable":true,"href":"https:\/\/mybrazil.co.uk\/en\/wp-json\/wp\/v2\/product_cat?post=5897"},{"taxonomy":"product_tag","embeddable":true,"href":"https:\/\/mybrazil.co.uk\/en\/wp-json\/wp\/v2\/product_tag?post=5897"}],"curies":[{"name":"wp","href":"https:\/\/api.w.org\/{rel}","templated":true}]}}