{"id":5851,"date":"2024-10-09T04:31:04","date_gmt":"2024-10-09T03:31:04","guid":{"rendered":"https:\/\/mybrazil.co.uk\/produto\/malbec-flame\/"},"modified":"2026-01-24T01:44:09","modified_gmt":"2026-01-24T01:44:09","slug":"malbec-flame","status":"publish","type":"product","link":"https:\/\/mybrazil.co.uk\/en\/shop\/malbec-flame\/","title":{"rendered":"Malbec Flame 100ml"},"content":{"rendered":"<p>Elegante col\u00f4nia da fam\u00edlia olfativa <strong data-start=\"156\" data-end=\"177\">Amadeirado Chypre<\/strong>. Com um estilo marcante e sofisticado, combina notas de sa\u00edda c\u00edtricas e frescas (bergamota, ma\u00e7\u00e3, noz-moscada e tomilho) com um corpo arom\u00e1tico e especiado (mix de pimentas, gard\u00eania, flor de laranjeira, alecrim) e um fundo profundo e sensual \u2014 com acorde exclusivo de <strong data-start=\"448\" data-end=\"464\">uvas Nerello<\/strong>, madeira guaiaco, patchouli, cedro, couro, \u00e2mbar, resinas bals\u00e2micas, cashmeran, musgo, avel\u00e3 e vanilla. O resultado \u00e9 uma fragr\u00e2ncia intensa, confiante e envolvente, ideal para quem busca presen\u00e7a marcante em ocasi\u00f5es especiais ou sa\u00eddas noturnas.<\/p>","protected":false},"excerpt":{"rendered":"<p>Elegante col\u00f4nia da fam\u00edlia olfativa Amadeirado Chypre. Com um estilo marcante e sofisticado, combina notas de sa\u00edda c\u00edtricas e frescas (bergamota, ma\u00e7\u00e3, noz-moscada e tomilho) com um corpo arom\u00e1tico e especiado (mix de pimentas, gard\u00eania, flor de laranjeira, alecrim) e um fundo profundo e sensual \u2014 com acorde exclusivo de uvas Nerello, madeira guaiaco, patchouli, [&hellip;]<\/p>","protected":false},"featured_media":8524,"comment_status":"open","ping_status":"closed","template":"","meta":{"_acf_changed":false,"_glsr_average":0,"_glsr_ranking":0,"_glsr_reviews":0},"product_brand":[],"product_cat":[40],"product_tag":[],"class_list":{"0":"post-5851","1":"product","2":"type-product","3":"status-publish","4":"has-post-thumbnail","6":"product_cat-beauty","8":"first","9":"instock","10":"taxable","11":"shipping-taxable","12":"purchasable","13":"product-type-simple"},"acf":[],"_links":{"self":[{"href":"https:\/\/mybrazil.co.uk\/en\/wp-json\/wp\/v2\/product\/5851","targetHints":{"allow":["GET"]}}],"collection":[{"href":"https:\/\/mybrazil.co.uk\/en\/wp-json\/wp\/v2\/product"}],"about":[{"href":"https:\/\/mybrazil.co.uk\/en\/wp-json\/wp\/v2\/types\/product"}],"replies":[{"embeddable":true,"href":"https:\/\/mybrazil.co.uk\/en\/wp-json\/wp\/v2\/comments?post=5851"}],"wp:featuredmedia":[{"embeddable":true,"href":"https:\/\/mybrazil.co.uk\/en\/wp-json\/wp\/v2\/media\/8524"}],"wp:attachment":[{"href":"https:\/\/mybrazil.co.uk\/en\/wp-json\/wp\/v2\/media?parent=5851"}],"wp:term":[{"taxonomy":"product_brand","embeddable":true,"href":"https:\/\/mybrazil.co.uk\/en\/wp-json\/wp\/v2\/product_brand?post=5851"},{"taxonomy":"product_cat","embeddable":true,"href":"https:\/\/mybrazil.co.uk\/en\/wp-json\/wp\/v2\/product_cat?post=5851"},{"taxonomy":"product_tag","embeddable":true,"href":"https:\/\/mybrazil.co.uk\/en\/wp-json\/wp\/v2\/product_tag?post=5851"}],"curies":[{"name":"wp","href":"https:\/\/api.w.org\/{rel}","templated":true}]}}