{"id":5850,"date":"2024-10-09T04:31:03","date_gmt":"2024-10-09T03:31:03","guid":{"rendered":"https:\/\/mybrazil.co.uk\/produto\/creme-de-cebola-kitano-cream-of-onion-65g\/"},"modified":"2026-04-01T14:13:26","modified_gmt":"2026-04-01T13:13:26","slug":"creme-de-cebola-kitano-cream-of-onion-65g","status":"publish","type":"product","link":"https:\/\/mybrazil.co.uk\/en\/shop\/creme-de-cebola-kitano-cream-of-onion-65g\/","title":{"rendered":"Creme de Cebola 65g Kitano"},"content":{"rendered":"<p>mistura pr\u00e1tica para preparo de sopa ou molho com sabor rico de cebola. Tem 50-55% menos s\u00f3dio*, feita com ingredientes de qualidade que incluem cebola, especiarias e aromatizantes suaves. Ideal para refei\u00e7\u00f5es r\u00e1pidas, esse creme proporciona sabor e conforto, sem gorduras fortes, podendo ser usado puro como sopa ou combinado a outros ingredientes como legumes ou carnes para variar o prato.<\/p>\n<p>&nbsp;<\/p>\n<p><strong data-start=\"1034\" data-end=\"1065\">Ingredientes \/ Ingredients:<\/strong><br data-start=\"1065\" data-end=\"1068\" \/>Farinha de trigo enriquecida com ferro e \u00e1cido f\u00f3lico; f\u00e9cula de mandioca; cebola; sal; cloreto de pot\u00e1ssio; condimento preparado sabor cebola [farinha de arroz; maltodextrina; alho (alimento tratado por processo de irradia\u00e7\u00e3o); \u00f3leo vegetal; a\u00e7\u00facar; aromatizantes; antiumectante di\u00f3xido de sil\u00edcio; real\u00e7ador de sabor glutamato monoss\u00f3dico; antioxidante \u00e1cido asc\u00f3rbico]; \u00f3leo vegetal; a\u00e7\u00facar; pimenta-branca; real\u00e7adores de sabor glutamato monoss\u00f3dico e inosinato diss\u00f3dico.<br data-start=\"1544\" data-end=\"1547\" \/>AL\u00c9RGICOS: cont\u00e9m derivados de trigo e gergelim. Pode conter aveia, centeio, cevada, soja e leite. Cont\u00e9m gl\u00faten.<\/p>","protected":false},"excerpt":{"rendered":"<p>mistura pr\u00e1tica para preparo de sopa ou molho com sabor rico de cebola. Tem 50-55% menos s\u00f3dio*, feita com ingredientes de qualidade que incluem cebola, especiarias e aromatizantes suaves. Ideal para refei\u00e7\u00f5es r\u00e1pidas, esse creme proporciona sabor e conforto, sem gorduras fortes, podendo ser usado puro como sopa ou combinado a outros ingredientes como legumes [&hellip;]<\/p>","protected":false},"featured_media":9208,"comment_status":"open","ping_status":"closed","template":"","meta":{"_acf_changed":false,"_glsr_average":0,"_glsr_ranking":0,"_glsr_reviews":0},"product_brand":[],"product_cat":[41],"product_tag":[],"class_list":{"0":"post-5850","1":"product","2":"type-product","3":"status-publish","4":"has-post-thumbnail","6":"product_cat-condiments-and-sauce","8":"first","9":"instock","10":"taxable","11":"shipping-taxable","12":"purchasable","13":"product-type-simple"},"acf":[],"_links":{"self":[{"href":"https:\/\/mybrazil.co.uk\/en\/wp-json\/wp\/v2\/product\/5850","targetHints":{"allow":["GET"]}}],"collection":[{"href":"https:\/\/mybrazil.co.uk\/en\/wp-json\/wp\/v2\/product"}],"about":[{"href":"https:\/\/mybrazil.co.uk\/en\/wp-json\/wp\/v2\/types\/product"}],"replies":[{"embeddable":true,"href":"https:\/\/mybrazil.co.uk\/en\/wp-json\/wp\/v2\/comments?post=5850"}],"wp:featuredmedia":[{"embeddable":true,"href":"https:\/\/mybrazil.co.uk\/en\/wp-json\/wp\/v2\/media\/9208"}],"wp:attachment":[{"href":"https:\/\/mybrazil.co.uk\/en\/wp-json\/wp\/v2\/media?parent=5850"}],"wp:term":[{"taxonomy":"product_brand","embeddable":true,"href":"https:\/\/mybrazil.co.uk\/en\/wp-json\/wp\/v2\/product_brand?post=5850"},{"taxonomy":"product_cat","embeddable":true,"href":"https:\/\/mybrazil.co.uk\/en\/wp-json\/wp\/v2\/product_cat?post=5850"},{"taxonomy":"product_tag","embeddable":true,"href":"https:\/\/mybrazil.co.uk\/en\/wp-json\/wp\/v2\/product_tag?post=5850"}],"curies":[{"name":"wp","href":"https:\/\/api.w.org\/{rel}","templated":true}]}}