{"id":5822,"date":"2024-10-09T04:30:38","date_gmt":"2024-10-09T03:30:38","guid":{"rendered":"https:\/\/mybrazil.co.uk\/produto\/havaianas-brasil-10-fc-35-36\/"},"modified":"2026-03-20T18:52:12","modified_gmt":"2026-03-20T18:52:12","slug":"havaianas-brasil-10-fc-35-36","status":"publish","type":"product","link":"https:\/\/mybrazil.co.uk\/en\/shop\/havaianas-brasil-10-fc-35-36\/","title":{"rendered":"Havaianas Brasil 10 FC 35\/36"},"content":{"rendered":"<p>S\u00e3o chinelos unissex com design cl\u00e1ssico e confort\u00e1vel, fabricados em borracha de alta qualidade que garante durabilidade e maciez ao caminhar. Este modelo apresenta solado antiderrapante e tiras resistentes com a ic\u00f4nica bandeira do Brasil, oferecendo estilo e autenticidade. Ideais para uso di\u00e1rio, praia, piscina ou momentos de lazer, proporcionam leveza e praticidade.<\/p>","protected":false},"excerpt":{"rendered":"<p>S\u00e3o chinelos unissex com design cl\u00e1ssico e confort\u00e1vel, fabricados em borracha de alta qualidade que garante durabilidade e maciez ao caminhar. Este modelo apresenta solado antiderrapante e tiras resistentes com a ic\u00f4nica bandeira do Brasil, oferecendo estilo e autenticidade. Ideais para uso di\u00e1rio, praia, piscina ou momentos de lazer, proporcionam leveza e praticidade.<\/p>","protected":false},"featured_media":6102,"comment_status":"open","ping_status":"closed","template":"","meta":{"_acf_changed":false,"_glsr_average":0,"_glsr_ranking":0,"_glsr_reviews":0},"product_brand":[],"product_cat":[45],"product_tag":[],"class_list":{"0":"post-5822","1":"product","2":"type-product","3":"status-publish","4":"has-post-thumbnail","6":"product_cat-others","8":"first","9":"instock","10":"taxable","11":"shipping-taxable","12":"purchasable","13":"product-type-simple"},"acf":[],"_links":{"self":[{"href":"https:\/\/mybrazil.co.uk\/en\/wp-json\/wp\/v2\/product\/5822","targetHints":{"allow":["GET"]}}],"collection":[{"href":"https:\/\/mybrazil.co.uk\/en\/wp-json\/wp\/v2\/product"}],"about":[{"href":"https:\/\/mybrazil.co.uk\/en\/wp-json\/wp\/v2\/types\/product"}],"replies":[{"embeddable":true,"href":"https:\/\/mybrazil.co.uk\/en\/wp-json\/wp\/v2\/comments?post=5822"}],"wp:featuredmedia":[{"embeddable":true,"href":"https:\/\/mybrazil.co.uk\/en\/wp-json\/wp\/v2\/media\/6102"}],"wp:attachment":[{"href":"https:\/\/mybrazil.co.uk\/en\/wp-json\/wp\/v2\/media?parent=5822"}],"wp:term":[{"taxonomy":"product_brand","embeddable":true,"href":"https:\/\/mybrazil.co.uk\/en\/wp-json\/wp\/v2\/product_brand?post=5822"},{"taxonomy":"product_cat","embeddable":true,"href":"https:\/\/mybrazil.co.uk\/en\/wp-json\/wp\/v2\/product_cat?post=5822"},{"taxonomy":"product_tag","embeddable":true,"href":"https:\/\/mybrazil.co.uk\/en\/wp-json\/wp\/v2\/product_tag?post=5822"}],"curies":[{"name":"wp","href":"https:\/\/api.w.org\/{rel}","templated":true}]}}