{"id":5814,"date":"2024-10-09T04:30:32","date_gmt":"2024-10-09T03:30:32","guid":{"rendered":"https:\/\/mybrazil.co.uk\/produto\/vinho-sangue-de-boi-red-wine-750ml\/"},"modified":"2026-04-22T13:03:06","modified_gmt":"2026-04-22T12:03:06","slug":"vinho-sangue-de-boi-red-wine-750ml","status":"publish","type":"product","link":"https:\/\/mybrazil.co.uk\/en\/shop\/vinho-sangue-de-boi-red-wine-750ml\/","title":{"rendered":"Vinho Sangue de Boi 750ml"},"content":{"rendered":"<p>suave, jovem e frutado. Produzido com uvas h\u00edbridas americanas na Serra Ga\u00facha, apresenta colora\u00e7\u00e3o rubi vibrante, aromas frescos e sabor doce-suave bem equilibrado. Ideal para ocasi\u00f5es informais: combina com churrasco, massas ao molho m\u00e9dio, pizzas e sobremesas leves. Teor alco\u00f3lico aproximado: 9,5 %<\/p>\n<p><strong data-start=\"1216\" data-end=\"1247\">Ingredientes \/ Ingredients:<\/strong><br data-start=\"1247\" data-end=\"1250\" \/>Fermentado de uvas; sacarose; conservante (INS 202); antioxidante (INS 220).<\/p>","protected":false},"excerpt":{"rendered":"<p>suave, jovem e frutado. Produzido com uvas h\u00edbridas americanas na Serra Ga\u00facha, apresenta colora\u00e7\u00e3o rubi vibrante, aromas frescos e sabor doce-suave bem equilibrado. Ideal para ocasi\u00f5es informais: combina com churrasco, massas ao molho m\u00e9dio, pizzas e sobremesas leves. Teor alco\u00f3lico aproximado: 9,5 % Ingredientes \/ Ingredients:Fermentado de uvas; sacarose; conservante (INS 202); antioxidante (INS 220).<\/p>","protected":false},"featured_media":7481,"comment_status":"open","ping_status":"closed","template":"","meta":{"_acf_changed":false,"_glsr_average":0,"_glsr_ranking":0,"_glsr_reviews":0},"product_brand":[],"product_cat":[42,89],"product_tag":[],"class_list":{"0":"post-5814","1":"product","2":"type-product","3":"status-publish","4":"has-post-thumbnail","6":"product_cat-drink","7":"product_cat-beer-wine-alcoholic-spirits","9":"first","10":"instock","11":"taxable","12":"shipping-taxable","13":"purchasable","14":"product-type-simple"},"acf":[],"_links":{"self":[{"href":"https:\/\/mybrazil.co.uk\/en\/wp-json\/wp\/v2\/product\/5814","targetHints":{"allow":["GET"]}}],"collection":[{"href":"https:\/\/mybrazil.co.uk\/en\/wp-json\/wp\/v2\/product"}],"about":[{"href":"https:\/\/mybrazil.co.uk\/en\/wp-json\/wp\/v2\/types\/product"}],"replies":[{"embeddable":true,"href":"https:\/\/mybrazil.co.uk\/en\/wp-json\/wp\/v2\/comments?post=5814"}],"wp:featuredmedia":[{"embeddable":true,"href":"https:\/\/mybrazil.co.uk\/en\/wp-json\/wp\/v2\/media\/7481"}],"wp:attachment":[{"href":"https:\/\/mybrazil.co.uk\/en\/wp-json\/wp\/v2\/media?parent=5814"}],"wp:term":[{"taxonomy":"product_brand","embeddable":true,"href":"https:\/\/mybrazil.co.uk\/en\/wp-json\/wp\/v2\/product_brand?post=5814"},{"taxonomy":"product_cat","embeddable":true,"href":"https:\/\/mybrazil.co.uk\/en\/wp-json\/wp\/v2\/product_cat?post=5814"},{"taxonomy":"product_tag","embeddable":true,"href":"https:\/\/mybrazil.co.uk\/en\/wp-json\/wp\/v2\/product_tag?post=5814"}],"curies":[{"name":"wp","href":"https:\/\/api.w.org\/{rel}","templated":true}]}}