{"id":5749,"date":"2024-10-09T04:29:38","date_gmt":"2024-10-09T03:29:38","guid":{"rendered":"https:\/\/mybrazil.co.uk\/produto\/malbec-eau-de-toilette\/"},"modified":"2026-04-19T13:47:19","modified_gmt":"2026-04-19T12:47:19","slug":"malbec-eau-de-toilette","status":"publish","type":"product","link":"https:\/\/mybrazil.co.uk\/en\/shop\/malbec-eau-de-toilette\/","title":{"rendered":"Malbec Eau de toilette 100ml"},"content":{"rendered":"<p>Fragr\u00e2ncia masculina sofisticada com inspira\u00e7\u00e3o no processo vin\u00edcola: o \u00e1lcool \u00e9 macerado em barris de carvalho franc\u00eas, conferindo car\u00e1ter amadeirado e \u00fanico.<br data-start=\"453\" data-end=\"456\" \/>Abre com notas frescas como <strong data-start=\"484\" data-end=\"586\">lima da P\u00e9rsia, cassis, bergamota, lim\u00e3o, mandarina, cardamomo, pimenta, folhas de violeta e cedro<\/strong>; no corpo, revela <strong data-start=\"605\" data-end=\"657\">cedro da Virg\u00ednia, patchouli e Malbec Head Space<\/strong>; e na base traz <strong data-start=\"674\" data-end=\"706\">musk, musgo, \u00e2mbar e benjoim<\/strong>.\u00a0<br data-start=\"745\" data-end=\"748\" \/>Ideal para homens que buscam eleg\u00e2ncia e presen\u00e7a, adaptando-se bem a ambientes sociais, encontros e ocasi\u00f5es especiais.<\/p>","protected":false},"excerpt":{"rendered":"<p>Fragr\u00e2ncia masculina sofisticada com inspira\u00e7\u00e3o no processo vin\u00edcola: o \u00e1lcool \u00e9 macerado em barris de carvalho franc\u00eas, conferindo car\u00e1ter amadeirado e \u00fanico.Abre com notas frescas como lima da P\u00e9rsia, cassis, bergamota, lim\u00e3o, mandarina, cardamomo, pimenta, folhas de violeta e cedro; no corpo, revela cedro da Virg\u00ednia, patchouli e Malbec Head Space; e na base traz [&hellip;]<\/p>","protected":false},"featured_media":8525,"comment_status":"open","ping_status":"closed","template":"","meta":{"_acf_changed":false,"_glsr_average":0,"_glsr_ranking":0,"_glsr_reviews":0},"product_brand":[],"product_cat":[40],"product_tag":[],"class_list":{"0":"post-5749","1":"product","2":"type-product","3":"status-publish","4":"has-post-thumbnail","6":"product_cat-beauty","8":"first","9":"outofstock","10":"taxable","11":"shipping-taxable","12":"purchasable","13":"product-type-simple"},"acf":[],"_links":{"self":[{"href":"https:\/\/mybrazil.co.uk\/en\/wp-json\/wp\/v2\/product\/5749","targetHints":{"allow":["GET"]}}],"collection":[{"href":"https:\/\/mybrazil.co.uk\/en\/wp-json\/wp\/v2\/product"}],"about":[{"href":"https:\/\/mybrazil.co.uk\/en\/wp-json\/wp\/v2\/types\/product"}],"replies":[{"embeddable":true,"href":"https:\/\/mybrazil.co.uk\/en\/wp-json\/wp\/v2\/comments?post=5749"}],"wp:featuredmedia":[{"embeddable":true,"href":"https:\/\/mybrazil.co.uk\/en\/wp-json\/wp\/v2\/media\/8525"}],"wp:attachment":[{"href":"https:\/\/mybrazil.co.uk\/en\/wp-json\/wp\/v2\/media?parent=5749"}],"wp:term":[{"taxonomy":"product_brand","embeddable":true,"href":"https:\/\/mybrazil.co.uk\/en\/wp-json\/wp\/v2\/product_brand?post=5749"},{"taxonomy":"product_cat","embeddable":true,"href":"https:\/\/mybrazil.co.uk\/en\/wp-json\/wp\/v2\/product_cat?post=5749"},{"taxonomy":"product_tag","embeddable":true,"href":"https:\/\/mybrazil.co.uk\/en\/wp-json\/wp\/v2\/product_tag?post=5749"}],"curies":[{"name":"wp","href":"https:\/\/api.w.org\/{rel}","templated":true}]}}