{"id":5728,"date":"2024-10-09T04:29:22","date_gmt":"2024-10-09T03:29:22","guid":{"rendered":"https:\/\/mybrazil.co.uk\/produto\/guarana-antartica-1-5lt-x6un\/"},"modified":"2026-04-20T17:18:20","modified_gmt":"2026-04-20T16:18:20","slug":"guarana-antartica-1-5lt-x6un","status":"publish","type":"product","link":"https:\/\/mybrazil.co.uk\/en\/shop\/guarana-antartica-1-5lt-x6un\/","title":{"rendered":"Guarana Antartica 1.5Lt x6un"},"content":{"rendered":"<p>O Guaran\u00e1 Antarctica Tradicional \u00e9 a ess\u00eancia do Brasil engarrafada, agora dispon\u00edvel num conveniente pack de 6 garrafas de 1,5 litros. Elaborado com o extrato natural do fruto do guaran\u00e1 colhido na Amaz\u00f3nia, este refrigerante destaca-se pelo seu sabor frutado incompar\u00e1vel e efervesc\u00eancia perfeita. O formato de 1,5L \u00e9 ideal para abastecer a casa, festas ou eventos, garantindo que nunca falte a bebida mais amada dos brasileiros \u00e0 mesa. Refrescante e revigorante, \u00e9 o acompanhamento cl\u00e1ssico para coxinha, past\u00e9is e o churrasco de domingo<\/p>","protected":false},"excerpt":{"rendered":"<p>O Guaran\u00e1 Antarctica Tradicional \u00e9 a ess\u00eancia do Brasil engarrafada, agora dispon\u00edvel num conveniente pack de 6 garrafas de 1,5 litros. Elaborado com o extrato natural do fruto do guaran\u00e1 colhido na Amaz\u00f3nia, este refrigerante destaca-se pelo seu sabor frutado incompar\u00e1vel e efervesc\u00eancia perfeita. O formato de 1,5L \u00e9 ideal para abastecer a casa, festas [&hellip;]<\/p>","protected":false},"featured_media":6260,"comment_status":"open","ping_status":"closed","template":"","meta":{"_acf_changed":false,"_glsr_average":0,"_glsr_ranking":0,"_glsr_reviews":0},"product_brand":[],"product_cat":[42,90],"product_tag":[],"class_list":{"0":"post-5728","1":"product","2":"type-product","3":"status-publish","4":"has-post-thumbnail","6":"product_cat-drink","7":"product_cat-refrigerantes","9":"first","10":"instock","11":"taxable","12":"shipping-taxable","13":"purchasable","14":"product-type-simple"},"acf":[],"_links":{"self":[{"href":"https:\/\/mybrazil.co.uk\/en\/wp-json\/wp\/v2\/product\/5728","targetHints":{"allow":["GET"]}}],"collection":[{"href":"https:\/\/mybrazil.co.uk\/en\/wp-json\/wp\/v2\/product"}],"about":[{"href":"https:\/\/mybrazil.co.uk\/en\/wp-json\/wp\/v2\/types\/product"}],"replies":[{"embeddable":true,"href":"https:\/\/mybrazil.co.uk\/en\/wp-json\/wp\/v2\/comments?post=5728"}],"wp:featuredmedia":[{"embeddable":true,"href":"https:\/\/mybrazil.co.uk\/en\/wp-json\/wp\/v2\/media\/6260"}],"wp:attachment":[{"href":"https:\/\/mybrazil.co.uk\/en\/wp-json\/wp\/v2\/media?parent=5728"}],"wp:term":[{"taxonomy":"product_brand","embeddable":true,"href":"https:\/\/mybrazil.co.uk\/en\/wp-json\/wp\/v2\/product_brand?post=5728"},{"taxonomy":"product_cat","embeddable":true,"href":"https:\/\/mybrazil.co.uk\/en\/wp-json\/wp\/v2\/product_cat?post=5728"},{"taxonomy":"product_tag","embeddable":true,"href":"https:\/\/mybrazil.co.uk\/en\/wp-json\/wp\/v2\/product_tag?post=5728"}],"curies":[{"name":"wp","href":"https:\/\/api.w.org\/{rel}","templated":true}]}}