{"id":5716,"date":"2024-10-09T04:29:13","date_gmt":"2024-10-09T03:29:13","guid":{"rendered":"https:\/\/mybrazil.co.uk\/produto\/sabao-solavar-400g\/"},"modified":"2026-04-04T12:54:13","modified_gmt":"2026-04-04T11:54:13","slug":"sabao-solavar-400g","status":"publish","type":"product","link":"https:\/\/mybrazil.co.uk\/en\/shop\/sabao-solavar-400g\/","title":{"rendered":"Sab\u00e3o\u202fem\u202fBarra\u202f 400g Solavar"},"content":{"rendered":"<p>Sab\u00e3o tradicional em barra, especialmente formulado para limpeza dom\u00e9stica vers\u00e1til. Ideal para lavar roupas \u00e0 m\u00e3o, pr\u00e9-tratar manchas dif\u00edceis ou utilizar em ambientes onde o uso de m\u00e1quina \u00e9 limitado. A barra de 400 g tem excelente rendimento e entrega uma limpeza eficaz com perfume leve, ajudando a manter tecidos limpos e frescos. Dispon\u00edvel em vers\u00f5es azul, azul e branco e rosa \u2014 vers\u00e1til para v\u00e1rios tipos de lavagem.<\/p>","protected":false},"excerpt":{"rendered":"<p>Sab\u00e3o tradicional em barra, especialmente formulado para limpeza dom\u00e9stica vers\u00e1til. Ideal para lavar roupas \u00e0 m\u00e3o, pr\u00e9-tratar manchas dif\u00edceis ou utilizar em ambientes onde o uso de m\u00e1quina \u00e9 limitado. A barra de 400 g tem excelente rendimento e entrega uma limpeza eficaz com perfume leve, ajudando a manter tecidos limpos e frescos. Dispon\u00edvel em [&hellip;]<\/p>","protected":false},"featured_media":8168,"comment_status":"open","ping_status":"closed","template":"","meta":{"_acf_changed":false,"_glsr_average":0,"_glsr_ranking":0,"_glsr_reviews":0},"product_brand":[],"product_cat":[82,45,39],"product_tag":[],"class_list":{"0":"post-5716","1":"product","2":"type-product","3":"status-publish","4":"has-post-thumbnail","6":"product_cat-others-2","7":"product_cat-others","8":"product_cat-appliance","10":"first","11":"instock","12":"taxable","13":"shipping-taxable","14":"purchasable","15":"product-type-simple"},"acf":[],"_links":{"self":[{"href":"https:\/\/mybrazil.co.uk\/en\/wp-json\/wp\/v2\/product\/5716","targetHints":{"allow":["GET"]}}],"collection":[{"href":"https:\/\/mybrazil.co.uk\/en\/wp-json\/wp\/v2\/product"}],"about":[{"href":"https:\/\/mybrazil.co.uk\/en\/wp-json\/wp\/v2\/types\/product"}],"replies":[{"embeddable":true,"href":"https:\/\/mybrazil.co.uk\/en\/wp-json\/wp\/v2\/comments?post=5716"}],"wp:featuredmedia":[{"embeddable":true,"href":"https:\/\/mybrazil.co.uk\/en\/wp-json\/wp\/v2\/media\/8168"}],"wp:attachment":[{"href":"https:\/\/mybrazil.co.uk\/en\/wp-json\/wp\/v2\/media?parent=5716"}],"wp:term":[{"taxonomy":"product_brand","embeddable":true,"href":"https:\/\/mybrazil.co.uk\/en\/wp-json\/wp\/v2\/product_brand?post=5716"},{"taxonomy":"product_cat","embeddable":true,"href":"https:\/\/mybrazil.co.uk\/en\/wp-json\/wp\/v2\/product_cat?post=5716"},{"taxonomy":"product_tag","embeddable":true,"href":"https:\/\/mybrazil.co.uk\/en\/wp-json\/wp\/v2\/product_tag?post=5716"}],"curies":[{"name":"wp","href":"https:\/\/api.w.org\/{rel}","templated":true}]}}