{"id":5674,"date":"2024-10-09T04:28:03","date_gmt":"2024-10-09T03:28:03","guid":{"rendered":"https:\/\/mybrazil.co.uk\/produto\/oleo-hidratante-nativa-spa-plum-200ml\/"},"modified":"2026-03-10T13:46:57","modified_gmt":"2026-03-10T13:46:57","slug":"oleo-hidratante-nativa-spa-plum-200ml","status":"publish","type":"product","link":"https:\/\/mybrazil.co.uk\/en\/shop\/oleo-hidratante-nativa-spa-plum-200ml\/","title":{"rendered":"Oleo Hidratante plum 200ml Nativa SPA"},"content":{"rendered":"<p>F\u00f3rmula leve e de r\u00e1pida absor\u00e7\u00e3o que proporciona toque sedoso, hidrata\u00e7\u00e3o profunda e realce do brilho natural da pele. Enriquecido com extrato de <strong data-start=\"421\" data-end=\"437\">ameixa negra<\/strong>, extrato de girassol e <strong data-start=\"461\" data-end=\"492\">gotas purificadas de quinoa<\/strong>, ajuda a estimular a produ\u00e7\u00e3o de colag\u00e9nio e prevenir a perda de elasticidade. Pode ser usado durante o banho: aplique sobre a pele \u00famida e em seguida enx\u00e1gue ou deixe agir. Vegan e cruelty-free.<\/p>\n<p><strong data-start=\"1201\" data-end=\"1232\">Ingredientes \/ Ingredients:<\/strong><br data-start=\"1232\" data-end=\"1235\" \/>Helianthus Annuus Seed Oil; Ethylhexyl Stearate; Parfum (Fragrance); Laureth-2; Tocopheryl Acetate; Benzyl Alcohol; Phenoxyethanol; Chenopodium Quinoa Seed Oil Ethyl Esters; Propylene Glycol; Glycerin; Aqua (Water); Prunus Domestica Fruit Extract; Potassium Sorbate; Tetrasodium EDTA; Sodium Benzoate; Alpha-Isomethyl Ionone; Benzyl Salicylate; Citronellol; Coumarin; Hexyl Cinnamal; Limonene; Linalool; Benzyl Alcohol<\/p>","protected":false},"excerpt":{"rendered":"<p>F\u00f3rmula leve e de r\u00e1pida absor\u00e7\u00e3o que proporciona toque sedoso, hidrata\u00e7\u00e3o profunda e realce do brilho natural da pele. Enriquecido com extrato de ameixa negra, extrato de girassol e gotas purificadas de quinoa, ajuda a estimular a produ\u00e7\u00e3o de colag\u00e9nio e prevenir a perda de elasticidade. Pode ser usado durante o banho: aplique sobre a [&hellip;]<\/p>","protected":false},"featured_media":8501,"comment_status":"open","ping_status":"closed","template":"","meta":{"_acf_changed":false,"_glsr_average":0,"_glsr_ranking":0,"_glsr_reviews":0},"product_brand":[],"product_cat":[40],"product_tag":[],"class_list":{"0":"post-5674","1":"product","2":"type-product","3":"status-publish","4":"has-post-thumbnail","6":"product_cat-beauty","8":"first","9":"outofstock","10":"taxable","11":"shipping-taxable","12":"purchasable","13":"product-type-simple"},"acf":[],"_links":{"self":[{"href":"https:\/\/mybrazil.co.uk\/en\/wp-json\/wp\/v2\/product\/5674","targetHints":{"allow":["GET"]}}],"collection":[{"href":"https:\/\/mybrazil.co.uk\/en\/wp-json\/wp\/v2\/product"}],"about":[{"href":"https:\/\/mybrazil.co.uk\/en\/wp-json\/wp\/v2\/types\/product"}],"replies":[{"embeddable":true,"href":"https:\/\/mybrazil.co.uk\/en\/wp-json\/wp\/v2\/comments?post=5674"}],"wp:featuredmedia":[{"embeddable":true,"href":"https:\/\/mybrazil.co.uk\/en\/wp-json\/wp\/v2\/media\/8501"}],"wp:attachment":[{"href":"https:\/\/mybrazil.co.uk\/en\/wp-json\/wp\/v2\/media?parent=5674"}],"wp:term":[{"taxonomy":"product_brand","embeddable":true,"href":"https:\/\/mybrazil.co.uk\/en\/wp-json\/wp\/v2\/product_brand?post=5674"},{"taxonomy":"product_cat","embeddable":true,"href":"https:\/\/mybrazil.co.uk\/en\/wp-json\/wp\/v2\/product_cat?post=5674"},{"taxonomy":"product_tag","embeddable":true,"href":"https:\/\/mybrazil.co.uk\/en\/wp-json\/wp\/v2\/product_tag?post=5674"}],"curies":[{"name":"wp","href":"https:\/\/api.w.org\/{rel}","templated":true}]}}