{"id":5672,"date":"2024-10-09T04:28:01","date_gmt":"2024-10-09T03:28:01","guid":{"rendered":"https:\/\/mybrazil.co.uk\/produto\/creme-de-banho-acetinado-lily-250ml\/"},"modified":"2025-12-03T13:25:15","modified_gmt":"2025-12-03T13:25:15","slug":"creme-de-banho-acetinado-lily-250ml","status":"publish","type":"product","link":"https:\/\/mybrazil.co.uk\/en\/shop\/creme-de-banho-acetinado-lily-250ml\/","title":{"rendered":"Creme de banho acetinado Lily 250ml"},"content":{"rendered":"<p data-start=\"177\" data-end=\"638\">Transforma o momento do banho num ritual sofisticado e perfumado. Sua f\u00f3rmula forma uma espuma cremosa que limpa, hidrata e deixa na pele um toque acetinado suave. Cont\u00e9m uma pel\u00edcula protetora que ajuda a evitar o ressecamento causado por sol, frio ou clima seco. Com a fragr\u00e2ncia ic\u00f4nica Lily, entrega uma explos\u00e3o olfativa enquanto cuida da pele.<\/p>\n<p data-start=\"640\" data-end=\"772\"><strong data-start=\"640\" data-end=\"661\">Directions de uso<\/strong>: aplicar sobre a pele \u00famida durante o banho, massagear e enxaguar bem.<\/p>\n<p data-start=\"640\" data-end=\"772\"><strong data-start=\"1302\" data-end=\"1332\">Ingredientes \/ Ingredients<\/strong><br data-start=\"1332\" data-end=\"1335\" \/>AQUA (WATER); PARAFFINUM LIQUIDUM (MINERAL OIL); PETROLATUM; GLYCERIN; POLYSORBATE 60; STEARYL ALCOHOL; CETYL ALCOHOL; PARFUM (FRAGRANCE); XANTHAN GUM; PHENOXYETHANOL; CAPRYLYL GLYCOL; SODIUM GLUCONATE; ARGANIA SPINOSA KERNEL OIL; OCTYLDODECANOL; IRVINGIA GABONENSIS KERNEL BUTTER; HYDROGENATED COCO-GLYCERIDES; BHT; TOCOPHEROL; TRIETHANOLAMINE; CITRIC ACID; IRIS FLORENTINA ROOT EXTRACT; SODIUM BENZOATE; POTASSIUM SORBATE; BENZYL SALICYLATE; COUMARIN; GERANIOL; HEXYL CINNAMAL; LINALOOL<\/p>","protected":false},"excerpt":{"rendered":"<p>Transforma o momento do banho num ritual sofisticado e perfumado. Sua f\u00f3rmula forma uma espuma cremosa que limpa, hidrata e deixa na pele um toque acetinado suave. Cont\u00e9m uma pel\u00edcula protetora que ajuda a evitar o ressecamento causado por sol, frio ou clima seco. Com a fragr\u00e2ncia ic\u00f4nica Lily, entrega uma explos\u00e3o olfativa enquanto cuida [&hellip;]<\/p>","protected":false},"featured_media":8898,"comment_status":"open","ping_status":"closed","template":"","meta":{"_acf_changed":false,"_glsr_average":0,"_glsr_ranking":0,"_glsr_reviews":0},"product_brand":[],"product_cat":[40],"product_tag":[],"class_list":{"0":"post-5672","1":"product","2":"type-product","3":"status-publish","4":"has-post-thumbnail","6":"product_cat-beauty","8":"first","9":"outofstock","10":"taxable","11":"shipping-taxable","12":"purchasable","13":"product-type-simple"},"acf":[],"_links":{"self":[{"href":"https:\/\/mybrazil.co.uk\/en\/wp-json\/wp\/v2\/product\/5672","targetHints":{"allow":["GET"]}}],"collection":[{"href":"https:\/\/mybrazil.co.uk\/en\/wp-json\/wp\/v2\/product"}],"about":[{"href":"https:\/\/mybrazil.co.uk\/en\/wp-json\/wp\/v2\/types\/product"}],"replies":[{"embeddable":true,"href":"https:\/\/mybrazil.co.uk\/en\/wp-json\/wp\/v2\/comments?post=5672"}],"wp:featuredmedia":[{"embeddable":true,"href":"https:\/\/mybrazil.co.uk\/en\/wp-json\/wp\/v2\/media\/8898"}],"wp:attachment":[{"href":"https:\/\/mybrazil.co.uk\/en\/wp-json\/wp\/v2\/media?parent=5672"}],"wp:term":[{"taxonomy":"product_brand","embeddable":true,"href":"https:\/\/mybrazil.co.uk\/en\/wp-json\/wp\/v2\/product_brand?post=5672"},{"taxonomy":"product_cat","embeddable":true,"href":"https:\/\/mybrazil.co.uk\/en\/wp-json\/wp\/v2\/product_cat?post=5672"},{"taxonomy":"product_tag","embeddable":true,"href":"https:\/\/mybrazil.co.uk\/en\/wp-json\/wp\/v2\/product_tag?post=5672"}],"curies":[{"name":"wp","href":"https:\/\/api.w.org\/{rel}","templated":true}]}}