{"id":5653,"date":"2024-10-09T04:27:42","date_gmt":"2024-10-09T03:27:42","guid":{"rendered":"https:\/\/mybrazil.co.uk\/produto\/bananinha-rib-finger\/"},"modified":"2026-04-23T15:15:37","modified_gmt":"2026-04-23T14:15:37","slug":"bananinha-rib-finger","status":"publish","type":"product","link":"https:\/\/mybrazil.co.uk\/en\/shop\/bananinha-rib-finger\/","title":{"rendered":"Bananinha Bolvina ( 950g &#8211; 1050g)"},"content":{"rendered":"<p>Corte especial de carne bovina, tamb\u00e9m conhecido como <em data-start=\"266\" data-end=\"278\">Rib Finger<\/em> ou <em data-start=\"282\" data-end=\"294\">Rib Ringer<\/em>, retirado entre os ossos da costela, pr\u00f3ximo ao contrafil\u00e9. Marmoreio elevado, sabor marcante e textura macia quando grelhado ou assado. Ideal para churrascos, espetinhos ou preparos r\u00e1pidos na grelha. Pe\u00e7as finas e alongadas, com camada de gordura que confere sucul\u00eancia.<\/p>","protected":false},"excerpt":{"rendered":"<p>Corte especial de carne bovina, tamb\u00e9m conhecido como Rib Finger ou Rib Ringer, retirado entre os ossos da costela, pr\u00f3ximo ao contrafil\u00e9. Marmoreio elevado, sabor marcante e textura macia quando grelhado ou assado. Ideal para churrascos, espetinhos ou preparos r\u00e1pidos na grelha. Pe\u00e7as finas e alongadas, com camada de gordura que confere sucul\u00eancia.<\/p>","protected":false},"featured_media":9212,"comment_status":"open","ping_status":"closed","template":"","meta":{"_acf_changed":false,"_glsr_average":0,"_glsr_ranking":0,"_glsr_reviews":0},"product_brand":[],"product_cat":[96,44],"product_tag":[],"class_list":{"0":"post-5653","1":"product","2":"type-product","3":"status-publish","4":"has-post-thumbnail","6":"product_cat-bovinos","7":"product_cat-meat","9":"first","10":"instock","11":"taxable","12":"shipping-taxable","13":"purchasable","14":"product-type-simple"},"acf":[],"_links":{"self":[{"href":"https:\/\/mybrazil.co.uk\/en\/wp-json\/wp\/v2\/product\/5653","targetHints":{"allow":["GET"]}}],"collection":[{"href":"https:\/\/mybrazil.co.uk\/en\/wp-json\/wp\/v2\/product"}],"about":[{"href":"https:\/\/mybrazil.co.uk\/en\/wp-json\/wp\/v2\/types\/product"}],"replies":[{"embeddable":true,"href":"https:\/\/mybrazil.co.uk\/en\/wp-json\/wp\/v2\/comments?post=5653"}],"wp:featuredmedia":[{"embeddable":true,"href":"https:\/\/mybrazil.co.uk\/en\/wp-json\/wp\/v2\/media\/9212"}],"wp:attachment":[{"href":"https:\/\/mybrazil.co.uk\/en\/wp-json\/wp\/v2\/media?parent=5653"}],"wp:term":[{"taxonomy":"product_brand","embeddable":true,"href":"https:\/\/mybrazil.co.uk\/en\/wp-json\/wp\/v2\/product_brand?post=5653"},{"taxonomy":"product_cat","embeddable":true,"href":"https:\/\/mybrazil.co.uk\/en\/wp-json\/wp\/v2\/product_cat?post=5653"},{"taxonomy":"product_tag","embeddable":true,"href":"https:\/\/mybrazil.co.uk\/en\/wp-json\/wp\/v2\/product_tag?post=5653"}],"curies":[{"name":"wp","href":"https:\/\/api.w.org\/{rel}","templated":true}]}}