{"id":5635,"date":"2024-10-09T04:27:14","date_gmt":"2024-10-09T03:27:14","guid":{"rendered":"https:\/\/mybrazil.co.uk\/produto\/tapioca-da-terrinha\/"},"modified":"2026-04-23T14:54:11","modified_gmt":"2026-04-23T13:54:11","slug":"tapioca-da-terrinha","status":"publish","type":"product","link":"https:\/\/mybrazil.co.uk\/en\/shop\/tapioca-da-terrinha\/","title":{"rendered":"Tapioca da Terrinha 500g"},"content":{"rendered":"<p><span class=\"entity-underline hover:entity-accent inline cursor-pointer align-baseline\"><span class=\"whitespace-normal\">Tapioca\u202fda\u202fTerrinha\u202f500\u202fg<\/span><\/span> \u00e9 uma goma de tapioca hidratada, preparada a partir de f\u00e9cula de mandioca e \u00e1gua, ideal para criar tapiocas leves, saborosas e 100% sem gl\u00faten. Pronta para uso \u2014 basta aquecer a frigideira, espalhar a goma e rechear conforme o desejo: doce ou salgado, no caf\u00e9 da manh\u00e3, lanche ou refei\u00e7\u00e3o leve. Textura macia e soltinha, com sabor aut\u00eantico da culin\u00e1ria brasileira, perfeita para quem busca versatilidade e praticidade na cozinha.<\/p>","protected":false},"excerpt":{"rendered":"<p>Tapioca\u202fda\u202fTerrinha\u202f500\u202fg \u00e9 uma goma de tapioca hidratada, preparada a partir de f\u00e9cula de mandioca e \u00e1gua, ideal para criar tapiocas leves, saborosas e 100% sem gl\u00faten. Pronta para uso \u2014 basta aquecer a frigideira, espalhar a goma e rechear conforme o desejo: doce ou salgado, no caf\u00e9 da manh\u00e3, lanche ou refei\u00e7\u00e3o leve. Textura macia [&hellip;]<\/p>","protected":false},"featured_media":6105,"comment_status":"open","ping_status":"closed","template":"","meta":{"_acf_changed":false,"_glsr_average":0,"_glsr_ranking":0,"_glsr_reviews":0},"product_brand":[],"product_cat":[94,43],"product_tag":[],"class_list":{"0":"post-5635","1":"product","2":"type-product","3":"status-publish","4":"has-post-thumbnail","6":"product_cat-graos-farinhacos","7":"product_cat-grocery","9":"first","10":"instock","11":"taxable","12":"shipping-taxable","13":"purchasable","14":"product-type-simple"},"acf":[],"_links":{"self":[{"href":"https:\/\/mybrazil.co.uk\/en\/wp-json\/wp\/v2\/product\/5635","targetHints":{"allow":["GET"]}}],"collection":[{"href":"https:\/\/mybrazil.co.uk\/en\/wp-json\/wp\/v2\/product"}],"about":[{"href":"https:\/\/mybrazil.co.uk\/en\/wp-json\/wp\/v2\/types\/product"}],"replies":[{"embeddable":true,"href":"https:\/\/mybrazil.co.uk\/en\/wp-json\/wp\/v2\/comments?post=5635"}],"wp:featuredmedia":[{"embeddable":true,"href":"https:\/\/mybrazil.co.uk\/en\/wp-json\/wp\/v2\/media\/6105"}],"wp:attachment":[{"href":"https:\/\/mybrazil.co.uk\/en\/wp-json\/wp\/v2\/media?parent=5635"}],"wp:term":[{"taxonomy":"product_brand","embeddable":true,"href":"https:\/\/mybrazil.co.uk\/en\/wp-json\/wp\/v2\/product_brand?post=5635"},{"taxonomy":"product_cat","embeddable":true,"href":"https:\/\/mybrazil.co.uk\/en\/wp-json\/wp\/v2\/product_cat?post=5635"},{"taxonomy":"product_tag","embeddable":true,"href":"https:\/\/mybrazil.co.uk\/en\/wp-json\/wp\/v2\/product_tag?post=5635"}],"curies":[{"name":"wp","href":"https:\/\/api.w.org\/{rel}","templated":true}]}}