{"id":5632,"date":"2024-10-09T04:27:10","date_gmt":"2024-10-09T03:27:10","guid":{"rendered":"https:\/\/mybrazil.co.uk\/produto\/original-original-beer-300ml-x12\/"},"modified":"2026-04-02T16:49:12","modified_gmt":"2026-04-02T15:49:12","slug":"original-original-beer-300ml-x12","status":"publish","type":"product","link":"https:\/\/mybrazil.co.uk\/en\/shop\/original-original-beer-300ml-x12\/","title":{"rendered":"Cerveja Original 300ml x12"},"content":{"rendered":"<p><strong data-start=\"149\" data-end=\"184\">Cerveja Original 300ml Pack x12<\/strong> \u00e9 uma cerveja lager premium brasileira, conhecida pelo seu sabor equilibrado, refrescante e levemente amargo. Produzida com ingredientes selecionados e seguindo um processo de fabrica\u00e7\u00e3o tradicional, apresenta colora\u00e7\u00e3o dourada, espuma cremosa e aroma suave de malte e l\u00fapulo. Ideal para ser consumida bem gelada, \u00e9 perfeita para acompanhar churrascos, petiscos, carnes e momentos de confraterniza\u00e7\u00e3o. O pack com 12 garrafas de 300 ml \u00e9 ideal para compartilhar com amigos e fam\u00edlia.<\/p>","protected":false},"excerpt":{"rendered":"<p>Cerveja Original 300ml Pack x12 \u00e9 uma cerveja lager premium brasileira, conhecida pelo seu sabor equilibrado, refrescante e levemente amargo. Produzida com ingredientes selecionados e seguindo um processo de fabrica\u00e7\u00e3o tradicional, apresenta colora\u00e7\u00e3o dourada, espuma cremosa e aroma suave de malte e l\u00fapulo. Ideal para ser consumida bem gelada, \u00e9 perfeita para acompanhar churrascos, petiscos, [&hellip;]<\/p>","protected":false},"featured_media":10565,"comment_status":"open","ping_status":"closed","template":"","meta":{"_acf_changed":false,"_glsr_average":0,"_glsr_ranking":0,"_glsr_reviews":0},"product_brand":[],"product_cat":[42,89],"product_tag":[],"class_list":{"0":"post-5632","1":"product","2":"type-product","3":"status-publish","4":"has-post-thumbnail","6":"product_cat-drink","7":"product_cat-beer-wine-alcoholic-spirits","9":"first","10":"onbackorder","11":"sold-individually","12":"taxable","13":"shipping-taxable","14":"purchasable","15":"product-type-simple"},"acf":[],"_links":{"self":[{"href":"https:\/\/mybrazil.co.uk\/en\/wp-json\/wp\/v2\/product\/5632","targetHints":{"allow":["GET"]}}],"collection":[{"href":"https:\/\/mybrazil.co.uk\/en\/wp-json\/wp\/v2\/product"}],"about":[{"href":"https:\/\/mybrazil.co.uk\/en\/wp-json\/wp\/v2\/types\/product"}],"replies":[{"embeddable":true,"href":"https:\/\/mybrazil.co.uk\/en\/wp-json\/wp\/v2\/comments?post=5632"}],"wp:featuredmedia":[{"embeddable":true,"href":"https:\/\/mybrazil.co.uk\/en\/wp-json\/wp\/v2\/media\/10565"}],"wp:attachment":[{"href":"https:\/\/mybrazil.co.uk\/en\/wp-json\/wp\/v2\/media?parent=5632"}],"wp:term":[{"taxonomy":"product_brand","embeddable":true,"href":"https:\/\/mybrazil.co.uk\/en\/wp-json\/wp\/v2\/product_brand?post=5632"},{"taxonomy":"product_cat","embeddable":true,"href":"https:\/\/mybrazil.co.uk\/en\/wp-json\/wp\/v2\/product_cat?post=5632"},{"taxonomy":"product_tag","embeddable":true,"href":"https:\/\/mybrazil.co.uk\/en\/wp-json\/wp\/v2\/product_tag?post=5632"}],"curies":[{"name":"wp","href":"https:\/\/api.w.org\/{rel}","templated":true}]}}