{"id":5588,"date":"2024-10-09T04:26:19","date_gmt":"2024-10-09T03:26:19","guid":{"rendered":"https:\/\/mybrazil.co.uk\/produto\/nativa-spa-locao-ameixa-400ml\/"},"modified":"2026-01-19T13:58:34","modified_gmt":"2026-01-19T13:58:34","slug":"nativa-spa-locao-ameixa-400ml","status":"publish","type":"product","link":"https:\/\/mybrazil.co.uk\/en\/shop\/nativa-spa-locao-ameixa-400ml\/","title":{"rendered":"Locao Hidratantre ameixa 400ml NativaSPA"},"content":{"rendered":"<p>Hidrata\u00e7\u00e3o leve e de r\u00e1pida absor\u00e7\u00e3o que deixa a pele macia, perfumada e com toque sedoso. Enriquecida com <strong data-start=\"389\" data-end=\"410\">extrato de ameixa<\/strong>, <strong data-start=\"412\" data-end=\"443\">gotas purificadas de quinoa<\/strong> e ingredientes naturais, ajuda a estimular o colag\u00e9nio e prevenir a perda da elasticidade da pele. Fragr\u00e2ncia envolvente com microc\u00e1psulas que liberam aroma ao longo do dia. Vegana, embalagem com PET reciclado e formula\u00e7\u00e3o dermatologicamente testada.<\/p>\n<p><strong data-start=\"1194\" data-end=\"1225\">Ingredientes \/ Ingredients:<\/strong><br data-start=\"1225\" data-end=\"1228\" \/>Aqua (Water); Glycerin; Helianthus Annuus (Sunflower) Seed Oil; Isopropyl Palmitate; Cetearyl Alcohol; Glyceryl Stearate; Parfum (Fragrance); Polysorbate 60; Phenoxyethanol; Benzyl Alcohol; Acrylates\/C10-30 Alkyl Acrylate Crosspolymer; Triethanolamine; Disodium EDTA; Prunus Domestica Fruit Extract; CI 19140; Chenopodium Quinoa Seed Oil Ethyl Esters; CI 17200; CI 42090; Alpha-Isomethyl Ionone; Benzyl Salicylate; Cinnamyl Alcohol; Citral; Citronellol; Coumarin; Eugenol; Hexyl Cinnamal; Limonene; Linalool.<\/p>","protected":false},"excerpt":{"rendered":"<p>Hidrata\u00e7\u00e3o leve e de r\u00e1pida absor\u00e7\u00e3o que deixa a pele macia, perfumada e com toque sedoso. Enriquecida com extrato de ameixa, gotas purificadas de quinoa e ingredientes naturais, ajuda a estimular o colag\u00e9nio e prevenir a perda da elasticidade da pele. Fragr\u00e2ncia envolvente com microc\u00e1psulas que liberam aroma ao longo do dia. Vegana, embalagem com [&hellip;]<\/p>","protected":false},"featured_media":8390,"comment_status":"open","ping_status":"closed","template":"","meta":{"_acf_changed":false,"_glsr_average":0,"_glsr_ranking":0,"_glsr_reviews":0},"product_brand":[],"product_cat":[40],"product_tag":[],"class_list":{"0":"post-5588","1":"product","2":"type-product","3":"status-publish","4":"has-post-thumbnail","6":"product_cat-beauty","8":"first","9":"outofstock","10":"taxable","11":"shipping-taxable","12":"purchasable","13":"product-type-simple"},"acf":[],"_links":{"self":[{"href":"https:\/\/mybrazil.co.uk\/en\/wp-json\/wp\/v2\/product\/5588","targetHints":{"allow":["GET"]}}],"collection":[{"href":"https:\/\/mybrazil.co.uk\/en\/wp-json\/wp\/v2\/product"}],"about":[{"href":"https:\/\/mybrazil.co.uk\/en\/wp-json\/wp\/v2\/types\/product"}],"replies":[{"embeddable":true,"href":"https:\/\/mybrazil.co.uk\/en\/wp-json\/wp\/v2\/comments?post=5588"}],"wp:featuredmedia":[{"embeddable":true,"href":"https:\/\/mybrazil.co.uk\/en\/wp-json\/wp\/v2\/media\/8390"}],"wp:attachment":[{"href":"https:\/\/mybrazil.co.uk\/en\/wp-json\/wp\/v2\/media?parent=5588"}],"wp:term":[{"taxonomy":"product_brand","embeddable":true,"href":"https:\/\/mybrazil.co.uk\/en\/wp-json\/wp\/v2\/product_brand?post=5588"},{"taxonomy":"product_cat","embeddable":true,"href":"https:\/\/mybrazil.co.uk\/en\/wp-json\/wp\/v2\/product_cat?post=5588"},{"taxonomy":"product_tag","embeddable":true,"href":"https:\/\/mybrazil.co.uk\/en\/wp-json\/wp\/v2\/product_tag?post=5588"}],"curies":[{"name":"wp","href":"https:\/\/api.w.org\/{rel}","templated":true}]}}