{"id":5587,"date":"2024-10-09T04:26:18","date_gmt":"2024-10-09T03:26:18","guid":{"rendered":"https:\/\/mybrazil.co.uk\/produto\/floratta-fleur-supreme-creme-hid\/"},"modified":"2026-01-19T13:58:34","modified_gmt":"2026-01-19T13:58:34","slug":"floratta-fleur-supreme-creme-hid","status":"publish","type":"product","link":"https:\/\/mybrazil.co.uk\/en\/shop\/floratta-fleur-supreme-creme-hid\/","title":{"rendered":"Creme intenso Hidratante Corporal 250g Floratta"},"content":{"rendered":"<p>F\u00f3rmula de textura densa e toque sofisticado que oferece hidrata\u00e7\u00e3o intensa por at\u00e9 <strong data-start=\"430\" data-end=\"442\">48 horas<\/strong>. Mant\u00e9m a pele macia, perfumada e protegida contra o ressecamento. Carrega a mesma fragr\u00e2ncia da linha Eau de Parfum: um buqu\u00ea floral intenso com toque sensual de ma\u00e7\u00e3 de Vermont e nuances ambaradas envolventes. Ideal para uso di\u00e1rio ou momentos em que voc\u00ea deseja que sua pele permane\u00e7a perfumada e bem cuidada.<\/p>\n<p><strong data-start=\"1262\" data-end=\"1293\">Ingredientes \/ Ingredients:<\/strong><br data-start=\"1293\" data-end=\"1296\" \/>\u00c1gua; Glicerol; \u00c1lcool Cet\u00edlico; Monoestearato de Glicerila; Octenilsuccinato de Amido Alum\u00ednio; Lactato de Cetila; Perfume; Dimeticona; Carbonato de Dicaprilila; Estearato PEG-100; Fenoxietanol; Diestearato de PEG-120; Caprililglicol; Trietanolamina; Edetato Diss\u00f3dico; Carb\u00f4mer; Acetato de Tocoferila; \u00c1cido Este\u00e1rico; Tocoferol; \u00c1cido C\u00edtrico; Alfa-Isometil Ionona; Salicilato de Benzila; \u00c1lcool Cinam\u00edlico; Citronelol; Cumarina; Limoneno; Linalol; \u00d3leo de Patchouli; Cetonas de Rosa; Beta-Cariofileno; Acetato de Dimetil Fenetila; Hexametilindanopirano; Acetato de Linalila; Tetrametil Acetiloctaidronaftalenos; Vanilina; \u00d3leo de Cedro-Vermelho; Acetato de Geranila; Pineno; \u00d3leo de Casca de Lim\u00e3o Siciliano.<\/p>","protected":false},"excerpt":{"rendered":"<p>F\u00f3rmula de textura densa e toque sofisticado que oferece hidrata\u00e7\u00e3o intensa por at\u00e9 48 horas. Mant\u00e9m a pele macia, perfumada e protegida contra o ressecamento. Carrega a mesma fragr\u00e2ncia da linha Eau de Parfum: um buqu\u00ea floral intenso com toque sensual de ma\u00e7\u00e3 de Vermont e nuances ambaradas envolventes. Ideal para uso di\u00e1rio ou momentos [&hellip;]<\/p>","protected":false},"featured_media":9293,"comment_status":"open","ping_status":"closed","template":"","meta":{"_acf_changed":false,"_glsr_average":0,"_glsr_ranking":0,"_glsr_reviews":0},"product_brand":[],"product_cat":[40],"product_tag":[],"class_list":{"0":"post-5587","1":"product","2":"type-product","3":"status-publish","4":"has-post-thumbnail","6":"product_cat-beauty","8":"first","9":"outofstock","10":"taxable","11":"shipping-taxable","12":"purchasable","13":"product-type-simple"},"acf":[],"_links":{"self":[{"href":"https:\/\/mybrazil.co.uk\/en\/wp-json\/wp\/v2\/product\/5587","targetHints":{"allow":["GET"]}}],"collection":[{"href":"https:\/\/mybrazil.co.uk\/en\/wp-json\/wp\/v2\/product"}],"about":[{"href":"https:\/\/mybrazil.co.uk\/en\/wp-json\/wp\/v2\/types\/product"}],"replies":[{"embeddable":true,"href":"https:\/\/mybrazil.co.uk\/en\/wp-json\/wp\/v2\/comments?post=5587"}],"wp:featuredmedia":[{"embeddable":true,"href":"https:\/\/mybrazil.co.uk\/en\/wp-json\/wp\/v2\/media\/9293"}],"wp:attachment":[{"href":"https:\/\/mybrazil.co.uk\/en\/wp-json\/wp\/v2\/media?parent=5587"}],"wp:term":[{"taxonomy":"product_brand","embeddable":true,"href":"https:\/\/mybrazil.co.uk\/en\/wp-json\/wp\/v2\/product_brand?post=5587"},{"taxonomy":"product_cat","embeddable":true,"href":"https:\/\/mybrazil.co.uk\/en\/wp-json\/wp\/v2\/product_cat?post=5587"},{"taxonomy":"product_tag","embeddable":true,"href":"https:\/\/mybrazil.co.uk\/en\/wp-json\/wp\/v2\/product_tag?post=5587"}],"curies":[{"name":"wp","href":"https:\/\/api.w.org\/{rel}","templated":true}]}}