{"id":5583,"date":"2024-10-09T04:26:15","date_gmt":"2024-10-09T03:26:15","guid":{"rendered":"https:\/\/mybrazil.co.uk\/produto\/locao-hid-nativa-spa-ameixa-negra-400ml\/"},"modified":"2026-03-15T13:11:30","modified_gmt":"2026-03-15T13:11:30","slug":"locao-hid-nativa-spa-ameixa-negra-400ml","status":"publish","type":"product","link":"https:\/\/mybrazil.co.uk\/en\/shop\/locao-hid-nativa-spa-ameixa-negra-400ml\/","title":{"rendered":"Lo\u00e7\u00e3o Hidratante Ameixa Negra Nativa SPA 400ml"},"content":{"rendered":"<p>F\u00f3rmula de r\u00e1pida absor\u00e7\u00e3o que deixa a pele macia, suave e perfumada com notas floriental-amadeiradas. Essa lo\u00e7\u00e3o entrega <strong data-start=\"425\" data-end=\"460\">hidrata\u00e7\u00e3o profunda e duradoura<\/strong>, al\u00e9m de auxiliar na firmeza da pele por meio das gotas purificadas de quinoa, que estimulam a produ\u00e7\u00e3o de colag\u00e9nio e ajudam a prevenir a perda de elasticidade. Cont\u00e9m <strong data-start=\"630\" data-end=\"661\">microc\u00e1psulas de fragr\u00e2ncia<\/strong> que se liberam ao longo do dia, intensificando o aroma. \u00c9 vegana, testada dermatologicamente e acondicionada em embalagem feita com PET reciclado.<\/p>\n<p><strong data-start=\"1355\" data-end=\"1386\">Ingredientes \/ Ingredients:<\/strong><br data-start=\"1386\" data-end=\"1389\" \/>Aqua (Water); Glycerin; Helianthus Annuus Seed Oil (Sunflower Seed Oil); Isopropyl Palmitate; Cetearyl Alcohol; Glyceryl Stearate; Parfum (Fragrance); Tocopheryl Acetate; Panthenol; Polysorbate 60; Phenoxyethanol; Benzyl Alcohol; Acrylates\/C10-30 Alkyl Acrylate Crosspolymer; Triethanolamine; Disodium EDTA; Prunus Domestica Fruit Extract; Chenopodium Quinoa Seed Oil Ethyl Esters; CI 19140; CI 17200; Citric Acid; CI 42090; Sodium Sulfate; Sodium Chloride; Alpha-Isomethyl Ionone; Benzyl Salicylate; Cinnamyl Alcohol; Citronellol; Coumarin; Hexyl Cinnamal; Limonene; Linalool.<\/p>","protected":false},"excerpt":{"rendered":"<p>F\u00f3rmula de r\u00e1pida absor\u00e7\u00e3o que deixa a pele macia, suave e perfumada com notas floriental-amadeiradas. Essa lo\u00e7\u00e3o entrega hidrata\u00e7\u00e3o profunda e duradoura, al\u00e9m de auxiliar na firmeza da pele por meio das gotas purificadas de quinoa, que estimulam a produ\u00e7\u00e3o de colag\u00e9nio e ajudam a prevenir a perda de elasticidade. Cont\u00e9m microc\u00e1psulas de fragr\u00e2ncia que [&hellip;]<\/p>","protected":false},"featured_media":8876,"comment_status":"open","ping_status":"closed","template":"","meta":{"_acf_changed":false,"_glsr_average":0,"_glsr_ranking":0,"_glsr_reviews":0},"product_brand":[],"product_cat":[40],"product_tag":[],"class_list":{"0":"post-5583","1":"product","2":"type-product","3":"status-publish","4":"has-post-thumbnail","6":"product_cat-beauty","8":"first","9":"outofstock","10":"taxable","11":"shipping-taxable","12":"purchasable","13":"product-type-simple"},"acf":[],"_links":{"self":[{"href":"https:\/\/mybrazil.co.uk\/en\/wp-json\/wp\/v2\/product\/5583","targetHints":{"allow":["GET"]}}],"collection":[{"href":"https:\/\/mybrazil.co.uk\/en\/wp-json\/wp\/v2\/product"}],"about":[{"href":"https:\/\/mybrazil.co.uk\/en\/wp-json\/wp\/v2\/types\/product"}],"replies":[{"embeddable":true,"href":"https:\/\/mybrazil.co.uk\/en\/wp-json\/wp\/v2\/comments?post=5583"}],"wp:featuredmedia":[{"embeddable":true,"href":"https:\/\/mybrazil.co.uk\/en\/wp-json\/wp\/v2\/media\/8876"}],"wp:attachment":[{"href":"https:\/\/mybrazil.co.uk\/en\/wp-json\/wp\/v2\/media?parent=5583"}],"wp:term":[{"taxonomy":"product_brand","embeddable":true,"href":"https:\/\/mybrazil.co.uk\/en\/wp-json\/wp\/v2\/product_brand?post=5583"},{"taxonomy":"product_cat","embeddable":true,"href":"https:\/\/mybrazil.co.uk\/en\/wp-json\/wp\/v2\/product_cat?post=5583"},{"taxonomy":"product_tag","embeddable":true,"href":"https:\/\/mybrazil.co.uk\/en\/wp-json\/wp\/v2\/product_tag?post=5583"}],"curies":[{"name":"wp","href":"https:\/\/api.w.org\/{rel}","templated":true}]}}