{"id":5582,"date":"2024-10-09T04:26:14","date_gmt":"2024-10-09T03:26:14","guid":{"rendered":"https:\/\/mybrazil.co.uk\/produto\/cerveja-brahma-duplo-350ml\/"},"modified":"2026-04-02T17:11:28","modified_gmt":"2026-04-02T16:11:28","slug":"cerveja-brahma-duplo-350ml","status":"publish","type":"product","link":"https:\/\/mybrazil.co.uk\/en\/shop\/cerveja-brahma-duplo-350ml\/","title":{"rendered":"Cerveja Brahma duplo 350ml"},"content":{"rendered":"<p><strong data-start=\"156\" data-end=\"192\">Cerveja Brahma Duplo Malte 350ml<\/strong> \u00e9 uma cerveja lager brasileira que combina dois tipos de malte, proporcionando um sabor mais encorpado e equilibrado, com leve dul\u00e7or e amargor suave. Possui colora\u00e7\u00e3o dourada intensa, espuma cremosa e aroma marcante de malte. Ideal para ser consumida bem gelada, harmoniza perfeitamente com churrascos, carnes, petiscos e momentos de confraterniza\u00e7\u00e3o. A lata de 350 ml oferece praticidade para consumo individual.<\/p>","protected":false},"excerpt":{"rendered":"<p>Cerveja Brahma Duplo Malte 350ml \u00e9 uma cerveja lager brasileira que combina dois tipos de malte, proporcionando um sabor mais encorpado e equilibrado, com leve dul\u00e7or e amargor suave. Possui colora\u00e7\u00e3o dourada intensa, espuma cremosa e aroma marcante de malte. Ideal para ser consumida bem gelada, harmoniza perfeitamente com churrascos, carnes, petiscos e momentos de [&hellip;]<\/p>","protected":false},"featured_media":8752,"comment_status":"open","ping_status":"closed","template":"","meta":{"_acf_changed":false,"_glsr_average":0,"_glsr_ranking":0,"_glsr_reviews":0},"product_brand":[],"product_cat":[42,89],"product_tag":[],"class_list":{"0":"post-5582","1":"product","2":"type-product","3":"status-publish","4":"has-post-thumbnail","6":"product_cat-drink","7":"product_cat-beer-wine-alcoholic-spirits","9":"first","10":"instock","11":"taxable","12":"shipping-taxable","13":"purchasable","14":"product-type-simple"},"acf":[],"_links":{"self":[{"href":"https:\/\/mybrazil.co.uk\/en\/wp-json\/wp\/v2\/product\/5582","targetHints":{"allow":["GET"]}}],"collection":[{"href":"https:\/\/mybrazil.co.uk\/en\/wp-json\/wp\/v2\/product"}],"about":[{"href":"https:\/\/mybrazil.co.uk\/en\/wp-json\/wp\/v2\/types\/product"}],"replies":[{"embeddable":true,"href":"https:\/\/mybrazil.co.uk\/en\/wp-json\/wp\/v2\/comments?post=5582"}],"wp:featuredmedia":[{"embeddable":true,"href":"https:\/\/mybrazil.co.uk\/en\/wp-json\/wp\/v2\/media\/8752"}],"wp:attachment":[{"href":"https:\/\/mybrazil.co.uk\/en\/wp-json\/wp\/v2\/media?parent=5582"}],"wp:term":[{"taxonomy":"product_brand","embeddable":true,"href":"https:\/\/mybrazil.co.uk\/en\/wp-json\/wp\/v2\/product_brand?post=5582"},{"taxonomy":"product_cat","embeddable":true,"href":"https:\/\/mybrazil.co.uk\/en\/wp-json\/wp\/v2\/product_cat?post=5582"},{"taxonomy":"product_tag","embeddable":true,"href":"https:\/\/mybrazil.co.uk\/en\/wp-json\/wp\/v2\/product_tag?post=5582"}],"curies":[{"name":"wp","href":"https:\/\/api.w.org\/{rel}","templated":true}]}}