{"id":5572,"date":"2024-10-09T04:26:05","date_gmt":"2024-10-09T03:26:05","guid":{"rendered":"https:\/\/mybrazil.co.uk\/produto\/creme-hid-acet-lily-250g\/"},"modified":"2026-01-24T02:29:37","modified_gmt":"2026-01-24T02:29:37","slug":"creme-hid-acet-lily-250g","status":"publish","type":"product","link":"https:\/\/mybrazil.co.uk\/en\/shop\/creme-hid-acet-lily-250g\/","title":{"rendered":"Creme Acetinado Hidratante Corporal 250g Lily"},"content":{"rendered":"<p>Textura aveludada que proporciona toque sedoso e conforto \u00e0 pele. Formulado com <strong data-start=\"344\" data-end=\"366\">manteiga de karit\u00e9<\/strong> e <strong data-start=\"369\" data-end=\"383\">vitamina E<\/strong>, oferece hidrata\u00e7\u00e3o intensa por at\u00e9 <strong data-start=\"420\" data-end=\"432\">48 horas<\/strong>, ajudando a formar uma pel\u00edcula protetora que evita o ressecamento. Aromatizado com a fragr\u00e2ncia marcante e elegante de l\u00edrio, desliza suavemente e absorve rapidamente, ideal para uso di\u00e1rio ap\u00f3s o banho ou sempre que a pele pedir cuidado extra.<\/p>\n<p><strong data-start=\"1212\" data-end=\"1243\">Ingredientes \/ Ingredients:<\/strong><br data-start=\"1243\" data-end=\"1246\" \/>Aqua (Water); Glycerin; Caprylic\/Capric Triglyceride; Dimethicone; Glyceryl Stearate; Parfum (Fragrance); Cetyl Alcohol; Stearyl Alcohol; Aluminum Starch Octenylsuccinate; Dicaprylyl Ether; Butyrospermum Parkii (Shea) Butter; Polysorbate 60; Sorbitan Stearate; PEG-100 Stearate; PEG-120 Distearate; Phenoxyethanol; Benzyl Alcohol; Xanthan Gum; Stearic Acid; Tocopheryl Acetate; Tocopherol; Triethanolamine; Citric Acid; Alpha-Isomethyl Ionone; Benzyl Salicylate; Coumarin; Geraniol; Hexyl Cinnamal; Isoeugenol; Linalool<\/p>","protected":false},"excerpt":{"rendered":"<p>Textura aveludada que proporciona toque sedoso e conforto \u00e0 pele. Formulado com manteiga de karit\u00e9 e vitamina E, oferece hidrata\u00e7\u00e3o intensa por at\u00e9 48 horas, ajudando a formar uma pel\u00edcula protetora que evita o ressecamento. Aromatizado com a fragr\u00e2ncia marcante e elegante de l\u00edrio, desliza suavemente e absorve rapidamente, ideal para uso di\u00e1rio ap\u00f3s o [&hellip;]<\/p>","protected":false},"featured_media":8425,"comment_status":"open","ping_status":"closed","template":"","meta":{"_acf_changed":false,"_glsr_average":0,"_glsr_ranking":0,"_glsr_reviews":0},"product_brand":[],"product_cat":[40],"product_tag":[],"class_list":{"0":"post-5572","1":"product","2":"type-product","3":"status-publish","4":"has-post-thumbnail","6":"product_cat-beauty","8":"first","9":"outofstock","10":"taxable","11":"shipping-taxable","12":"purchasable","13":"product-type-simple"},"acf":[],"_links":{"self":[{"href":"https:\/\/mybrazil.co.uk\/en\/wp-json\/wp\/v2\/product\/5572","targetHints":{"allow":["GET"]}}],"collection":[{"href":"https:\/\/mybrazil.co.uk\/en\/wp-json\/wp\/v2\/product"}],"about":[{"href":"https:\/\/mybrazil.co.uk\/en\/wp-json\/wp\/v2\/types\/product"}],"replies":[{"embeddable":true,"href":"https:\/\/mybrazil.co.uk\/en\/wp-json\/wp\/v2\/comments?post=5572"}],"wp:featuredmedia":[{"embeddable":true,"href":"https:\/\/mybrazil.co.uk\/en\/wp-json\/wp\/v2\/media\/8425"}],"wp:attachment":[{"href":"https:\/\/mybrazil.co.uk\/en\/wp-json\/wp\/v2\/media?parent=5572"}],"wp:term":[{"taxonomy":"product_brand","embeddable":true,"href":"https:\/\/mybrazil.co.uk\/en\/wp-json\/wp\/v2\/product_brand?post=5572"},{"taxonomy":"product_cat","embeddable":true,"href":"https:\/\/mybrazil.co.uk\/en\/wp-json\/wp\/v2\/product_cat?post=5572"},{"taxonomy":"product_tag","embeddable":true,"href":"https:\/\/mybrazil.co.uk\/en\/wp-json\/wp\/v2\/product_tag?post=5572"}],"curies":[{"name":"wp","href":"https:\/\/api.w.org\/{rel}","templated":true}]}}