{"id":5570,"date":"2024-10-09T04:26:03","date_gmt":"2024-10-09T03:26:03","guid":{"rendered":"https:\/\/mybrazil.co.uk\/produto\/oleo-perf-corp-lily-150ml\/"},"modified":"2026-03-22T13:24:51","modified_gmt":"2026-03-22T13:24:51","slug":"oleo-perf-corp-lily-150ml","status":"publish","type":"product","link":"https:\/\/mybrazil.co.uk\/en\/shop\/oleo-perf-corp-lily-150ml\/","title":{"rendered":"Oleo perfumado corporal Lily 150ml"},"content":{"rendered":"<p>Proporciona um toque sedoso e aveludado sem deixar sensa\u00e7\u00e3o pegajosa. Devolve o aspecto saud\u00e1vel da pele, deixando-a macia e perfumada. F\u00e1cil de espalhar e de enxaguar, oferece hidrata\u00e7\u00e3o por at\u00e9 <strong data-start=\"534\" data-end=\"558\">70 horas sem enx\u00e1gue<\/strong> e mant\u00e9m perfume por at\u00e9 <strong data-start=\"584\" data-end=\"615\">48 horas mesmo ap\u00f3s o banho<\/strong>. Produzido atrav\u00e9s de processo <strong data-start=\"647\" data-end=\"663\">100 % a frio<\/strong>, exige menos energia e reduz impacto ambiental. Previne ressecamento da pele e sinais de envelhecimento precoce. Use durante o banho: aplique no corpo e enx\u00e1gue em seguida.<\/p>\n<p><strong data-start=\"1392\" data-end=\"1423\">Ingredientes \/ Ingredients:<\/strong><br data-start=\"1423\" data-end=\"1426\" \/>Helianthus Annuus Seed Oil (\u00f3leo de semente de girassol); Isopropyl Palmitate; Parfum (Fragrance); Tocopheryl Acetate; Benzyl Alcohol; Phenoxyethanol; Ethylhexyl Salicylate; TBHQ; Butyl Methoxydibenzoylmethane; Benzyl Salicylate; Coumarin; Geraniol; Hexyl Cinnamal; Linalool<\/p>","protected":false},"excerpt":{"rendered":"<p>Proporciona um toque sedoso e aveludado sem deixar sensa\u00e7\u00e3o pegajosa. Devolve o aspecto saud\u00e1vel da pele, deixando-a macia e perfumada. F\u00e1cil de espalhar e de enxaguar, oferece hidrata\u00e7\u00e3o por at\u00e9 70 horas sem enx\u00e1gue e mant\u00e9m perfume por at\u00e9 48 horas mesmo ap\u00f3s o banho. Produzido atrav\u00e9s de processo 100 % a frio, exige menos [&hellip;]<\/p>","protected":false},"featured_media":8419,"comment_status":"open","ping_status":"closed","template":"","meta":{"_acf_changed":false,"_glsr_average":0,"_glsr_ranking":0,"_glsr_reviews":0},"product_brand":[],"product_cat":[40],"product_tag":[],"class_list":{"0":"post-5570","1":"product","2":"type-product","3":"status-publish","4":"has-post-thumbnail","6":"product_cat-beauty","8":"first","9":"outofstock","10":"taxable","11":"shipping-taxable","12":"purchasable","13":"product-type-simple"},"acf":[],"_links":{"self":[{"href":"https:\/\/mybrazil.co.uk\/en\/wp-json\/wp\/v2\/product\/5570","targetHints":{"allow":["GET"]}}],"collection":[{"href":"https:\/\/mybrazil.co.uk\/en\/wp-json\/wp\/v2\/product"}],"about":[{"href":"https:\/\/mybrazil.co.uk\/en\/wp-json\/wp\/v2\/types\/product"}],"replies":[{"embeddable":true,"href":"https:\/\/mybrazil.co.uk\/en\/wp-json\/wp\/v2\/comments?post=5570"}],"wp:featuredmedia":[{"embeddable":true,"href":"https:\/\/mybrazil.co.uk\/en\/wp-json\/wp\/v2\/media\/8419"}],"wp:attachment":[{"href":"https:\/\/mybrazil.co.uk\/en\/wp-json\/wp\/v2\/media?parent=5570"}],"wp:term":[{"taxonomy":"product_brand","embeddable":true,"href":"https:\/\/mybrazil.co.uk\/en\/wp-json\/wp\/v2\/product_brand?post=5570"},{"taxonomy":"product_cat","embeddable":true,"href":"https:\/\/mybrazil.co.uk\/en\/wp-json\/wp\/v2\/product_cat?post=5570"},{"taxonomy":"product_tag","embeddable":true,"href":"https:\/\/mybrazil.co.uk\/en\/wp-json\/wp\/v2\/product_tag?post=5570"}],"curies":[{"name":"wp","href":"https:\/\/api.w.org\/{rel}","templated":true}]}}