{"id":5561,"date":"2024-10-09T04:25:56","date_gmt":"2024-10-09T03:25:56","guid":{"rendered":"https:\/\/mybrazil.co.uk\/produto\/nativa-spa-sob-liq-ameixa-200ml\/"},"modified":"2026-01-24T02:24:23","modified_gmt":"2026-01-24T02:24:23","slug":"nativa-spa-sob-liq-ameixa-200ml","status":"publish","type":"product","link":"https:\/\/mybrazil.co.uk\/en\/shop\/nativa-spa-sob-liq-ameixa-200ml\/","title":{"rendered":"Sabonete Liquido Ameixa 250 ml NativaSPA"},"content":{"rendered":"<p>ma f\u00f3rmula vegana com ~98% de ingredientes naturais, que limpa suavemente, perfuma e hidrata a pele sem ressecar. Cont\u00e9m \u00f3leo de quinoa e extrato de ameixa antioxidante, ideal para uso di\u00e1rio e para todos os tipos de pele. A fragr\u00e2ncia floriental ambarada da Ameixa traz presen\u00e7a marcante e sensa\u00e7\u00e3o envolvente.<\/p>\n<p>Ingredientes \/ Ingredients:<br data-start=\"1091\" data-end=\"1094\" \/>AQUA (WATER); SODIUM LAURETH SULFATE; LAURYL GLUCOSIDE; COCAMIDOPROPYL BETAINE; SODIUM CHLORIDE; PARFUM (FRAGRANCE); GLYCERIN; PHENOXYETHANOL; POLYSORBATE 20; SODIUM HYDROXIDE; HYDROXYPROPYL GUAR HYDROXYPROPYLTRIMONIUM CHLORIDE; DISODIUM EDTA; PROPYLENE GLYCOL; CITRIC ACID; CHAMOMILLA RECUTITA FLOWER EXTRACT; CHENOPODIUM QUINOA SEED OIL ETHYL ESTERS; CI 14700 (RED 4); PRUNUS DOMESTICA FRUIT EXTRACT; PEG-120 METHYL GLUCOSE DIOLEATE; CI 17200 (RED 33); MALTODEXTRIN; ALOE BARBADENSIS LEAF EXTRACT; POTASSIUM SORBATE; CI 42090 (BLUE 1); SODIUM BENZOATE; SODIUM SULFATE; TETRASODIUM EDTA; TOCOPHEROL; ALPHA-ISOMETHYL IONONE; BENZYL SALICYLATE; COUMARIN; HEXYL CINNAMAL; LIMONENE; LINALOOL; BENZYL ALCOHOL.<\/p>","protected":false},"excerpt":{"rendered":"<p>ma f\u00f3rmula vegana com ~98% de ingredientes naturais, que limpa suavemente, perfuma e hidrata a pele sem ressecar. Cont\u00e9m \u00f3leo de quinoa e extrato de ameixa antioxidante, ideal para uso di\u00e1rio e para todos os tipos de pele. A fragr\u00e2ncia floriental ambarada da Ameixa traz presen\u00e7a marcante e sensa\u00e7\u00e3o envolvente. Ingredientes \/ Ingredients:AQUA (WATER); SODIUM [&hellip;]<\/p>","protected":false},"featured_media":9252,"comment_status":"open","ping_status":"closed","template":"","meta":{"_acf_changed":false,"_glsr_average":0,"_glsr_ranking":0,"_glsr_reviews":0},"product_brand":[],"product_cat":[40],"product_tag":[],"class_list":{"0":"post-5561","1":"product","2":"type-product","3":"status-publish","4":"has-post-thumbnail","6":"product_cat-beauty","8":"first","9":"instock","10":"taxable","11":"shipping-taxable","12":"purchasable","13":"product-type-simple"},"acf":[],"_links":{"self":[{"href":"https:\/\/mybrazil.co.uk\/en\/wp-json\/wp\/v2\/product\/5561","targetHints":{"allow":["GET"]}}],"collection":[{"href":"https:\/\/mybrazil.co.uk\/en\/wp-json\/wp\/v2\/product"}],"about":[{"href":"https:\/\/mybrazil.co.uk\/en\/wp-json\/wp\/v2\/types\/product"}],"replies":[{"embeddable":true,"href":"https:\/\/mybrazil.co.uk\/en\/wp-json\/wp\/v2\/comments?post=5561"}],"wp:featuredmedia":[{"embeddable":true,"href":"https:\/\/mybrazil.co.uk\/en\/wp-json\/wp\/v2\/media\/9252"}],"wp:attachment":[{"href":"https:\/\/mybrazil.co.uk\/en\/wp-json\/wp\/v2\/media?parent=5561"}],"wp:term":[{"taxonomy":"product_brand","embeddable":true,"href":"https:\/\/mybrazil.co.uk\/en\/wp-json\/wp\/v2\/product_brand?post=5561"},{"taxonomy":"product_cat","embeddable":true,"href":"https:\/\/mybrazil.co.uk\/en\/wp-json\/wp\/v2\/product_cat?post=5561"},{"taxonomy":"product_tag","embeddable":true,"href":"https:\/\/mybrazil.co.uk\/en\/wp-json\/wp\/v2\/product_tag?post=5561"}],"curies":[{"name":"wp","href":"https:\/\/api.w.org\/{rel}","templated":true}]}}