{"id":5546,"date":"2024-10-09T04:25:38","date_gmt":"2024-10-09T03:25:38","guid":{"rendered":"https:\/\/mybrazil.co.uk\/produto\/moela-gizzard-uk\/"},"modified":"2026-04-17T16:44:21","modified_gmt":"2026-04-17T15:44:21","slug":"moela-gizzard-uk","status":"publish","type":"product","link":"https:\/\/mybrazil.co.uk\/en\/shop\/moela-gizzard-uk\/","title":{"rendered":"Moela (450G-550G)"},"content":{"rendered":"<p data-start=\"525\" data-end=\"954\">Moela de frango fresca ou \u00e0 v\u00e1cuo \u2014 corte completo da moela, cuidadosamente limpa e pronta para cozinhar. Excelente para preparar guisados, ensopados, refogados ou grelhados, oferecendo textura carnuda e sabor intenso. Rico em prote\u00edna, baixo em gordura e ideal para refei\u00e7\u00f5es nutritivas e saborosas. D\u00ea vida a pratos tradicionais portugueses ou brasileiros, ou adicione um toque ex\u00f3tico ao seu menu.<\/p>","protected":false},"excerpt":{"rendered":"<p>Moela de frango fresca ou \u00e0 v\u00e1cuo \u2014 corte completo da moela, cuidadosamente limpa e pronta para cozinhar. Excelente para preparar guisados, ensopados, refogados ou grelhados, oferecendo textura carnuda e sabor intenso. Rico em prote\u00edna, baixo em gordura e ideal para refei\u00e7\u00f5es nutritivas e saborosas. D\u00ea vida a pratos tradicionais portugueses ou brasileiros, ou adicione [&hellip;]<\/p>","protected":false},"featured_media":7431,"comment_status":"open","ping_status":"closed","template":"","meta":{"_acf_changed":false,"_glsr_average":0,"_glsr_ranking":0,"_glsr_reviews":0},"product_brand":[],"product_cat":[96,44],"product_tag":[],"class_list":{"0":"post-5546","1":"product","2":"type-product","3":"status-publish","4":"has-post-thumbnail","6":"product_cat-bovinos","7":"product_cat-meat","9":"first","10":"instock","11":"taxable","12":"shipping-taxable","13":"purchasable","14":"product-type-simple"},"acf":[],"_links":{"self":[{"href":"https:\/\/mybrazil.co.uk\/en\/wp-json\/wp\/v2\/product\/5546","targetHints":{"allow":["GET"]}}],"collection":[{"href":"https:\/\/mybrazil.co.uk\/en\/wp-json\/wp\/v2\/product"}],"about":[{"href":"https:\/\/mybrazil.co.uk\/en\/wp-json\/wp\/v2\/types\/product"}],"replies":[{"embeddable":true,"href":"https:\/\/mybrazil.co.uk\/en\/wp-json\/wp\/v2\/comments?post=5546"}],"wp:featuredmedia":[{"embeddable":true,"href":"https:\/\/mybrazil.co.uk\/en\/wp-json\/wp\/v2\/media\/7431"}],"wp:attachment":[{"href":"https:\/\/mybrazil.co.uk\/en\/wp-json\/wp\/v2\/media?parent=5546"}],"wp:term":[{"taxonomy":"product_brand","embeddable":true,"href":"https:\/\/mybrazil.co.uk\/en\/wp-json\/wp\/v2\/product_brand?post=5546"},{"taxonomy":"product_cat","embeddable":true,"href":"https:\/\/mybrazil.co.uk\/en\/wp-json\/wp\/v2\/product_cat?post=5546"},{"taxonomy":"product_tag","embeddable":true,"href":"https:\/\/mybrazil.co.uk\/en\/wp-json\/wp\/v2\/product_tag?post=5546"}],"curies":[{"name":"wp","href":"https:\/\/api.w.org\/{rel}","templated":true}]}}