{"id":5540,"date":"2024-10-09T04:25:31","date_gmt":"2024-10-09T03:25:31","guid":{"rendered":"https:\/\/mybrazil.co.uk\/produto\/espetinho-de-madeirasticks-bbq\/"},"modified":"2026-04-19T13:23:13","modified_gmt":"2026-04-19T12:23:13","slug":"espetinho-de-madeirasticks-bbq","status":"publish","type":"product","link":"https:\/\/mybrazil.co.uk\/en\/shop\/espetinho-de-madeirasticks-bbq\/","title":{"rendered":"Espetinhos de Madeira\/Bambu 25 cm (50 un) &#8211; Oskar"},"content":{"rendered":"<p><strong data-start=\"722\" data-end=\"767\">Espetinhos de Madeira\/Bambu 25 cm (50 un)<\/strong> s\u00e3o palitos de bambu naturais ideais para cozinhar no churrasco, grelha ou forno. Antes do uso recomenda-se <strong data-start=\"876\" data-end=\"908\">molhar os espetinhos em \u00e1gua<\/strong> para evitar que queimem durante o cozimento. Servem para espetar peda\u00e7os de carne, legumes, frutos e aperitivos, al\u00e9m de serem vers\u00e1teis para usos artesanais e apresenta\u00e7\u00e3o de finger foods.<\/p>","protected":false},"excerpt":{"rendered":"<p>Espetinhos de Madeira\/Bambu 25 cm (50 un) s\u00e3o palitos de bambu naturais ideais para cozinhar no churrasco, grelha ou forno. Antes do uso recomenda-se molhar os espetinhos em \u00e1gua para evitar que queimem durante o cozimento. Servem para espetar peda\u00e7os de carne, legumes, frutos e aperitivos, al\u00e9m de serem vers\u00e1teis para usos artesanais e apresenta\u00e7\u00e3o [&hellip;]<\/p>","protected":false},"featured_media":10131,"comment_status":"open","ping_status":"closed","template":"","meta":{"_acf_changed":false,"_glsr_average":0,"_glsr_ranking":0,"_glsr_reviews":0},"product_brand":[],"product_cat":[103,43],"product_tag":[],"class_list":{"0":"post-5540","1":"product","2":"type-product","3":"status-publish","4":"has-post-thumbnail","6":"product_cat-churrasco","7":"product_cat-grocery","9":"first","10":"instock","11":"taxable","12":"shipping-taxable","13":"purchasable","14":"product-type-simple"},"acf":[],"_links":{"self":[{"href":"https:\/\/mybrazil.co.uk\/en\/wp-json\/wp\/v2\/product\/5540","targetHints":{"allow":["GET"]}}],"collection":[{"href":"https:\/\/mybrazil.co.uk\/en\/wp-json\/wp\/v2\/product"}],"about":[{"href":"https:\/\/mybrazil.co.uk\/en\/wp-json\/wp\/v2\/types\/product"}],"replies":[{"embeddable":true,"href":"https:\/\/mybrazil.co.uk\/en\/wp-json\/wp\/v2\/comments?post=5540"}],"wp:featuredmedia":[{"embeddable":true,"href":"https:\/\/mybrazil.co.uk\/en\/wp-json\/wp\/v2\/media\/10131"}],"wp:attachment":[{"href":"https:\/\/mybrazil.co.uk\/en\/wp-json\/wp\/v2\/media?parent=5540"}],"wp:term":[{"taxonomy":"product_brand","embeddable":true,"href":"https:\/\/mybrazil.co.uk\/en\/wp-json\/wp\/v2\/product_brand?post=5540"},{"taxonomy":"product_cat","embeddable":true,"href":"https:\/\/mybrazil.co.uk\/en\/wp-json\/wp\/v2\/product_cat?post=5540"},{"taxonomy":"product_tag","embeddable":true,"href":"https:\/\/mybrazil.co.uk\/en\/wp-json\/wp\/v2\/product_tag?post=5540"}],"curies":[{"name":"wp","href":"https:\/\/api.w.org\/{rel}","templated":true}]}}