{"id":5536,"date":"2024-10-09T04:25:27","date_gmt":"2024-10-09T03:25:27","guid":{"rendered":"https:\/\/mybrazil.co.uk\/produto\/filet-mignon-uk\/"},"modified":"2026-04-10T18:17:28","modified_gmt":"2026-04-10T17:17:28","slug":"filet-mignon-uk","status":"publish","type":"product","link":"https:\/\/mybrazil.co.uk\/en\/shop\/filet-mignon-uk\/","title":{"rendered":"Filet Mignon Brasileiro"},"content":{"rendered":"<p data-start=\"252\" data-end=\"549\"><strong data-start=\"252\" data-end=\"287\">Fil\u00e9 Mignon Brasileiro Mata Boi<\/strong> \u2014 corte nobre bovino extra\u00eddo da parte traseira do animal (lombo), reconhecido pela extrema maciez, baixo teor de gordura e sabor suave. Ideal para prepara\u00e7\u00f5es sofisticadas, como medalh\u00f5es, bifes altos, grelhados r\u00e1pidos ou receitas cl\u00e1ssicas como strogonoff.<\/p>\n<p data-start=\"551\" data-end=\"755\">A carne brasileira da marca <span class=\"hover:entity-accent entity-underline inline cursor-pointer align-baseline\"><span class=\"whitespace-normal\">Frigor\u00edfico Mata Boi<\/span><\/span> \u00e9 conhecida pelo controle de qualidade e padr\u00e3o de corte, oferecendo uma experi\u00eancia premium tanto para uso dom\u00e9stico quanto profissional.<\/p>\n<h3 data-section-id=\"aymzkr\" data-start=\"2082\" data-end=\"2110\">Sugest\u00e3o de Preparo<\/h3>\n<ul data-start=\"2111\" data-end=\"2292\">\n<li data-section-id=\"j2d46w\" data-start=\"2111\" data-end=\"2163\">\n<p data-start=\"2113\" data-end=\"2163\">Selar em fogo alto por 2\u20133 minutos de cada lado.<\/p>\n<\/li>\n<li data-section-id=\"12u0of4\" data-start=\"2164\" data-end=\"2235\">\n<p data-start=\"2166\" data-end=\"2235\">Finalizar ao ponto desejado (mal passado, ao ponto ou bem passado).<\/p>\n<\/li>\n<li data-section-id=\"141dnbf\" data-start=\"2236\" data-end=\"2292\">\n<p data-start=\"2238\" data-end=\"2292\">Descansar antes de servir para preservar a sucul\u00eancia.<\/p>\n<\/li>\n<\/ul>","protected":false},"excerpt":{"rendered":"<p>Fil\u00e9 Mignon Brasileiro Mata Boi \u2014 corte nobre bovino extra\u00eddo da parte traseira do animal (lombo), reconhecido pela extrema maciez, baixo teor de gordura e sabor suave. Ideal para prepara\u00e7\u00f5es sofisticadas, como medalh\u00f5es, bifes altos, grelhados r\u00e1pidos ou receitas cl\u00e1ssicas como strogonoff. A carne brasileira da marca Frigor\u00edfico Mata Boi \u00e9 conhecida pelo controle de [&hellip;]<\/p>","protected":false},"featured_media":10461,"comment_status":"open","ping_status":"closed","template":"","meta":{"_acf_changed":false,"_glsr_average":0,"_glsr_ranking":0,"_glsr_reviews":0},"product_brand":[],"product_cat":[96,44,33],"product_tag":[],"class_list":{"0":"post-5536","1":"product","2":"type-product","3":"status-publish","4":"has-post-thumbnail","6":"product_cat-bovinos","7":"product_cat-meat","8":"product_cat-ofertas_home","10":"first","11":"instock","12":"sale","13":"taxable","14":"shipping-taxable","15":"purchasable","16":"product-type-simple"},"acf":[],"_links":{"self":[{"href":"https:\/\/mybrazil.co.uk\/en\/wp-json\/wp\/v2\/product\/5536","targetHints":{"allow":["GET"]}}],"collection":[{"href":"https:\/\/mybrazil.co.uk\/en\/wp-json\/wp\/v2\/product"}],"about":[{"href":"https:\/\/mybrazil.co.uk\/en\/wp-json\/wp\/v2\/types\/product"}],"replies":[{"embeddable":true,"href":"https:\/\/mybrazil.co.uk\/en\/wp-json\/wp\/v2\/comments?post=5536"}],"wp:featuredmedia":[{"embeddable":true,"href":"https:\/\/mybrazil.co.uk\/en\/wp-json\/wp\/v2\/media\/10461"}],"wp:attachment":[{"href":"https:\/\/mybrazil.co.uk\/en\/wp-json\/wp\/v2\/media?parent=5536"}],"wp:term":[{"taxonomy":"product_brand","embeddable":true,"href":"https:\/\/mybrazil.co.uk\/en\/wp-json\/wp\/v2\/product_brand?post=5536"},{"taxonomy":"product_cat","embeddable":true,"href":"https:\/\/mybrazil.co.uk\/en\/wp-json\/wp\/v2\/product_cat?post=5536"},{"taxonomy":"product_tag","embeddable":true,"href":"https:\/\/mybrazil.co.uk\/en\/wp-json\/wp\/v2\/product_tag?post=5536"}],"curies":[{"name":"wp","href":"https:\/\/api.w.org\/{rel}","templated":true}]}}