{"id":5517,"date":"2024-10-09T04:25:06","date_gmt":"2024-10-09T03:25:06","guid":{"rendered":"https:\/\/mybrazil.co.uk\/produto\/pequi-fatiado-pickle-sliced-pequi-300g\/"},"modified":"2026-03-26T15:09:27","modified_gmt":"2026-03-26T15:09:27","slug":"pequi-fatiado-pickle-sliced-pequi-300g","status":"publish","type":"product","link":"https:\/\/mybrazil.co.uk\/en\/shop\/pequi-fatiado-pickle-sliced-pequi-300g\/","title":{"rendered":"Pequi Fatiado  300g"},"content":{"rendered":"<p>Pequi Fatiado Aroma D\u2019Minas \u00e9 uma conserva de pequi cortado em fatias, ideal para quem ama explorar sabores brasileiros aut\u00eanticos. Feito a partir de <strong data-start=\"323\" data-end=\"341\">fruto de pequi<\/strong>, vinagre e sal, com conservante para garantir durabilidade. Produto sem gl\u00faten. Perfeito para ser usado em <strong data-start=\"449\" data-end=\"478\">arroz, molhos, guarni\u00e7\u00f5es<\/strong>, saladas ou para dar um toque especial a pratos t\u00edpicos de Minas Gerais e do Cerrado. Sabor marcante, aroma intenso, textura macia \u2014 transforma receitas em experi\u00eancias.<\/p>\n<h3 data-start=\"1150\" data-end=\"1182\">Ingredientes<\/h3>\n<p data-start=\"1183\" data-end=\"1270\">Pequi, vinagre, sal, conservante.<br data-start=\"1216\" data-end=\"1219\" \/>(Gluten free)<\/p>\n<div class=\"_tableContainer_1rjym_1\"><\/div>","protected":false},"excerpt":{"rendered":"<p>Pequi Fatiado Aroma D\u2019Minas \u00e9 uma conserva de pequi cortado em fatias, ideal para quem ama explorar sabores brasileiros aut\u00eanticos. Feito a partir de fruto de pequi, vinagre e sal, com conservante para garantir durabilidade. Produto sem gl\u00faten. Perfeito para ser usado em arroz, molhos, guarni\u00e7\u00f5es, saladas ou para dar um toque especial a pratos [&hellip;]<\/p>","protected":false},"featured_media":9204,"comment_status":"open","ping_status":"closed","template":"","meta":{"_acf_changed":false,"_glsr_average":0,"_glsr_ranking":0,"_glsr_reviews":0},"product_brand":[],"product_cat":[86,109,43],"product_tag":[],"class_list":{"0":"post-5517","1":"product","2":"type-product","3":"status-publish","4":"has-post-thumbnail","6":"product_cat-condiment-2","7":"product_cat-conservas","8":"product_cat-grocery","10":"first","11":"instock","12":"taxable","13":"shipping-taxable","14":"purchasable","15":"product-type-simple"},"acf":[],"_links":{"self":[{"href":"https:\/\/mybrazil.co.uk\/en\/wp-json\/wp\/v2\/product\/5517","targetHints":{"allow":["GET"]}}],"collection":[{"href":"https:\/\/mybrazil.co.uk\/en\/wp-json\/wp\/v2\/product"}],"about":[{"href":"https:\/\/mybrazil.co.uk\/en\/wp-json\/wp\/v2\/types\/product"}],"replies":[{"embeddable":true,"href":"https:\/\/mybrazil.co.uk\/en\/wp-json\/wp\/v2\/comments?post=5517"}],"wp:featuredmedia":[{"embeddable":true,"href":"https:\/\/mybrazil.co.uk\/en\/wp-json\/wp\/v2\/media\/9204"}],"wp:attachment":[{"href":"https:\/\/mybrazil.co.uk\/en\/wp-json\/wp\/v2\/media?parent=5517"}],"wp:term":[{"taxonomy":"product_brand","embeddable":true,"href":"https:\/\/mybrazil.co.uk\/en\/wp-json\/wp\/v2\/product_brand?post=5517"},{"taxonomy":"product_cat","embeddable":true,"href":"https:\/\/mybrazil.co.uk\/en\/wp-json\/wp\/v2\/product_cat?post=5517"},{"taxonomy":"product_tag","embeddable":true,"href":"https:\/\/mybrazil.co.uk\/en\/wp-json\/wp\/v2\/product_tag?post=5517"}],"curies":[{"name":"wp","href":"https:\/\/api.w.org\/{rel}","templated":true}]}}