{"id":5510,"date":"2024-10-09T04:24:56","date_gmt":"2024-10-09T03:24:56","guid":{"rendered":"https:\/\/mybrazil.co.uk\/produto\/vinho-capataz-wine-5lt\/"},"modified":"2026-04-19T14:52:11","modified_gmt":"2026-04-19T13:52:11","slug":"vinho-capataz-wine-5lt","status":"publish","type":"product","link":"https:\/\/mybrazil.co.uk\/en\/shop\/vinho-capataz-wine-5lt\/","title":{"rendered":"Vinho Casal Garcia Rose 750ml"},"content":{"rendered":"<p><strong data-start=\"276\" data-end=\"310\">Vinho Ros\u00e9 Casal Garcia 750 ml<\/strong> \u00e9 um vinho ros\u00e9 leve e refrescante da regi\u00e3o <strong data-start=\"356\" data-end=\"371\">Vinho Verde<\/strong> em <strong data-start=\"375\" data-end=\"387\">Portugal<\/strong>, produzido pela vin\u00edcola tradicional <strong data-start=\"425\" data-end=\"441\">Aveleda S.A.<\/strong>. Com colora\u00e7\u00e3o rosada brilhante e aroma frutado, este vinho combina notas de morango, framboesa e outras frutas vermelhas, resultando num paladar equilibrado, fresco e agrad\u00e1vel. Ideal para acompanhar aperitivos, saladas, frutos do mar e refei\u00e7\u00f5es leves, \u00e9 perfeito para momentos descontra\u00eddos ou celebra\u00e7\u00f5es com amigos e fam\u00edlia.<\/p>","protected":false},"excerpt":{"rendered":"<p>Vinho Ros\u00e9 Casal Garcia 750 ml \u00e9 um vinho ros\u00e9 leve e refrescante da regi\u00e3o Vinho Verde em Portugal, produzido pela vin\u00edcola tradicional Aveleda S.A.. Com colora\u00e7\u00e3o rosada brilhante e aroma frutado, este vinho combina notas de morango, framboesa e outras frutas vermelhas, resultando num paladar equilibrado, fresco e agrad\u00e1vel. Ideal para acompanhar aperitivos, saladas, [&hellip;]<\/p>","protected":false},"featured_media":10083,"comment_status":"open","ping_status":"closed","template":"","meta":{"_acf_changed":false,"_glsr_average":0,"_glsr_ranking":0,"_glsr_reviews":0},"product_brand":[],"product_cat":[42,89],"product_tag":[],"class_list":{"0":"post-5510","1":"product","2":"type-product","3":"status-publish","4":"has-post-thumbnail","6":"product_cat-drink","7":"product_cat-beer-wine-alcoholic-spirits","9":"first","10":"instock","11":"taxable","12":"shipping-taxable","13":"purchasable","14":"product-type-simple"},"acf":[],"_links":{"self":[{"href":"https:\/\/mybrazil.co.uk\/en\/wp-json\/wp\/v2\/product\/5510","targetHints":{"allow":["GET"]}}],"collection":[{"href":"https:\/\/mybrazil.co.uk\/en\/wp-json\/wp\/v2\/product"}],"about":[{"href":"https:\/\/mybrazil.co.uk\/en\/wp-json\/wp\/v2\/types\/product"}],"replies":[{"embeddable":true,"href":"https:\/\/mybrazil.co.uk\/en\/wp-json\/wp\/v2\/comments?post=5510"}],"wp:featuredmedia":[{"embeddable":true,"href":"https:\/\/mybrazil.co.uk\/en\/wp-json\/wp\/v2\/media\/10083"}],"wp:attachment":[{"href":"https:\/\/mybrazil.co.uk\/en\/wp-json\/wp\/v2\/media?parent=5510"}],"wp:term":[{"taxonomy":"product_brand","embeddable":true,"href":"https:\/\/mybrazil.co.uk\/en\/wp-json\/wp\/v2\/product_brand?post=5510"},{"taxonomy":"product_cat","embeddable":true,"href":"https:\/\/mybrazil.co.uk\/en\/wp-json\/wp\/v2\/product_cat?post=5510"},{"taxonomy":"product_tag","embeddable":true,"href":"https:\/\/mybrazil.co.uk\/en\/wp-json\/wp\/v2\/product_tag?post=5510"}],"curies":[{"name":"wp","href":"https:\/\/api.w.org\/{rel}","templated":true}]}}