{"id":5504,"date":"2024-10-09T04:24:50","date_gmt":"2024-10-09T03:24:50","guid":{"rendered":"https:\/\/mybrazil.co.uk\/produto\/cerveja-bohemia-pure-malt-beer\/"},"modified":"2026-04-13T15:40:43","modified_gmt":"2026-04-13T14:40:43","slug":"cerveja-bohemia-pure-malt-beer","status":"publish","type":"product","link":"https:\/\/mybrazil.co.uk\/en\/shop\/cerveja-bohemia-pure-malt-beer\/","title":{"rendered":"Cerveja Bohemia Puro Malte 350ml"},"content":{"rendered":"<p>Descubra a sofistica\u00e7\u00e3o da Bohemia Puro Malte 350 ml: uma cerveja clara, leve e extremamente refrescante, produzida com malte 100 % importado e l\u00fapulo Saaz da Rep\u00fablica Tcheca. <br data-start=\"473\" data-end=\"476\" \/>Ideal para momentos de celebra\u00e7\u00e3o ou para harmonizar com pratos leves \u2014 peixe, frutos do mar, aves ou saladas \u2014 oferece aroma levemente frutado, notas suaves de malte e l\u00fapulo, acabamento seco e convidativo. <br data-start=\"721\" data-end=\"724\" \/>Com teor alco\u00f3lico em torno de 5 %, \u00e9 uma excelente op\u00e7\u00e3o para quem busca qualidade e sabor sem excesso.<\/p>","protected":false},"excerpt":{"rendered":"<p>Descubra a sofistica\u00e7\u00e3o da Bohemia Puro Malte 350 ml: uma cerveja clara, leve e extremamente refrescante, produzida com malte 100 % importado e l\u00fapulo Saaz da Rep\u00fablica Tcheca. Ideal para momentos de celebra\u00e7\u00e3o ou para harmonizar com pratos leves \u2014 peixe, frutos do mar, aves ou saladas \u2014 oferece aroma levemente frutado, notas suaves de [&hellip;]<\/p>","protected":false},"featured_media":9440,"comment_status":"open","ping_status":"closed","template":"","meta":{"_acf_changed":false,"_glsr_average":0,"_glsr_ranking":0,"_glsr_reviews":0},"product_brand":[],"product_cat":[42,89],"product_tag":[],"class_list":{"0":"post-5504","1":"product","2":"type-product","3":"status-publish","4":"has-post-thumbnail","6":"product_cat-drink","7":"product_cat-beer-wine-alcoholic-spirits","9":"first","10":"instock","11":"taxable","12":"shipping-taxable","13":"purchasable","14":"product-type-simple"},"acf":[],"_links":{"self":[{"href":"https:\/\/mybrazil.co.uk\/en\/wp-json\/wp\/v2\/product\/5504","targetHints":{"allow":["GET"]}}],"collection":[{"href":"https:\/\/mybrazil.co.uk\/en\/wp-json\/wp\/v2\/product"}],"about":[{"href":"https:\/\/mybrazil.co.uk\/en\/wp-json\/wp\/v2\/types\/product"}],"replies":[{"embeddable":true,"href":"https:\/\/mybrazil.co.uk\/en\/wp-json\/wp\/v2\/comments?post=5504"}],"wp:featuredmedia":[{"embeddable":true,"href":"https:\/\/mybrazil.co.uk\/en\/wp-json\/wp\/v2\/media\/9440"}],"wp:attachment":[{"href":"https:\/\/mybrazil.co.uk\/en\/wp-json\/wp\/v2\/media?parent=5504"}],"wp:term":[{"taxonomy":"product_brand","embeddable":true,"href":"https:\/\/mybrazil.co.uk\/en\/wp-json\/wp\/v2\/product_brand?post=5504"},{"taxonomy":"product_cat","embeddable":true,"href":"https:\/\/mybrazil.co.uk\/en\/wp-json\/wp\/v2\/product_cat?post=5504"},{"taxonomy":"product_tag","embeddable":true,"href":"https:\/\/mybrazil.co.uk\/en\/wp-json\/wp\/v2\/product_tag?post=5504"}],"curies":[{"name":"wp","href":"https:\/\/api.w.org\/{rel}","templated":true}]}}